{"id":30453,"date":"2025-05-10T04:56:23","date_gmt":"2025-05-10T04:56:23","guid":{"rendered":"https:\/\/darkturquoise-squirrel-824428.hostingersite.com\/product\/cosrx-bha-blackhead-power-liquid-tonique-exfoliant\/"},"modified":"2026-04-11T02:52:23","modified_gmt":"2026-04-11T02:52:23","slug":"cosrx-bha-blackhead-power-liquid-tonique-exfoliant","status":"publish","type":"product","link":"https:\/\/gangnambeaute.com\/fr\/product\/cosrx-bha-blackhead-power-liquid-tonique-exfoliant\/","title":{"rendered":"COSRX &#8211; BHA Blackhead Power Liquid &#8211; Tonique exfoliant &#8211; 50 ml"},"content":{"rendered":"<p><strong>Ce liquide sert \u00e0\u00a0\u00e9liminer les points noirs et \u00e0 d\u00e9sincruster les pores en profondeur gr\u00e2ce au BHA (salicylate de b\u00e9ta\u00efne).<\/strong><\/p>\n","protected":false},"excerpt":{"rendered":"<p><strong>Appliquez le produit sur votre\u00a0visage propre \u00e0 l&rsquo;aide d&rsquo;un coton ou avec les mains, en insistant sur les zones \u00e0 imperfections.<\/strong><\/p>\n","protected":false},"featured_media":43605,"comment_status":"open","ping_status":"closed","template":"","meta":[],"product_brand":[1048],"product_cat":[344,347,363],"product_tag":[],"class_list":{"0":"post-30453","1":"product","2":"type-product","3":"status-publish","4":"has-post-thumbnail","6":"product_brand-cosrx-populare","7":"product_cat-skincare","8":"product_cat-toniques","9":"product_cat-toniques-exfoliants","11":"first","12":"outofstock","13":"sale","14":"shipping-taxable","15":"purchasable","16":"product-type-simple"},"_links":{"self":[{"href":"https:\/\/gangnambeaute.com\/fr\/wp-json\/wp\/v2\/product\/30453","targetHints":{"allow":["GET"]}}],"collection":[{"href":"https:\/\/gangnambeaute.com\/fr\/wp-json\/wp\/v2\/product"}],"about":[{"href":"https:\/\/gangnambeaute.com\/fr\/wp-json\/wp\/v2\/types\/product"}],"replies":[{"embeddable":true,"href":"https:\/\/gangnambeaute.com\/fr\/wp-json\/wp\/v2\/comments?post=30453"}],"version-history":[{"count":7,"href":"https:\/\/gangnambeaute.com\/fr\/wp-json\/wp\/v2\/product\/30453\/revisions"}],"predecessor-version":[{"id":43604,"href":"https:\/\/gangnambeaute.com\/fr\/wp-json\/wp\/v2\/product\/30453\/revisions\/43604"}],"wp:featuredmedia":[{"embeddable":true,"href":"https:\/\/gangnambeaute.com\/fr\/wp-json\/wp\/v2\/media\/43605"}],"wp:attachment":[{"href":"https:\/\/gangnambeaute.com\/fr\/wp-json\/wp\/v2\/media?parent=30453"}],"wp:term":[{"taxonomy":"product_brand","embeddable":true,"href":"https:\/\/gangnambeaute.com\/fr\/wp-json\/wp\/v2\/product_brand?post=30453"},{"taxonomy":"product_cat","embeddable":true,"href":"https:\/\/gangnambeaute.com\/fr\/wp-json\/wp\/v2\/product_cat?post=30453"},{"taxonomy":"product_tag","embeddable":true,"href":"https:\/\/gangnambeaute.com\/fr\/wp-json\/wp\/v2\/product_tag?post=30453"}],"curies":[{"name":"wp","href":"https:\/\/api.w.org\/{rel}","templated":true}]}}