{"id":30452,"date":"2025-05-10T04:56:23","date_gmt":"2025-05-10T04:56:23","guid":{"rendered":"https:\/\/darkturquoise-squirrel-824428.hostingersite.com\/product\/cosrx-aha-7-whitehead-power-liquid-tonique-exfoliant\/"},"modified":"2026-04-11T02:52:23","modified_gmt":"2026-04-11T02:52:23","slug":"cosrx-aha-7-whitehead-power-liquid-tonique-exfoliant","status":"publish","type":"product","link":"https:\/\/gangnambeaute.com\/fr\/product\/cosrx-aha-7-whitehead-power-liquid-tonique-exfoliant\/","title":{"rendered":"COSRX &#8211; AHA 7 Whitehead Power Liquid &#8211; Tonique exfoliant &#8211; 100ml"},"content":{"rendered":"<p><strong>Ce liquide sert \u00e0\u00a0\u00e9liminer les points blancs et \u00e0 lisser le grain de peau gr\u00e2ce \u00e0 l&rsquo;exfoliation chimique de l&rsquo;AHA (acide glycolique).<\/strong><\/p>\n","protected":false},"excerpt":{"rendered":"<div class=\"Y3BBE\" data-sfc-cp=\"\" data-sfc-cb=\"\" data-hveid=\"CAEIAhAA\" data-complete=\"true\" data-processed=\"true\"><strong>Appliquez le produit sur votre\u00a0visage propre\u00a0\u00e0 l&rsquo;aide d&rsquo;un coton ou avec les mains, uniquement le soir, 2 \u00e0 3 fois par semaine.<span class=\"uJ19be notranslate\" data-wiz-uids=\"D1gSVd_j,D1gSVd_k\" data-sfc-cb=\"\" data-complete=\"true\" data-processed=\"true\"><span class=\"vKEkVd\" data-animation-atomic=\"\" data-wiz-attrbind=\"class=D1gSVd_i\/TKHnVd\" data-sae=\"\"><span aria-hidden=\"true\">\u00a0<\/span><\/span><\/span><\/strong><\/div>\n","protected":false},"featured_media":43600,"comment_status":"open","ping_status":"closed","template":"","meta":[],"product_brand":[1048],"product_cat":[344,347,363],"product_tag":[],"class_list":{"0":"post-30452","1":"product","2":"type-product","3":"status-publish","4":"has-post-thumbnail","6":"product_brand-cosrx-populare","7":"product_cat-skincare","8":"product_cat-toniques","9":"product_cat-toniques-exfoliants","11":"first","12":"instock","13":"sale","14":"shipping-taxable","15":"purchasable","16":"product-type-simple"},"_links":{"self":[{"href":"https:\/\/gangnambeaute.com\/fr\/wp-json\/wp\/v2\/product\/30452","targetHints":{"allow":["GET"]}}],"collection":[{"href":"https:\/\/gangnambeaute.com\/fr\/wp-json\/wp\/v2\/product"}],"about":[{"href":"https:\/\/gangnambeaute.com\/fr\/wp-json\/wp\/v2\/types\/product"}],"replies":[{"embeddable":true,"href":"https:\/\/gangnambeaute.com\/fr\/wp-json\/wp\/v2\/comments?post=30452"}],"version-history":[{"count":4,"href":"https:\/\/gangnambeaute.com\/fr\/wp-json\/wp\/v2\/product\/30452\/revisions"}],"predecessor-version":[{"id":43599,"href":"https:\/\/gangnambeaute.com\/fr\/wp-json\/wp\/v2\/product\/30452\/revisions\/43599"}],"wp:featuredmedia":[{"embeddable":true,"href":"https:\/\/gangnambeaute.com\/fr\/wp-json\/wp\/v2\/media\/43600"}],"wp:attachment":[{"href":"https:\/\/gangnambeaute.com\/fr\/wp-json\/wp\/v2\/media?parent=30452"}],"wp:term":[{"taxonomy":"product_brand","embeddable":true,"href":"https:\/\/gangnambeaute.com\/fr\/wp-json\/wp\/v2\/product_brand?post=30452"},{"taxonomy":"product_cat","embeddable":true,"href":"https:\/\/gangnambeaute.com\/fr\/wp-json\/wp\/v2\/product_cat?post=30452"},{"taxonomy":"product_tag","embeddable":true,"href":"https:\/\/gangnambeaute.com\/fr\/wp-json\/wp\/v2\/product_tag?post=30452"}],"curies":[{"name":"wp","href":"https:\/\/api.w.org\/{rel}","templated":true}]}}