{"id":30448,"date":"2025-05-10T04:56:23","date_gmt":"2025-05-10T04:56:23","guid":{"rendered":"https:\/\/darkturquoise-squirrel-824428.hostingersite.com\/product\/isntree-hyaluronic-acid-toner-tonique\/"},"modified":"2026-04-11T02:52:21","modified_gmt":"2026-04-11T02:52:21","slug":"isntree-hyaluronic-acid-toner-tonique","status":"publish","type":"product","link":"https:\/\/gangnambeaute.com\/fr\/product\/isntree-hyaluronic-acid-toner-tonique\/","title":{"rendered":"Isntree &#8211; Hyaluronic Acid Toner &#8211; Tonique hydratant &#8211; 200ml"},"content":{"rendered":"<p><strong>Ce tonique sert \u00e0\u00a0hydrater intens\u00e9ment la peau et \u00e0 la pr\u00e9parer aux soins suivants gr\u00e2ce \u00e0 trois types d&rsquo;acide hyaluronique.<\/strong><\/p>\n","protected":false},"excerpt":{"rendered":"<div class=\"Y3BBE\" data-sfc-cp=\"\" data-sfc-cb=\"\" data-hveid=\"CAEIAhAA\" data-complete=\"true\" data-processed=\"true\"><strong>Appliquez le produit sur votre\u00a0visage propre\u00a0\u00e0 l&rsquo;aide d&rsquo;un coton ou en tapotant directement avec les mains jusqu&rsquo;\u00e0 absorption.<span class=\"uJ19be notranslate\" data-wiz-uids=\"RQ9YHc_j,RQ9YHc_k\" data-sfc-cb=\"\" data-complete=\"true\" data-processed=\"true\"><span class=\"vKEkVd\" data-animation-atomic=\"\" data-wiz-attrbind=\"class=RQ9YHc_i\/TKHnVd\" data-sae=\"\"><span aria-hidden=\"true\">\u00a0<\/span><\/span><\/span><\/strong><\/div>\n","protected":false},"featured_media":43889,"comment_status":"open","ping_status":"closed","template":"","meta":[],"product_brand":[1050],"product_cat":[347,366],"product_tag":[],"class_list":{"0":"post-30448","1":"product","2":"type-product","3":"status-publish","4":"has-post-thumbnail","6":"product_brand-isntree-populare","7":"product_cat-toniques","8":"product_cat-toniques-hydratants-toniques","10":"first","11":"outofstock","12":"shipping-taxable","13":"product-type-simple"},"_links":{"self":[{"href":"https:\/\/gangnambeaute.com\/fr\/wp-json\/wp\/v2\/product\/30448","targetHints":{"allow":["GET"]}}],"collection":[{"href":"https:\/\/gangnambeaute.com\/fr\/wp-json\/wp\/v2\/product"}],"about":[{"href":"https:\/\/gangnambeaute.com\/fr\/wp-json\/wp\/v2\/types\/product"}],"replies":[{"embeddable":true,"href":"https:\/\/gangnambeaute.com\/fr\/wp-json\/wp\/v2\/comments?post=30448"}],"version-history":[{"count":6,"href":"https:\/\/gangnambeaute.com\/fr\/wp-json\/wp\/v2\/product\/30448\/revisions"}],"predecessor-version":[{"id":43891,"href":"https:\/\/gangnambeaute.com\/fr\/wp-json\/wp\/v2\/product\/30448\/revisions\/43891"}],"wp:featuredmedia":[{"embeddable":true,"href":"https:\/\/gangnambeaute.com\/fr\/wp-json\/wp\/v2\/media\/43889"}],"wp:attachment":[{"href":"https:\/\/gangnambeaute.com\/fr\/wp-json\/wp\/v2\/media?parent=30448"}],"wp:term":[{"taxonomy":"product_brand","embeddable":true,"href":"https:\/\/gangnambeaute.com\/fr\/wp-json\/wp\/v2\/product_brand?post=30448"},{"taxonomy":"product_cat","embeddable":true,"href":"https:\/\/gangnambeaute.com\/fr\/wp-json\/wp\/v2\/product_cat?post=30448"},{"taxonomy":"product_tag","embeddable":true,"href":"https:\/\/gangnambeaute.com\/fr\/wp-json\/wp\/v2\/product_tag?post=30448"}],"curies":[{"name":"wp","href":"https:\/\/api.w.org\/{rel}","templated":true}]}}