{"id":30446,"date":"2025-05-10T04:56:21","date_gmt":"2025-05-10T04:56:21","guid":{"rendered":"https:\/\/darkturquoise-squirrel-824428.hostingersite.com\/product\/beauty-of-joseon-ginseng-essence-water-tonique-hydratant\/"},"modified":"2026-04-11T02:52:21","modified_gmt":"2026-04-11T02:52:21","slug":"beauty-of-joseon-ginseng-essence-water-tonique-hydratant","status":"publish","type":"product","link":"https:\/\/gangnambeaute.com\/fr\/product\/beauty-of-joseon-ginseng-essence-water-tonique-hydratant\/","title":{"rendered":"Beauty of Joseon &#8211; Ginseng Essence Water &#8211; Tonique hydratant &#8211; 150 ml"},"content":{"rendered":"<p><strong>Cette essence au ginseng (80 %) et \u00e0 la niacinamide revitalise intens\u00e9ment la peau, lisse le grain et hydrate en profondeur pour un teint \u00e9clatant.<\/strong><\/p>\n","protected":false},"excerpt":{"rendered":"<div class=\"Y3BBE\" data-sfc-cp=\"\" data-sfc-cb=\"\" data-hveid=\"CAEIAxAA\" data-complete=\"true\" data-processed=\"true\"><strong>Tapotez quelques gouttes sur votre\u00a0visage propre matin et soir, juste avant d&rsquo;appliquer votre s\u00e9rum ou votre cr\u00e8me.<\/strong><\/div>\n","protected":false},"featured_media":43318,"comment_status":"open","ping_status":"closed","template":"","meta":[],"product_brand":[1063],"product_cat":[344,347,366,429,430,433],"product_tag":[666],"class_list":{"0":"post-30446","1":"product","2":"type-product","3":"status-publish","4":"has-post-thumbnail","6":"product_brand-beauty-of-joseon","7":"product_cat-skincare","8":"product_cat-toniques","9":"product_cat-toniques-hydratants-toniques","10":"product_cat-soldes","11":"product_cat-promotions","12":"product_cat-promotion-dete","13":"product_tag-coupcoeur","15":"first","16":"instock","17":"sale","18":"shipping-taxable","19":"purchasable","20":"product-type-simple"},"_links":{"self":[{"href":"https:\/\/gangnambeaute.com\/fr\/wp-json\/wp\/v2\/product\/30446","targetHints":{"allow":["GET"]}}],"collection":[{"href":"https:\/\/gangnambeaute.com\/fr\/wp-json\/wp\/v2\/product"}],"about":[{"href":"https:\/\/gangnambeaute.com\/fr\/wp-json\/wp\/v2\/types\/product"}],"replies":[{"embeddable":true,"href":"https:\/\/gangnambeaute.com\/fr\/wp-json\/wp\/v2\/comments?post=30446"}],"version-history":[{"count":4,"href":"https:\/\/gangnambeaute.com\/fr\/wp-json\/wp\/v2\/product\/30446\/revisions"}],"predecessor-version":[{"id":43316,"href":"https:\/\/gangnambeaute.com\/fr\/wp-json\/wp\/v2\/product\/30446\/revisions\/43316"}],"wp:featuredmedia":[{"embeddable":true,"href":"https:\/\/gangnambeaute.com\/fr\/wp-json\/wp\/v2\/media\/43318"}],"wp:attachment":[{"href":"https:\/\/gangnambeaute.com\/fr\/wp-json\/wp\/v2\/media?parent=30446"}],"wp:term":[{"taxonomy":"product_brand","embeddable":true,"href":"https:\/\/gangnambeaute.com\/fr\/wp-json\/wp\/v2\/product_brand?post=30446"},{"taxonomy":"product_cat","embeddable":true,"href":"https:\/\/gangnambeaute.com\/fr\/wp-json\/wp\/v2\/product_cat?post=30446"},{"taxonomy":"product_tag","embeddable":true,"href":"https:\/\/gangnambeaute.com\/fr\/wp-json\/wp\/v2\/product_tag?post=30446"}],"curies":[{"name":"wp","href":"https:\/\/api.w.org\/{rel}","templated":true}]}}