{"id":30445,"date":"2025-05-10T04:56:21","date_gmt":"2025-05-10T04:56:21","guid":{"rendered":"https:\/\/darkturquoise-squirrel-824428.hostingersite.com\/product\/cosrx-aha-bha-clarifying-treatment-toner-tonique\/"},"modified":"2026-04-11T02:52:20","modified_gmt":"2026-04-11T02:52:20","slug":"cosrx-aha-bha-clarifying-treatment-toner-tonique","status":"publish","type":"product","link":"https:\/\/gangnambeaute.com\/fr\/product\/cosrx-aha-bha-clarifying-treatment-toner-tonique\/","title":{"rendered":"COSRX &#8211; AHA\/BHA Clarifying Treatment Toner &#8211; Tonique exfoliant -150ml"},"content":{"rendered":"<div class=\"Y3BBE\" data-sfc-cp=\"\" data-sfc-cb=\"\" data-hveid=\"CAEIARAA\" data-complete=\"true\" data-processed=\"true\"><strong>Ce tonique sert \u00e0\u00a0exfolier en douceur\u00a0et \u00e0 pr\u00e9venir les points noirs gr\u00e2ce \u00e0 sa formule l\u00e9g\u00e8re \u00e0 l&rsquo;AHA et au BHA.<span class=\"uJ19be notranslate\" data-wiz-uids=\"myH5Pd_d,myH5Pd_e\" data-sfc-cb=\"\" data-complete=\"true\" data-processed=\"true\"><span class=\"vKEkVd\" data-animation-atomic=\"\" data-wiz-attrbind=\"class=myH5Pd_c\/TKHnVd\" data-sae=\"\"><span aria-hidden=\"true\">\u00a0<\/span><\/span><\/span><\/strong><\/div>\n","protected":false},"excerpt":{"rendered":"<div class=\"Y3BBE\" data-sfc-cp=\"\" data-sfc-cb=\"\" data-hveid=\"CAEIAhAA\" data-complete=\"true\" data-processed=\"true\"><strong>Vaporisez sur un coton et balayez votre\u00a0visage propre, ou vaporisez directement puis tapotez doucement.<\/strong><\/div>\n","protected":false},"featured_media":43621,"comment_status":"open","ping_status":"closed","template":"","meta":[],"product_brand":[1048],"product_cat":[344,347,363],"product_tag":[],"class_list":{"0":"post-30445","1":"product","2":"type-product","3":"status-publish","4":"has-post-thumbnail","6":"product_brand-cosrx-populare","7":"product_cat-skincare","8":"product_cat-toniques","9":"product_cat-toniques-exfoliants","11":"first","12":"outofstock","13":"sale","14":"shipping-taxable","15":"purchasable","16":"product-type-simple"},"_links":{"self":[{"href":"https:\/\/gangnambeaute.com\/fr\/wp-json\/wp\/v2\/product\/30445","targetHints":{"allow":["GET"]}}],"collection":[{"href":"https:\/\/gangnambeaute.com\/fr\/wp-json\/wp\/v2\/product"}],"about":[{"href":"https:\/\/gangnambeaute.com\/fr\/wp-json\/wp\/v2\/types\/product"}],"replies":[{"embeddable":true,"href":"https:\/\/gangnambeaute.com\/fr\/wp-json\/wp\/v2\/comments?post=30445"}],"version-history":[{"count":6,"href":"https:\/\/gangnambeaute.com\/fr\/wp-json\/wp\/v2\/product\/30445\/revisions"}],"predecessor-version":[{"id":43620,"href":"https:\/\/gangnambeaute.com\/fr\/wp-json\/wp\/v2\/product\/30445\/revisions\/43620"}],"wp:featuredmedia":[{"embeddable":true,"href":"https:\/\/gangnambeaute.com\/fr\/wp-json\/wp\/v2\/media\/43621"}],"wp:attachment":[{"href":"https:\/\/gangnambeaute.com\/fr\/wp-json\/wp\/v2\/media?parent=30445"}],"wp:term":[{"taxonomy":"product_brand","embeddable":true,"href":"https:\/\/gangnambeaute.com\/fr\/wp-json\/wp\/v2\/product_brand?post=30445"},{"taxonomy":"product_cat","embeddable":true,"href":"https:\/\/gangnambeaute.com\/fr\/wp-json\/wp\/v2\/product_cat?post=30445"},{"taxonomy":"product_tag","embeddable":true,"href":"https:\/\/gangnambeaute.com\/fr\/wp-json\/wp\/v2\/product_tag?post=30445"}],"curies":[{"name":"wp","href":"https:\/\/api.w.org\/{rel}","templated":true}]}}