{"id":30433,"date":"2025-05-10T04:56:21","date_gmt":"2025-05-10T04:56:21","guid":{"rendered":"https:\/\/darkturquoise-squirrel-824428.hostingersite.com\/product\/cosrx-low-ph-good-night-soft-peeling-gel-exfoliant-visage\/"},"modified":"2026-04-11T02:52:19","modified_gmt":"2026-04-11T02:52:19","slug":"cosrx-low-ph-good-night-soft-peeling-gel-exfoliant-visage","status":"publish","type":"product","link":"https:\/\/gangnambeaute.com\/fr\/product\/cosrx-low-ph-good-night-soft-peeling-gel-exfoliant-visage\/","title":{"rendered":"COSRX &#8211; Low pH Good Night Soft Peeling Gel &#8211; Exfoliant visage &#8211; 120ml"},"content":{"rendered":"<p><strong>Ce gel sert \u00e0\u00a0exfolier en douceur les peaux sensibles et \u00e0 \u00e9liminer les cellules mortes gr\u00e2ce au PHA et \u00e0 l&rsquo;acide hyaluronique.<\/strong><\/p>\n","protected":false},"excerpt":{"rendered":"<p><strong>Appliquez une noisette sur votre\u00a0visage propre et humide, massez d\u00e9licatement en cercles, puis rincez abondamment \u00e0 l&rsquo;eau ti\u00e8de.<span class=\"uJ19be notranslate\" data-wiz-uids=\"zIfrhf_j,zIfrhf_k\" data-sfc-cb=\"\" data-complete=\"true\" data-processed=\"true\"><span class=\"vKEkVd\" data-animation-atomic=\"\" data-wiz-attrbind=\"class=zIfrhf_i\/TKHnVd\" data-sae=\"\"><span aria-hidden=\"true\" aria-owns=\"action-menu-parent-container\">\u00a0<\/span><\/span><\/span><\/strong><\/p>\n","protected":false},"featured_media":43615,"comment_status":"open","ping_status":"closed","template":"","meta":[],"product_brand":[1048],"product_cat":[344,350,372],"product_tag":[],"class_list":{"0":"post-30433","1":"product","2":"type-product","3":"status-publish","4":"has-post-thumbnail","6":"product_brand-cosrx-populare","7":"product_cat-skincare","8":"product_cat-exfoliants","9":"product_cat-masques-exfoliants","11":"first","12":"outofstock","13":"sale","14":"shipping-taxable","15":"purchasable","16":"product-type-simple"},"_links":{"self":[{"href":"https:\/\/gangnambeaute.com\/fr\/wp-json\/wp\/v2\/product\/30433","targetHints":{"allow":["GET"]}}],"collection":[{"href":"https:\/\/gangnambeaute.com\/fr\/wp-json\/wp\/v2\/product"}],"about":[{"href":"https:\/\/gangnambeaute.com\/fr\/wp-json\/wp\/v2\/types\/product"}],"replies":[{"embeddable":true,"href":"https:\/\/gangnambeaute.com\/fr\/wp-json\/wp\/v2\/comments?post=30433"}],"version-history":[{"count":5,"href":"https:\/\/gangnambeaute.com\/fr\/wp-json\/wp\/v2\/product\/30433\/revisions"}],"predecessor-version":[{"id":43617,"href":"https:\/\/gangnambeaute.com\/fr\/wp-json\/wp\/v2\/product\/30433\/revisions\/43617"}],"wp:featuredmedia":[{"embeddable":true,"href":"https:\/\/gangnambeaute.com\/fr\/wp-json\/wp\/v2\/media\/43615"}],"wp:attachment":[{"href":"https:\/\/gangnambeaute.com\/fr\/wp-json\/wp\/v2\/media?parent=30433"}],"wp:term":[{"taxonomy":"product_brand","embeddable":true,"href":"https:\/\/gangnambeaute.com\/fr\/wp-json\/wp\/v2\/product_brand?post=30433"},{"taxonomy":"product_cat","embeddable":true,"href":"https:\/\/gangnambeaute.com\/fr\/wp-json\/wp\/v2\/product_cat?post=30433"},{"taxonomy":"product_tag","embeddable":true,"href":"https:\/\/gangnambeaute.com\/fr\/wp-json\/wp\/v2\/product_tag?post=30433"}],"curies":[{"name":"wp","href":"https:\/\/api.w.org\/{rel}","templated":true}]}}