{"id":30428,"date":"2025-05-10T04:56:20","date_gmt":"2025-05-10T04:56:20","guid":{"rendered":"https:\/\/darkturquoise-squirrel-824428.hostingersite.com\/product\/beauty-of-joseon-green-plum-refreshing-cleanser-nettoyant\/"},"modified":"2026-04-11T02:52:18","modified_gmt":"2026-04-11T02:52:18","slug":"beauty-of-joseon-green-plum-refreshing-cleanser-nettoyant","status":"publish","type":"product","link":"https:\/\/gangnambeaute.com\/fr\/product\/beauty-of-joseon-green-plum-refreshing-cleanser-nettoyant\/","title":{"rendered":"Beauty of Joseon &#8211; Green Plum Refreshing Cleanser &#8211; Gel nettoyant"},"content":{"rendered":"<p><strong>Ce gel nettoyant \u00e0 la prune verte exfolie en douceur et purifie la peau sans l&rsquo;ass\u00e9cher pour un teint frais et \u00e9quilibr\u00e9.<\/strong><\/p>\n","protected":false},"excerpt":{"rendered":"<div class=\"Y3BBE\" data-sfc-cp=\"\" data-sfc-cb=\"\" data-hveid=\"CAEIARAA\" data-complete=\"true\" data-processed=\"true\"><strong>Massez une noisette de\u00a0gel sur visage humide, faites mousser d\u00e9licatement, puis rincez abondamment \u00e0 l&rsquo;eau ti\u00e8de.<\/strong><\/div>\n<div class=\"Fsg96\" data-sfc-cp=\"\" data-sfc-cb=\"\" data-complete=\"true\" data-processed=\"true\"><\/div>\n","protected":false},"featured_media":43323,"comment_status":"open","ping_status":"closed","template":"","meta":[],"product_brand":[1063],"product_cat":[346,360],"product_tag":[],"class_list":{"0":"post-30428","1":"product","2":"type-product","3":"status-publish","4":"has-post-thumbnail","6":"product_brand-beauty-of-joseon","7":"product_cat-nettoyants","8":"product_cat-gels-nettoyants","10":"first","11":"outofstock","12":"shipping-taxable","13":"product-type-simple"},"_links":{"self":[{"href":"https:\/\/gangnambeaute.com\/fr\/wp-json\/wp\/v2\/product\/30428","targetHints":{"allow":["GET"]}}],"collection":[{"href":"https:\/\/gangnambeaute.com\/fr\/wp-json\/wp\/v2\/product"}],"about":[{"href":"https:\/\/gangnambeaute.com\/fr\/wp-json\/wp\/v2\/types\/product"}],"replies":[{"embeddable":true,"href":"https:\/\/gangnambeaute.com\/fr\/wp-json\/wp\/v2\/comments?post=30428"}],"version-history":[{"count":5,"href":"https:\/\/gangnambeaute.com\/fr\/wp-json\/wp\/v2\/product\/30428\/revisions"}],"predecessor-version":[{"id":43324,"href":"https:\/\/gangnambeaute.com\/fr\/wp-json\/wp\/v2\/product\/30428\/revisions\/43324"}],"wp:featuredmedia":[{"embeddable":true,"href":"https:\/\/gangnambeaute.com\/fr\/wp-json\/wp\/v2\/media\/43323"}],"wp:attachment":[{"href":"https:\/\/gangnambeaute.com\/fr\/wp-json\/wp\/v2\/media?parent=30428"}],"wp:term":[{"taxonomy":"product_brand","embeddable":true,"href":"https:\/\/gangnambeaute.com\/fr\/wp-json\/wp\/v2\/product_brand?post=30428"},{"taxonomy":"product_cat","embeddable":true,"href":"https:\/\/gangnambeaute.com\/fr\/wp-json\/wp\/v2\/product_cat?post=30428"},{"taxonomy":"product_tag","embeddable":true,"href":"https:\/\/gangnambeaute.com\/fr\/wp-json\/wp\/v2\/product_tag?post=30428"}],"curies":[{"name":"wp","href":"https:\/\/api.w.org\/{rel}","templated":true}]}}