{"id":40447,"date":"2026-02-06T05:16:03","date_gmt":"2026-02-06T05:16:03","guid":{"rendered":"https:\/\/gangnambeaute.com\/?page_id=40447"},"modified":"2026-02-06T05:26:50","modified_gmt":"2026-02-06T05:26:50","slug":"sliderlast","status":"publish","type":"page","link":"https:\/\/gangnambeaute.com\/fr\/sliderlast\/","title":{"rendered":"sliderlast"},"content":{"rendered":"\t\t<div data-elementor-type=\"wp-page\" data-elementor-id=\"40447\" class=\"elementor elementor-40447\" data-elementor-post-type=\"page\">\n\t\t\t\t<div class=\"elementor-element elementor-element-26291ea e-con-full e-flex e-con e-parent\" data-id=\"26291ea\" data-element_type=\"container\" data-e-type=\"container\" data-settings=\"{&quot;background_background&quot;:&quot;classic&quot;}\">\n\t\t<div class=\"elementor-element elementor-element-d2c9372 e-con-full e-flex e-con e-child\" data-id=\"d2c9372\" data-element_type=\"container\" data-e-type=\"container\">\n\t\t<div class=\"elementor-element elementor-element-f266c48 e-con-full e-flex e-con e-child\" data-id=\"f266c48\" data-element_type=\"container\" data-e-type=\"container\">\n\t\t\t\t<div class=\"elementor-element elementor-element-d456926 elementor-widget elementor-widget-heading\" data-id=\"d456926\" data-element_type=\"widget\" data-e-type=\"widget\" data-widget_type=\"heading.default\">\n\t\t\t\t<div class=\"elementor-widget-container\">\n\t\t\t\t\t<h2 class=\"elementor-heading-title elementor-size-default\">UN RITUEL DE BEAUT\u00c9 COMPLET<\/h2>\t\t\t\t<\/div>\n\t\t\t\t<\/div>\n\t\t\t\t<div class=\"elementor-element elementor-element-2fcdffa elementor-invisible elementor-widget elementor-widget-heading\" data-id=\"2fcdffa\" data-element_type=\"widget\" data-e-type=\"widget\" data-settings=\"{&quot;_animation&quot;:&quot;fadeInUp&quot;}\" data-widget_type=\"heading.default\">\n\t\t\t\t<div class=\"elementor-widget-container\">\n\t\t\t\t\t<h2 class=\"elementor-heading-title elementor-size-default\">Des cheveux soyeux et brillants,\nune peau douce et hydrat\u00e9e : notre gamme compl\u00e8te vous offre une beaut\u00e9 \u00e9clatante de la t\u00eate aux pieds.<\/h2>\t\t\t\t<\/div>\n\t\t\t\t<\/div>\n\t\t\t\t<div class=\"elementor-element elementor-element-b315ad1 color-scheme-inherit text-left elementor-invisible elementor-widget elementor-widget-text-editor\" data-id=\"b315ad1\" data-element_type=\"widget\" data-e-type=\"widget\" data-settings=\"{&quot;_animation&quot;:&quot;fadeInUp&quot;}\" data-widget_type=\"text-editor.default\">\n\t\t\t\t<div class=\"elementor-widget-container\">\n\t\t\t\t\t\t\t\t\tSublimez votre beaut\u00e9 au quotidien\t\t\t\t\t\t\t\t<\/div>\n\t\t\t\t<\/div>\n\t\t\t\t<div class=\"elementor-element elementor-element-b9b2766 elementor-widget elementor-widget-sina_dynamic_button\" data-id=\"b9b2766\" data-element_type=\"widget\" data-e-type=\"widget\" data-widget_type=\"sina_dynamic_button.default\">\n\t\t\t\t<div class=\"elementor-widget-container\">\n\t\t\t\t\t\t\t<div class=\"sina-dynamic-button\">\r\n\t\t\t<a  class=\"sina-dynamic-btn   \" href=\"https:\/\/gangnambeaute.com\/product-category\/cheveux-corps\"\r\n\t\t\t\t\t\t\t\t\t\t\t\t>\r\n\t\t\t\t\t\t\tShop Now\t\t\t\t\t<\/a>\r\n\t\t<\/div><!-- .sina-dynamic-button -->\r\n\t\t\t\t\t\t<\/div>\n\t\t\t\t<\/div>\n\t\t\t\t<\/div>\n\t\t<div class=\"elementor-element elementor-element-b25c3f6 e-con-full e-flex e-con e-child\" data-id=\"b25c3f6\" data-element_type=\"container\" data-e-type=\"container\">\n\t\t\t\t<div class=\"elementor-element elementor-element-0841aa9 cloude-move elementor-widget-mobile__width-initial elementor-widget elementor-widget-image\" data-id=\"0841aa9\" data-element_type=\"widget\" data-e-type=\"widget\" data-widget_type=\"image.default\">\n\t\t\t\t<div class=\"elementor-widget-container\">\n\t\t\t\t\t\t\t\t\t\t\t\t\t\t\t<img fetchpriority=\"high\" decoding=\"async\" width=\"438\" height=\"414\" src=\"https:\/\/gangnambeaute.com\/wp-content\/uploads\/2026\/02\/Screenshot_2026-02-06_111500-removebg-preview.png\" class=\"attachment-large size-large wp-image-40449\" alt=\"\" srcset=\"https:\/\/gangnambeaute.com\/wp-content\/uploads\/2026\/02\/Screenshot_2026-02-06_111500-removebg-preview.png 438w, https:\/\/gangnambeaute.com\/wp-content\/uploads\/2026\/02\/Screenshot_2026-02-06_111500-removebg-preview-317x300.png 317w, https:\/\/gangnambeaute.com\/wp-content\/uploads\/2026\/02\/Screenshot_2026-02-06_111500-removebg-preview-13x12.png 13w, https:\/\/gangnambeaute.com\/wp-content\/uploads\/2026\/02\/Screenshot_2026-02-06_111500-removebg-preview-430x406.png 430w, https:\/\/gangnambeaute.com\/wp-content\/uploads\/2026\/02\/Screenshot_2026-02-06_111500-removebg-preview-150x142.png 150w\" sizes=\"(max-width: 438px) 100vw, 438px\" \/>\t\t\t\t\t\t\t\t\t\t\t\t\t\t\t<\/div>\n\t\t\t\t<\/div>\n\t\t\t\t<\/div>\n\t\t\t\t<\/div>\n\t\t\t\t<\/div>\n\t\t\t\t<\/div>\n\t\t","protected":false},"excerpt":{"rendered":"<p>UN RITUEL DE BEAUT\u00c9 COMPLET Des cheveux soyeux et brillants, une peau douce et hydrat\u00e9e : notre gamme compl\u00e8te vous<\/p>\n","protected":false},"author":217,"featured_media":0,"parent":0,"menu_order":0,"comment_status":"closed","ping_status":"closed","template":"elementor_header_footer","meta":{"footnotes":""},"class_list":["post-40447","page","type-page","status-publish","hentry"],"_links":{"self":[{"href":"https:\/\/gangnambeaute.com\/fr\/wp-json\/wp\/v2\/pages\/40447","targetHints":{"allow":["GET"]}}],"collection":[{"href":"https:\/\/gangnambeaute.com\/fr\/wp-json\/wp\/v2\/pages"}],"about":[{"href":"https:\/\/gangnambeaute.com\/fr\/wp-json\/wp\/v2\/types\/page"}],"author":[{"embeddable":true,"href":"https:\/\/gangnambeaute.com\/fr\/wp-json\/wp\/v2\/users\/217"}],"replies":[{"embeddable":true,"href":"https:\/\/gangnambeaute.com\/fr\/wp-json\/wp\/v2\/comments?post=40447"}],"version-history":[{"count":7,"href":"https:\/\/gangnambeaute.com\/fr\/wp-json\/wp\/v2\/pages\/40447\/revisions"}],"predecessor-version":[{"id":40464,"href":"https:\/\/gangnambeaute.com\/fr\/wp-json\/wp\/v2\/pages\/40447\/revisions\/40464"}],"wp:attachment":[{"href":"https:\/\/gangnambeaute.com\/fr\/wp-json\/wp\/v2\/media?parent=40447"}],"curies":[{"name":"wp","href":"https:\/\/api.w.org\/{rel}","templated":true}]}}