{"id":40398,"date":"2026-02-06T04:38:04","date_gmt":"2026-02-06T04:38:04","guid":{"rendered":"https:\/\/gangnambeaute.com\/?page_id=40398"},"modified":"2026-02-06T04:53:29","modified_gmt":"2026-02-06T04:53:29","slug":"slider2","status":"publish","type":"page","link":"https:\/\/gangnambeaute.com\/fr\/slider2\/","title":{"rendered":"slider2"},"content":{"rendered":"\t\t<div data-elementor-type=\"wp-page\" data-elementor-id=\"40398\" class=\"elementor elementor-40398\" data-elementor-post-type=\"page\">\n\t\t\t\t<div class=\"elementor-element elementor-element-ccee6a9 e-con-full e-flex e-con e-parent\" data-id=\"ccee6a9\" data-element_type=\"container\" data-e-type=\"container\" data-settings=\"{&quot;background_background&quot;:&quot;classic&quot;}\">\n\t\t<div class=\"elementor-element elementor-element-80e945c e-con-full e-flex e-con e-child\" data-id=\"80e945c\" data-element_type=\"container\" data-e-type=\"container\">\n\t\t<div class=\"elementor-element elementor-element-251ee3f e-con-full e-flex e-con e-child\" data-id=\"251ee3f\" data-element_type=\"container\" data-e-type=\"container\">\n\t\t\t\t<div class=\"elementor-element elementor-element-d26201a elementor-widget elementor-widget-heading\" data-id=\"d26201a\" data-element_type=\"widget\" data-e-type=\"widget\" data-widget_type=\"heading.default\">\n\t\t\t\t<div class=\"elementor-widget-container\">\n\t\t\t\t\t<h2 class=\"elementor-heading-title elementor-size-default\">LE SECRET BIEN GARD\u00c9 DE LA K-BEAUTE<\/h2>\t\t\t\t<\/div>\n\t\t\t\t<\/div>\n\t\t\t\t<div class=\"elementor-element elementor-element-495f764 elementor-invisible elementor-widget elementor-widget-heading\" data-id=\"495f764\" data-element_type=\"widget\" data-e-type=\"widget\" data-settings=\"{&quot;_animation&quot;:&quot;fadeInUp&quot;}\" data-widget_type=\"heading.default\">\n\t\t\t\t<div class=\"elementor-widget-container\">\n\t\t\t\t\t<h2 class=\"elementor-heading-title elementor-size-default\">Notre s\u00e9lection de masques cor\u00e9ens, votre potion magique pour une peau \u00e9clatante.<\/h2>\t\t\t\t<\/div>\n\t\t\t\t<\/div>\n\t\t\t\t<div class=\"elementor-element elementor-element-b29a258 color-scheme-inherit text-left elementor-invisible elementor-widget elementor-widget-text-editor\" data-id=\"b29a258\" data-element_type=\"widget\" data-e-type=\"widget\" data-settings=\"{&quot;_animation&quot;:&quot;fadeInUp&quot;}\" data-widget_type=\"text-editor.default\">\n\t\t\t\t<div class=\"elementor-widget-container\">\n\t\t\t\t\t\t\t\t\tSublimez votre beaut\u00e9 au quotidien\t\t\t\t\t\t\t\t<\/div>\n\t\t\t\t<\/div>\n\t\t\t\t<div class=\"elementor-element elementor-element-6d91900 elementor-widget elementor-widget-sina_dynamic_button\" data-id=\"6d91900\" data-element_type=\"widget\" data-e-type=\"widget\" data-widget_type=\"sina_dynamic_button.default\">\n\t\t\t\t<div class=\"elementor-widget-container\">\n\t\t\t\t\t\t\t<div class=\"sina-dynamic-button\">\r\n\t\t\t<a  class=\"sina-dynamic-btn   \" href=\"https:\/\/gangnambeaute.com\/fr\/product-category\/skincare\/masques\/\"\r\n\t\t\t\t\t\t\t\t\t\t\t\t>\r\n\t\t\t\t\t\t\tShop Now\t\t\t\t\t<\/a>\r\n\t\t<\/div><!-- .sina-dynamic-button -->\r\n\t\t\t\t\t\t<\/div>\n\t\t\t\t<\/div>\n\t\t\t\t<\/div>\n\t\t<div class=\"elementor-element elementor-element-bd55103 e-con-full e-flex e-con e-child\" data-id=\"bd55103\" data-element_type=\"container\" data-e-type=\"container\">\n\t\t\t\t<div class=\"elementor-element elementor-element-74c061a cloude-move elementor-widget elementor-widget-image\" data-id=\"74c061a\" data-element_type=\"widget\" data-e-type=\"widget\" data-widget_type=\"image.default\">\n\t\t\t\t<div class=\"elementor-widget-container\">\n\t\t\t\t\t\t\t\t\t\t\t\t\t\t\t<img fetchpriority=\"high\" decoding=\"async\" width=\"604\" height=\"413\" src=\"https:\/\/gangnambeaute.com\/wp-content\/uploads\/2026\/02\/Screenshot_2026-02-06_103959-removebg-preview-1.png\" class=\"attachment-large size-large wp-image-40401\" alt=\"Korean products in Morocco\" srcset=\"https:\/\/gangnambeaute.com\/wp-content\/uploads\/2026\/02\/Screenshot_2026-02-06_103959-removebg-preview-1.png 604w, https:\/\/gangnambeaute.com\/wp-content\/uploads\/2026\/02\/Screenshot_2026-02-06_103959-removebg-preview-1-400x274.png 400w, https:\/\/gangnambeaute.com\/wp-content\/uploads\/2026\/02\/Screenshot_2026-02-06_103959-removebg-preview-1-18x12.png 18w, https:\/\/gangnambeaute.com\/wp-content\/uploads\/2026\/02\/Screenshot_2026-02-06_103959-removebg-preview-1-430x294.png 430w, https:\/\/gangnambeaute.com\/wp-content\/uploads\/2026\/02\/Screenshot_2026-02-06_103959-removebg-preview-1-150x103.png 150w\" sizes=\"(max-width: 604px) 100vw, 604px\" \/>\t\t\t\t\t\t\t\t\t\t\t\t\t\t\t<\/div>\n\t\t\t\t<\/div>\n\t\t\t\t<\/div>\n\t\t\t\t<\/div>\n\t\t\t\t<\/div>\n\t\t\t\t<\/div>\n\t\t","protected":false},"excerpt":{"rendered":"<p>LE SECRET BIEN GARD\u00c9 DE LA K-BEAUTE Notre s\u00e9lection de masques cor\u00e9ens, votre potion magique pour une peau \u00e9clatante. Sublimez<\/p>\n","protected":false},"author":217,"featured_media":0,"parent":0,"menu_order":0,"comment_status":"closed","ping_status":"closed","template":"elementor_header_footer","meta":{"footnotes":""},"class_list":["post-40398","page","type-page","status-publish","hentry"],"_links":{"self":[{"href":"https:\/\/gangnambeaute.com\/fr\/wp-json\/wp\/v2\/pages\/40398","targetHints":{"allow":["GET"]}}],"collection":[{"href":"https:\/\/gangnambeaute.com\/fr\/wp-json\/wp\/v2\/pages"}],"about":[{"href":"https:\/\/gangnambeaute.com\/fr\/wp-json\/wp\/v2\/types\/page"}],"author":[{"embeddable":true,"href":"https:\/\/gangnambeaute.com\/fr\/wp-json\/wp\/v2\/users\/217"}],"replies":[{"embeddable":true,"href":"https:\/\/gangnambeaute.com\/fr\/wp-json\/wp\/v2\/comments?post=40398"}],"version-history":[{"count":7,"href":"https:\/\/gangnambeaute.com\/fr\/wp-json\/wp\/v2\/pages\/40398\/revisions"}],"predecessor-version":[{"id":40417,"href":"https:\/\/gangnambeaute.com\/fr\/wp-json\/wp\/v2\/pages\/40398\/revisions\/40417"}],"wp:attachment":[{"href":"https:\/\/gangnambeaute.com\/fr\/wp-json\/wp\/v2\/media?parent=40398"}],"curies":[{"name":"wp","href":"https:\/\/api.w.org\/{rel}","templated":true}]}}