{"id":44929,"date":"2026-05-16T10:06:01","date_gmt":"2026-05-16T10:06:01","guid":{"rendered":"https:\/\/gangnambeaute.com\/?post_type=product&#038;p=44929"},"modified":"2026-05-16T10:17:37","modified_gmt":"2026-05-16T10:17:37","slug":"medicube-age-r-booster-pro-mini-plus-pink-mini-appareil-anti-age-multifonction-edition-rose","status":"publish","type":"product","link":"https:\/\/gangnambeaute.com\/en\/product\/medicube-age-r-booster-pro-mini-plus-pink-mini-appareil-anti-age-multifonction-edition-rose\/","title":{"rendered":"Medicube \u2013 AGE-R Booster Pro Mini Plus Pink &#8211; Mini appareil multifonction \u00e9dition rose"},"content":{"rendered":"<p><strong>Cet appareil de haute technologie booste l&rsquo;absorption de vos soins de 562 %, raffermit les traits et lisse les pores gr\u00e2ce \u00e0 ses technologies combin\u00e9es d&rsquo;\u00e9lectroporation et de luminoth\u00e9rapie LED (rose, rouge, bleu) .<\/strong><\/p>","protected":false},"excerpt":{"rendered":"<p><strong>Appliquez vos s\u00e9rums ou cr\u00e8mes habituels, allumez l&rsquo;appareil sur le mode souhait\u00e9, puis faites-le glisser doucement sur votre visage en mouvements circulaires<!--TgQPHd|[]--> de l&rsquo;int\u00e9rieur vers l&rsquo;ext\u00e9rieur jusqu&rsquo;\u00e0 p\u00e9n\u00e9tration compl\u00e8te.<\/strong><\/p>","protected":false},"featured_media":44948,"comment_status":"open","ping_status":"closed","template":"","meta":[],"product_brand":[1015,1058],"product_cat":[344,348,434],"product_tag":[],"class_list":{"0":"post-44929","1":"product","2":"type-product","3":"status-publish","4":"has-post-thumbnail","6":"product_brand-populare","7":"product_brand-medicube-populare","8":"product_cat-skincare","9":"product_cat-soin-concentre","10":"product_cat-nouveautes","12":"first","13":"outofstock","14":"shipping-taxable","15":"product-type-simple"},"_links":{"self":[{"href":"https:\/\/gangnambeaute.com\/en\/wp-json\/wp\/v2\/product\/44929","targetHints":{"allow":["GET"]}}],"collection":[{"href":"https:\/\/gangnambeaute.com\/en\/wp-json\/wp\/v2\/product"}],"about":[{"href":"https:\/\/gangnambeaute.com\/en\/wp-json\/wp\/v2\/types\/product"}],"replies":[{"embeddable":true,"href":"https:\/\/gangnambeaute.com\/en\/wp-json\/wp\/v2\/comments?post=44929"}],"version-history":[{"count":3,"href":"https:\/\/gangnambeaute.com\/en\/wp-json\/wp\/v2\/product\/44929\/revisions"}],"predecessor-version":[{"id":44936,"href":"https:\/\/gangnambeaute.com\/en\/wp-json\/wp\/v2\/product\/44929\/revisions\/44936"}],"wp:featuredmedia":[{"embeddable":true,"href":"https:\/\/gangnambeaute.com\/en\/wp-json\/wp\/v2\/media\/44948"}],"wp:attachment":[{"href":"https:\/\/gangnambeaute.com\/en\/wp-json\/wp\/v2\/media?parent=44929"}],"wp:term":[{"taxonomy":"product_brand","embeddable":true,"href":"https:\/\/gangnambeaute.com\/en\/wp-json\/wp\/v2\/product_brand?post=44929"},{"taxonomy":"product_cat","embeddable":true,"href":"https:\/\/gangnambeaute.com\/en\/wp-json\/wp\/v2\/product_cat?post=44929"},{"taxonomy":"product_tag","embeddable":true,"href":"https:\/\/gangnambeaute.com\/en\/wp-json\/wp\/v2\/product_tag?post=44929"}],"curies":[{"name":"wp","href":"https:\/\/api.w.org\/{rel}","templated":true}]}}