{"id":44850,"date":"2026-05-09T11:32:11","date_gmt":"2026-05-09T11:32:11","guid":{"rendered":"https:\/\/gangnambeaute.com\/?post_type=product&#038;p=44850"},"modified":"2026-05-09T11:37:14","modified_gmt":"2026-05-09T11:37:14","slug":"purito-seoul-wonder-releaf-centella-mini-kit-unscented-exclusive-kit","status":"publish","type":"product","link":"https:\/\/gangnambeaute.com\/en\/product\/purito-seoul-wonder-releaf-centella-mini-kit-unscented-exclusive-kit\/","title":{"rendered":"Purito SEOUL \u2013 Wonder Releaf Centella Mini Kit Unscented &#8211; Exclusive kit"},"content":{"rendered":"<p><strong>Ce kit format voyage apaise et r\u00e9pare les peaux sensibles<!--TgQPHd|[]--> partout avec vous gr\u00e2ce \u00e0 une routine compl\u00e8te \u00e0 la Centella Asiatica, garantie sans parfum ni huiles essentielles.<\/strong><\/p>","protected":false},"excerpt":{"rendered":"<p><strong>Suivez ces trois \u00e9tapes simples matin et soir : nettoyez avec le gel<!--TgQPHd|[]-->, appliquez le s\u00e9rum<!--TgQPHd|[]--> sur peau humide, puis terminez par la cr\u00e8me<!--TgQPHd|[]--> pour prot\u00e9ger votre peau.<\/strong><\/p>","protected":false},"featured_media":44851,"comment_status":"open","ping_status":"closed","template":"","meta":[],"product_brand":[1015,1031],"product_cat":[344,437,346,348,360,368,370,434,436],"product_tag":[],"class_list":{"0":"post-44850","1":"product","2":"type-product","3":"status-publish","4":"has-post-thumbnail","6":"product_brand-populare","7":"product_brand-purito-seoul","8":"product_cat-skincare","9":"product_cat-kits-de-marques-officielles","10":"product_cat-nettoyants","11":"product_cat-soin-concentre","12":"product_cat-gels-nettoyants","13":"product_cat-serums","14":"product_cat-cremes","15":"product_cat-nouveautes","16":"product_cat-kits-coffrets","18":"first","19":"outofstock","20":"shipping-taxable","21":"product-type-simple"},"_links":{"self":[{"href":"https:\/\/gangnambeaute.com\/en\/wp-json\/wp\/v2\/product\/44850","targetHints":{"allow":["GET"]}}],"collection":[{"href":"https:\/\/gangnambeaute.com\/en\/wp-json\/wp\/v2\/product"}],"about":[{"href":"https:\/\/gangnambeaute.com\/en\/wp-json\/wp\/v2\/types\/product"}],"replies":[{"embeddable":true,"href":"https:\/\/gangnambeaute.com\/en\/wp-json\/wp\/v2\/comments?post=44850"}],"version-history":[{"count":3,"href":"https:\/\/gangnambeaute.com\/en\/wp-json\/wp\/v2\/product\/44850\/revisions"}],"predecessor-version":[{"id":44858,"href":"https:\/\/gangnambeaute.com\/en\/wp-json\/wp\/v2\/product\/44850\/revisions\/44858"}],"wp:featuredmedia":[{"embeddable":true,"href":"https:\/\/gangnambeaute.com\/en\/wp-json\/wp\/v2\/media\/44851"}],"wp:attachment":[{"href":"https:\/\/gangnambeaute.com\/en\/wp-json\/wp\/v2\/media?parent=44850"}],"wp:term":[{"taxonomy":"product_brand","embeddable":true,"href":"https:\/\/gangnambeaute.com\/en\/wp-json\/wp\/v2\/product_brand?post=44850"},{"taxonomy":"product_cat","embeddable":true,"href":"https:\/\/gangnambeaute.com\/en\/wp-json\/wp\/v2\/product_cat?post=44850"},{"taxonomy":"product_tag","embeddable":true,"href":"https:\/\/gangnambeaute.com\/en\/wp-json\/wp\/v2\/product_tag?post=44850"}],"curies":[{"name":"wp","href":"https:\/\/api.w.org\/{rel}","templated":true}]}}