{"id":44778,"date":"2026-05-06T11:43:35","date_gmt":"2026-05-06T11:43:35","guid":{"rendered":"https:\/\/gangnambeaute.com\/?post_type=product&#038;p=44778"},"modified":"2026-05-06T11:45:34","modified_gmt":"2026-05-06T11:45:34","slug":"purito-seoul-mighty-bamboo-panthenol-cleanser-gel-nettoyant-150ml","status":"publish","type":"product","link":"https:\/\/gangnambeaute.com\/en\/product\/purito-seoul-mighty-bamboo-panthenol-cleanser-gel-nettoyant-150ml\/","title":{"rendered":"Purito SEOUL &#8211; Mighty Bamboo Panthenol Cleanser &#8211; Gel Nettoyant &#8211; 150ml"},"content":{"rendered":"<p><strong>Ce gel nettoyant au pH \u00e9quilibr\u00e9 purifie la peau en douceur sans l&rsquo;ass\u00e9cher<!--TgQPHd|[]--> gr\u00e2ce \u00e0 l&rsquo;extrait de bambou hydratant et au panth\u00e9nol (vitamine B5) qui renforce la barri\u00e8re cutan\u00e9e.<\/strong><\/p>","protected":false},"excerpt":{"rendered":"<p><strong>Faites mousser une noisette de gel avec de l&rsquo;eau entre vos mains, massez votre visage humide par mouvements circulaires, puis rincez abondamment.<\/strong><\/p>","protected":false},"featured_media":44786,"comment_status":"open","ping_status":"closed","template":"","meta":[],"product_brand":[1031,1015],"product_cat":[344,346,348,360,434],"product_tag":[],"class_list":{"0":"post-44778","1":"product","2":"type-product","3":"status-publish","4":"has-post-thumbnail","6":"product_brand-purito-seoul","7":"product_brand-populare","8":"product_cat-skincare","9":"product_cat-nettoyants","10":"product_cat-soin-concentre","11":"product_cat-gels-nettoyants","12":"product_cat-nouveautes","14":"first","15":"outofstock","16":"shipping-taxable","17":"product-type-simple"},"_links":{"self":[{"href":"https:\/\/gangnambeaute.com\/en\/wp-json\/wp\/v2\/product\/44778","targetHints":{"allow":["GET"]}}],"collection":[{"href":"https:\/\/gangnambeaute.com\/en\/wp-json\/wp\/v2\/product"}],"about":[{"href":"https:\/\/gangnambeaute.com\/en\/wp-json\/wp\/v2\/types\/product"}],"replies":[{"embeddable":true,"href":"https:\/\/gangnambeaute.com\/en\/wp-json\/wp\/v2\/comments?post=44778"}],"version-history":[{"count":2,"href":"https:\/\/gangnambeaute.com\/en\/wp-json\/wp\/v2\/product\/44778\/revisions"}],"predecessor-version":[{"id":44785,"href":"https:\/\/gangnambeaute.com\/en\/wp-json\/wp\/v2\/product\/44778\/revisions\/44785"}],"wp:featuredmedia":[{"embeddable":true,"href":"https:\/\/gangnambeaute.com\/en\/wp-json\/wp\/v2\/media\/44786"}],"wp:attachment":[{"href":"https:\/\/gangnambeaute.com\/en\/wp-json\/wp\/v2\/media?parent=44778"}],"wp:term":[{"taxonomy":"product_brand","embeddable":true,"href":"https:\/\/gangnambeaute.com\/en\/wp-json\/wp\/v2\/product_brand?post=44778"},{"taxonomy":"product_cat","embeddable":true,"href":"https:\/\/gangnambeaute.com\/en\/wp-json\/wp\/v2\/product_cat?post=44778"},{"taxonomy":"product_tag","embeddable":true,"href":"https:\/\/gangnambeaute.com\/en\/wp-json\/wp\/v2\/product_tag?post=44778"}],"curies":[{"name":"wp","href":"https:\/\/api.w.org\/{rel}","templated":true}]}}