{"id":44755,"date":"2026-05-06T11:21:12","date_gmt":"2026-05-06T11:21:12","guid":{"rendered":"https:\/\/gangnambeaute.com\/?post_type=product&#038;p=44755"},"modified":"2026-05-06T11:25:45","modified_gmt":"2026-05-06T11:25:45","slug":"purito-seoul-wonder-releaf-centella-toner-unscented-200ml","status":"publish","type":"product","link":"https:\/\/gangnambeaute.com\/en\/product\/purito-seoul-wonder-releaf-centella-toner-unscented-200ml\/","title":{"rendered":"Purito SEOUL &#8211; Wonder Releaf Centella Toner Unscented &#8211; 200ml"},"content":{"rendered":"<p><strong>Ce tonique sans parfum apaise imm\u00e9diatement les peaux irrit\u00e9es et restaure l&rsquo;hydratation<!--TgQPHd|[]--> gr\u00e2ce \u00e0 une formule pure \u00e0 base de Centella Asiatica.<\/strong><\/p>","protected":false},"excerpt":{"rendered":"<p><strong>Appliquez-le g\u00e9n\u00e9reusement sur votre visage propre \u00e0 l&rsquo;aide d&rsquo;un coton ou de vos mains, imm\u00e9diatement apr\u00e8s le nettoyage.<\/strong><\/p>","protected":false},"featured_media":44764,"comment_status":"open","ping_status":"closed","template":"","meta":[],"product_brand":[1015,1031],"product_cat":[344,347,348,366,434],"product_tag":[],"class_list":{"0":"post-44755","1":"product","2":"type-product","3":"status-publish","4":"has-post-thumbnail","6":"product_brand-populare","7":"product_brand-purito-seoul","8":"product_cat-skincare","9":"product_cat-toniques","10":"product_cat-soin-concentre","11":"product_cat-toniques-hydratants-toniques","12":"product_cat-nouveautes","14":"first","15":"outofstock","16":"shipping-taxable","17":"product-type-simple"},"_links":{"self":[{"href":"https:\/\/gangnambeaute.com\/en\/wp-json\/wp\/v2\/product\/44755","targetHints":{"allow":["GET"]}}],"collection":[{"href":"https:\/\/gangnambeaute.com\/en\/wp-json\/wp\/v2\/product"}],"about":[{"href":"https:\/\/gangnambeaute.com\/en\/wp-json\/wp\/v2\/types\/product"}],"replies":[{"embeddable":true,"href":"https:\/\/gangnambeaute.com\/en\/wp-json\/wp\/v2\/comments?post=44755"}],"version-history":[{"count":2,"href":"https:\/\/gangnambeaute.com\/en\/wp-json\/wp\/v2\/product\/44755\/revisions"}],"predecessor-version":[{"id":44762,"href":"https:\/\/gangnambeaute.com\/en\/wp-json\/wp\/v2\/product\/44755\/revisions\/44762"}],"wp:featuredmedia":[{"embeddable":true,"href":"https:\/\/gangnambeaute.com\/en\/wp-json\/wp\/v2\/media\/44764"}],"wp:attachment":[{"href":"https:\/\/gangnambeaute.com\/en\/wp-json\/wp\/v2\/media?parent=44755"}],"wp:term":[{"taxonomy":"product_brand","embeddable":true,"href":"https:\/\/gangnambeaute.com\/en\/wp-json\/wp\/v2\/product_brand?post=44755"},{"taxonomy":"product_cat","embeddable":true,"href":"https:\/\/gangnambeaute.com\/en\/wp-json\/wp\/v2\/product_cat?post=44755"},{"taxonomy":"product_tag","embeddable":true,"href":"https:\/\/gangnambeaute.com\/en\/wp-json\/wp\/v2\/product_tag?post=44755"}],"curies":[{"name":"wp","href":"https:\/\/api.w.org\/{rel}","templated":true}]}}