{"id":44746,"date":"2026-05-06T11:10:08","date_gmt":"2026-05-06T11:10:08","guid":{"rendered":"https:\/\/gangnambeaute.com\/?post_type=product&#038;p=44746"},"modified":"2026-05-06T11:14:51","modified_gmt":"2026-05-06T11:14:51","slug":"purito-seoul-wonder-releaf-centella-serum-serum-visage-60ml","status":"publish","type":"product","link":"https:\/\/gangnambeaute.com\/en\/product\/purito-seoul-wonder-releaf-centella-serum-serum-visage-60ml\/","title":{"rendered":"Purito SEOUL \u2013 Wonder Releaf Centella Serum \u2013 S\u00e9rum Visage \u2013 60ml"},"content":{"rendered":"<p><strong>Ce s\u00e9rum calme instantan\u00e9ment les rougeurs et r\u00e9pare la peau stress\u00e9e<!--TgQPHd|[]--> gr\u00e2ce \u00e0 une formule hautement concentr\u00e9e en Centella Asiatica et en peptides.<\/strong><\/p>","protected":false},"excerpt":{"rendered":"<p><strong>Appliquez <strong class=\"Yjhzub\" data-sfc-root=\"c\" data-sfc-cb=\"\" data-complete=\"true\" data-processed=\"true\" data-copy-service-computed-style=\"font-family: &quot;Google Sans&quot;, Arial, sans-serif; font-size: 16px; font-weight: 600; margin: 0px; text-decoration: none; border-bottom: 0px rgb(10, 10, 10);\">2 pressions<!--TgQPHd|[]--><\/strong> sur votre visage propre et massez d\u00e9licatement avant votre cr\u00e8me hydratante, matin et soir.<\/strong><\/p>","protected":false},"featured_media":44747,"comment_status":"open","ping_status":"closed","template":"","meta":[],"product_brand":[1015,1031],"product_cat":[344,348,368,434],"product_tag":[],"class_list":{"0":"post-44746","1":"product","2":"type-product","3":"status-publish","4":"has-post-thumbnail","6":"product_brand-populare","7":"product_brand-purito-seoul","8":"product_cat-skincare","9":"product_cat-soin-concentre","10":"product_cat-serums","11":"product_cat-nouveautes","13":"first","14":"outofstock","15":"shipping-taxable","16":"product-type-simple"},"_links":{"self":[{"href":"https:\/\/gangnambeaute.com\/en\/wp-json\/wp\/v2\/product\/44746","targetHints":{"allow":["GET"]}}],"collection":[{"href":"https:\/\/gangnambeaute.com\/en\/wp-json\/wp\/v2\/product"}],"about":[{"href":"https:\/\/gangnambeaute.com\/en\/wp-json\/wp\/v2\/types\/product"}],"replies":[{"embeddable":true,"href":"https:\/\/gangnambeaute.com\/en\/wp-json\/wp\/v2\/comments?post=44746"}],"version-history":[{"count":2,"href":"https:\/\/gangnambeaute.com\/en\/wp-json\/wp\/v2\/product\/44746\/revisions"}],"predecessor-version":[{"id":44753,"href":"https:\/\/gangnambeaute.com\/en\/wp-json\/wp\/v2\/product\/44746\/revisions\/44753"}],"wp:featuredmedia":[{"embeddable":true,"href":"https:\/\/gangnambeaute.com\/en\/wp-json\/wp\/v2\/media\/44747"}],"wp:attachment":[{"href":"https:\/\/gangnambeaute.com\/en\/wp-json\/wp\/v2\/media?parent=44746"}],"wp:term":[{"taxonomy":"product_brand","embeddable":true,"href":"https:\/\/gangnambeaute.com\/en\/wp-json\/wp\/v2\/product_brand?post=44746"},{"taxonomy":"product_cat","embeddable":true,"href":"https:\/\/gangnambeaute.com\/en\/wp-json\/wp\/v2\/product_cat?post=44746"},{"taxonomy":"product_tag","embeddable":true,"href":"https:\/\/gangnambeaute.com\/en\/wp-json\/wp\/v2\/product_tag?post=44746"}],"curies":[{"name":"wp","href":"https:\/\/api.w.org\/{rel}","templated":true}]}}