{"id":44706,"date":"2026-05-06T10:24:06","date_gmt":"2026-05-06T10:24:06","guid":{"rendered":"https:\/\/gangnambeaute.com\/?post_type=product&#038;p=44706"},"modified":"2026-05-06T10:25:05","modified_gmt":"2026-05-06T10:25:05","slug":"skin1004-madagascar-centella-hyalu-cica-blue-serum-serum-visage-50ml","status":"publish","type":"product","link":"https:\/\/gangnambeaute.com\/en\/product\/skin1004-madagascar-centella-hyalu-cica-blue-serum-serum-visage-50ml\/","title":{"rendered":"SKIN1004 \u2013 Madagascar Centella Hyalu-Cica Blue Serum &#8211; S\u00e9rum visage \u2013 50ml"},"content":{"rendered":"<p><strong><span data-subtree=\"aimfl\" data-copy-service-computed-style=\"font-family: &quot;Google Sans&quot;, Arial, sans-serif; font-size: 16px; font-weight: 500; margin: 0px; text-decoration: none; border-bottom: 0px rgb(10, 10, 10);\">Ce s\u00e9rum <\/span><strong class=\"Yjhzub\" data-sfc-root=\"c\" data-sfc-cb=\"\" data-complete=\"true\" data-copy-service-computed-style=\"font-family: &quot;Google Sans&quot;, Arial, sans-serif; font-size: 16px; font-weight: 600; margin: 0px; text-decoration: none; border-bottom: 0px rgb(10, 10, 10);\">hydrate intens\u00e9ment et repulpe la peau<!--TgQPHd|[]--><\/strong> en profondeur gr\u00e2ce \u00e0 son complexe combinant cinq types d&rsquo;acides hyaluroniques et de la Centella Asiatica apaisante.<\/strong><\/p>","protected":false},"excerpt":{"rendered":"<p><strong>Appliquez <strong class=\"Yjhzub\" data-sfc-root=\"c\" data-sfc-cb=\"\" data-complete=\"true\" data-processed=\"true\" data-copy-service-computed-style=\"font-family: &quot;Google Sans&quot;, Arial, sans-serif; font-size: 16px; font-weight: 600; margin: 0px; text-decoration: none; border-bottom: 0px rgb(10, 10, 10);\">1 \u00e0 2 pompes<!--TgQPHd|[]--><\/strong> sur votre visage propre et l\u00e9g\u00e8rement humide juste apr\u00e8s le toner, puis massez jusqu&rsquo;\u00e0 absorption.\u00a0<\/strong><\/p>","protected":false},"featured_media":44707,"comment_status":"open","ping_status":"closed","template":"","meta":[],"product_brand":[1015,1046],"product_cat":[344,348,368,434],"product_tag":[],"class_list":{"0":"post-44706","1":"product","2":"type-product","3":"status-publish","4":"has-post-thumbnail","6":"product_brand-populare","7":"product_brand-skin-1004-populare","8":"product_cat-skincare","9":"product_cat-soin-concentre","10":"product_cat-serums","11":"product_cat-nouveautes","13":"first","14":"outofstock","15":"shipping-taxable","16":"product-type-simple"},"_links":{"self":[{"href":"https:\/\/gangnambeaute.com\/en\/wp-json\/wp\/v2\/product\/44706","targetHints":{"allow":["GET"]}}],"collection":[{"href":"https:\/\/gangnambeaute.com\/en\/wp-json\/wp\/v2\/product"}],"about":[{"href":"https:\/\/gangnambeaute.com\/en\/wp-json\/wp\/v2\/types\/product"}],"replies":[{"embeddable":true,"href":"https:\/\/gangnambeaute.com\/en\/wp-json\/wp\/v2\/comments?post=44706"}],"version-history":[{"count":2,"href":"https:\/\/gangnambeaute.com\/en\/wp-json\/wp\/v2\/product\/44706\/revisions"}],"predecessor-version":[{"id":44713,"href":"https:\/\/gangnambeaute.com\/en\/wp-json\/wp\/v2\/product\/44706\/revisions\/44713"}],"wp:featuredmedia":[{"embeddable":true,"href":"https:\/\/gangnambeaute.com\/en\/wp-json\/wp\/v2\/media\/44707"}],"wp:attachment":[{"href":"https:\/\/gangnambeaute.com\/en\/wp-json\/wp\/v2\/media?parent=44706"}],"wp:term":[{"taxonomy":"product_brand","embeddable":true,"href":"https:\/\/gangnambeaute.com\/en\/wp-json\/wp\/v2\/product_brand?post=44706"},{"taxonomy":"product_cat","embeddable":true,"href":"https:\/\/gangnambeaute.com\/en\/wp-json\/wp\/v2\/product_cat?post=44706"},{"taxonomy":"product_tag","embeddable":true,"href":"https:\/\/gangnambeaute.com\/en\/wp-json\/wp\/v2\/product_tag?post=44706"}],"curies":[{"name":"wp","href":"https:\/\/api.w.org\/{rel}","templated":true}]}}