{"id":44650,"date":"2026-05-05T12:37:13","date_gmt":"2026-05-05T12:37:13","guid":{"rendered":"https:\/\/gangnambeaute.com\/?post_type=product&#038;p=44650"},"modified":"2026-05-05T12:39:27","modified_gmt":"2026-05-05T12:39:27","slug":"skin1004-madagascar-centella-tea-trica-soothing-sun-milk-spf50pa-50ml","status":"publish","type":"product","link":"https:\/\/gangnambeaute.com\/en\/product\/skin1004-madagascar-centella-tea-trica-soothing-sun-milk-spf50pa-50ml\/","title":{"rendered":"SKIN1004 \u2013 Madagascar Centella Tea-Trica Soothing Sun Milk SPF50+PA++++- 50ml"},"content":{"rendered":"<p><strong>Ce lait solaire prot\u00e8ge des UV tout en calmant les inflammations<!--TgQPHd|[]--> gr\u00e2ce au complexe Tea-Trica (Arbre \u00e0 th\u00e9 et Cica), id\u00e9al pour les peaux acn\u00e9iques.<\/strong><\/p>","protected":false},"excerpt":{"rendered":"<p><strong>Secouez bien le flacon et appliquez g\u00e9n\u00e9reusement sur le visage et le cou le matin apr\u00e8s votre cr\u00e8me hydratante.<\/strong><\/p>","protected":false},"featured_media":44651,"comment_status":"open","ping_status":"closed","template":"","meta":[],"product_brand":[1015,1046],"product_cat":[344,348,352,376,434],"product_tag":[],"class_list":{"0":"post-44650","1":"product","2":"type-product","3":"status-publish","4":"has-post-thumbnail","6":"product_brand-populare","7":"product_brand-skin-1004-populare","8":"product_cat-skincare","9":"product_cat-soin-concentre","10":"product_cat-soins-solaires","11":"product_cat-ecrans","12":"product_cat-nouveautes","14":"first","15":"outofstock","16":"shipping-taxable","17":"product-type-simple"},"_links":{"self":[{"href":"https:\/\/gangnambeaute.com\/en\/wp-json\/wp\/v2\/product\/44650","targetHints":{"allow":["GET"]}}],"collection":[{"href":"https:\/\/gangnambeaute.com\/en\/wp-json\/wp\/v2\/product"}],"about":[{"href":"https:\/\/gangnambeaute.com\/en\/wp-json\/wp\/v2\/types\/product"}],"replies":[{"embeddable":true,"href":"https:\/\/gangnambeaute.com\/en\/wp-json\/wp\/v2\/comments?post=44650"}],"version-history":[{"count":3,"href":"https:\/\/gangnambeaute.com\/en\/wp-json\/wp\/v2\/product\/44650\/revisions"}],"predecessor-version":[{"id":44658,"href":"https:\/\/gangnambeaute.com\/en\/wp-json\/wp\/v2\/product\/44650\/revisions\/44658"}],"wp:featuredmedia":[{"embeddable":true,"href":"https:\/\/gangnambeaute.com\/en\/wp-json\/wp\/v2\/media\/44651"}],"wp:attachment":[{"href":"https:\/\/gangnambeaute.com\/en\/wp-json\/wp\/v2\/media?parent=44650"}],"wp:term":[{"taxonomy":"product_brand","embeddable":true,"href":"https:\/\/gangnambeaute.com\/en\/wp-json\/wp\/v2\/product_brand?post=44650"},{"taxonomy":"product_cat","embeddable":true,"href":"https:\/\/gangnambeaute.com\/en\/wp-json\/wp\/v2\/product_cat?post=44650"},{"taxonomy":"product_tag","embeddable":true,"href":"https:\/\/gangnambeaute.com\/en\/wp-json\/wp\/v2\/product_tag?post=44650"}],"curies":[{"name":"wp","href":"https:\/\/api.w.org\/{rel}","templated":true}]}}