{"id":44614,"date":"2026-05-05T10:31:31","date_gmt":"2026-05-05T10:31:31","guid":{"rendered":"https:\/\/gangnambeaute.com\/?post_type=product&#038;p=44614"},"modified":"2026-05-05T10:32:35","modified_gmt":"2026-05-05T10:32:35","slug":"medicube-kojic-acid-turmeric-vita-capsule-cream-creme-visage-53g","status":"publish","type":"product","link":"https:\/\/gangnambeaute.com\/en\/product\/medicube-kojic-acid-turmeric-vita-capsule-cream-creme-visage-53g\/","title":{"rendered":"Medicube Kojic Acid Turmeric Vita Capsule Cream &#8211; Cr\u00e8me Visage &#8211; 53g"},"content":{"rendered":"<p><strong>Cette cr\u00e8me innovante unifie le teint et illumine le visage<!--TgQPHd|[]--> gr\u00e2ce \u00e0 des capsules de vitamines et de curcuma qui lib\u00e8rent leurs actifs au contact de la peau.<\/strong><\/p>","protected":false},"excerpt":{"rendered":"<p><strong>Massez une noisette de cr\u00e8me sur votre visage pour faire fondre les capsules<!--TgQPHd|[]--> jusqu&rsquo;\u00e0 absorption compl\u00e8te, matin et soir.\u00a0<\/strong><\/p>","protected":false},"featured_media":44615,"comment_status":"open","ping_status":"closed","template":"","meta":[],"product_brand":[1015,1058],"product_cat":[344,348,370,434],"product_tag":[],"class_list":{"0":"post-44614","1":"product","2":"type-product","3":"status-publish","4":"has-post-thumbnail","6":"product_brand-populare","7":"product_brand-medicube-populare","8":"product_cat-skincare","9":"product_cat-soin-concentre","10":"product_cat-cremes","11":"product_cat-nouveautes","13":"first","14":"outofstock","15":"shipping-taxable","16":"product-type-simple"},"_links":{"self":[{"href":"https:\/\/gangnambeaute.com\/en\/wp-json\/wp\/v2\/product\/44614","targetHints":{"allow":["GET"]}}],"collection":[{"href":"https:\/\/gangnambeaute.com\/en\/wp-json\/wp\/v2\/product"}],"about":[{"href":"https:\/\/gangnambeaute.com\/en\/wp-json\/wp\/v2\/types\/product"}],"replies":[{"embeddable":true,"href":"https:\/\/gangnambeaute.com\/en\/wp-json\/wp\/v2\/comments?post=44614"}],"version-history":[{"count":2,"href":"https:\/\/gangnambeaute.com\/en\/wp-json\/wp\/v2\/product\/44614\/revisions"}],"predecessor-version":[{"id":44621,"href":"https:\/\/gangnambeaute.com\/en\/wp-json\/wp\/v2\/product\/44614\/revisions\/44621"}],"wp:featuredmedia":[{"embeddable":true,"href":"https:\/\/gangnambeaute.com\/en\/wp-json\/wp\/v2\/media\/44615"}],"wp:attachment":[{"href":"https:\/\/gangnambeaute.com\/en\/wp-json\/wp\/v2\/media?parent=44614"}],"wp:term":[{"taxonomy":"product_brand","embeddable":true,"href":"https:\/\/gangnambeaute.com\/en\/wp-json\/wp\/v2\/product_brand?post=44614"},{"taxonomy":"product_cat","embeddable":true,"href":"https:\/\/gangnambeaute.com\/en\/wp-json\/wp\/v2\/product_cat?post=44614"},{"taxonomy":"product_tag","embeddable":true,"href":"https:\/\/gangnambeaute.com\/en\/wp-json\/wp\/v2\/product_tag?post=44614"}],"curies":[{"name":"wp","href":"https:\/\/api.w.org\/{rel}","templated":true}]}}