{"id":44603,"date":"2026-05-04T15:44:51","date_gmt":"2026-05-04T15:44:51","guid":{"rendered":"https:\/\/gangnambeaute.com\/?post_type=product&#038;p=44603"},"modified":"2026-05-04T15:45:30","modified_gmt":"2026-05-04T15:45:30","slug":"medicube-azelaic-acid-exosome-shot-2000-serum-visage-30ml","status":"publish","type":"product","link":"https:\/\/gangnambeaute.com\/en\/product\/medicube-azelaic-acid-exosome-shot-2000-serum-visage-30ml\/","title":{"rendered":"Medicube Azelaic acid Exosome shot 2000 &#8211; S\u00e9rum Visage &#8211; 30ml"},"content":{"rendered":"<p><strong><span data-subtree=\"aimfl\" data-processed=\"true\" data-copy-service-computed-style=\"font-family: &quot;Google Sans&quot;, Arial, sans-serif; font-size: 16px; font-weight: 400; margin: 0px; text-decoration: none; border-bottom: 0px rgb(10, 10, 10);\">Ce s\u00e9rum puissant <\/span><strong class=\"Yjhzub\" data-sfc-root=\"c\" data-sfc-cb=\"\" data-complete=\"true\" data-processed=\"true\" data-copy-service-computed-style=\"font-family: &quot;Google Sans&quot;, Arial, sans-serif; font-size: 16px; font-weight: 600; margin: 0px; text-decoration: none; border-bottom: 0px rgb(10, 10, 10);\">r\u00e9duit les boutons et calme les rougeurs<!--TgQPHd|[]--><\/strong> gr\u00e2ce \u00e0 l&rsquo;acide az\u00e9la\u00efque qui purifie la peau en profondeur.<\/strong><\/p>","protected":false},"excerpt":{"rendered":"<p><strong>Pour l&rsquo;utiliser, appliquez 2 gouttes<!--TgQPHd|[]--> sur votre visage propre le soir avant votre cr\u00e8me hydratante.<\/strong><\/p>","protected":false},"featured_media":44604,"comment_status":"open","ping_status":"closed","template":"","meta":[],"product_brand":[1058,1015],"product_cat":[344,348,368,434],"product_tag":[],"class_list":{"0":"post-44603","1":"product","2":"type-product","3":"status-publish","4":"has-post-thumbnail","6":"product_brand-medicube-populare","7":"product_brand-populare","8":"product_cat-skincare","9":"product_cat-soin-concentre","10":"product_cat-serums","11":"product_cat-nouveautes","13":"first","14":"outofstock","15":"shipping-taxable","16":"product-type-simple"},"_links":{"self":[{"href":"https:\/\/gangnambeaute.com\/en\/wp-json\/wp\/v2\/product\/44603","targetHints":{"allow":["GET"]}}],"collection":[{"href":"https:\/\/gangnambeaute.com\/en\/wp-json\/wp\/v2\/product"}],"about":[{"href":"https:\/\/gangnambeaute.com\/en\/wp-json\/wp\/v2\/types\/product"}],"replies":[{"embeddable":true,"href":"https:\/\/gangnambeaute.com\/en\/wp-json\/wp\/v2\/comments?post=44603"}],"version-history":[{"count":2,"href":"https:\/\/gangnambeaute.com\/en\/wp-json\/wp\/v2\/product\/44603\/revisions"}],"predecessor-version":[{"id":44610,"href":"https:\/\/gangnambeaute.com\/en\/wp-json\/wp\/v2\/product\/44603\/revisions\/44610"}],"wp:featuredmedia":[{"embeddable":true,"href":"https:\/\/gangnambeaute.com\/en\/wp-json\/wp\/v2\/media\/44604"}],"wp:attachment":[{"href":"https:\/\/gangnambeaute.com\/en\/wp-json\/wp\/v2\/media?parent=44603"}],"wp:term":[{"taxonomy":"product_brand","embeddable":true,"href":"https:\/\/gangnambeaute.com\/en\/wp-json\/wp\/v2\/product_brand?post=44603"},{"taxonomy":"product_cat","embeddable":true,"href":"https:\/\/gangnambeaute.com\/en\/wp-json\/wp\/v2\/product_cat?post=44603"},{"taxonomy":"product_tag","embeddable":true,"href":"https:\/\/gangnambeaute.com\/en\/wp-json\/wp\/v2\/product_tag?post=44603"}],"curies":[{"name":"wp","href":"https:\/\/api.w.org\/{rel}","templated":true}]}}