{"id":44579,"date":"2026-05-04T15:10:01","date_gmt":"2026-05-04T15:10:01","guid":{"rendered":"https:\/\/gangnambeaute.com\/?post_type=product&#038;p=44579"},"modified":"2026-05-04T15:10:18","modified_gmt":"2026-05-04T15:10:18","slug":"medicube-kojic-acid-turmeric-skin-brightening-body-wash-gel-douche-400ml","status":"publish","type":"product","link":"https:\/\/gangnambeaute.com\/en\/product\/medicube-kojic-acid-turmeric-skin-brightening-body-wash-gel-douche-400ml\/","title":{"rendered":"Medicube Kojic Acid &#038; Turmeric Skin Brightening Body Wash &#8211; Gel douche &#8211; 400ml"},"content":{"rendered":"<p><strong>Ce gel douche est un soin corporel clarifiant qui estompe les taches brunes et uniformise le teint du corps<!--TgQPHd|[]--> tout en nettoyant la peau gr\u00e2ce \u00e0 la puissance de l&rsquo;acide kojique et du curcuma.<\/strong><\/p>","protected":false},"excerpt":{"rendered":"<p><strong>Appliquez une quantit\u00e9 g\u00e9n\u00e9reuse sur une \u00e9ponge ou directement sur la peau humide, massez les zones concern\u00e9es pendant une minute pour laisser agir les actifs, puis rincez abondamment.<\/strong><\/p>","protected":false},"featured_media":44580,"comment_status":"open","ping_status":"closed","template":"","meta":[],"product_brand":[1015,1058],"product_cat":[415,421,434],"product_tag":[],"class_list":{"0":"post-44579","1":"product","2":"type-product","3":"status-publish","4":"has-post-thumbnail","6":"product_brand-populare","7":"product_brand-medicube-populare","8":"product_cat-soins-du-corps","9":"product_cat-bain-et-douche","10":"product_cat-nouveautes","12":"first","13":"outofstock","14":"shipping-taxable","15":"product-type-simple"},"_links":{"self":[{"href":"https:\/\/gangnambeaute.com\/en\/wp-json\/wp\/v2\/product\/44579","targetHints":{"allow":["GET"]}}],"collection":[{"href":"https:\/\/gangnambeaute.com\/en\/wp-json\/wp\/v2\/product"}],"about":[{"href":"https:\/\/gangnambeaute.com\/en\/wp-json\/wp\/v2\/types\/product"}],"replies":[{"embeddable":true,"href":"https:\/\/gangnambeaute.com\/en\/wp-json\/wp\/v2\/comments?post=44579"}],"version-history":[{"count":1,"href":"https:\/\/gangnambeaute.com\/en\/wp-json\/wp\/v2\/product\/44579\/revisions"}],"predecessor-version":[{"id":44585,"href":"https:\/\/gangnambeaute.com\/en\/wp-json\/wp\/v2\/product\/44579\/revisions\/44585"}],"wp:featuredmedia":[{"embeddable":true,"href":"https:\/\/gangnambeaute.com\/en\/wp-json\/wp\/v2\/media\/44580"}],"wp:attachment":[{"href":"https:\/\/gangnambeaute.com\/en\/wp-json\/wp\/v2\/media?parent=44579"}],"wp:term":[{"taxonomy":"product_brand","embeddable":true,"href":"https:\/\/gangnambeaute.com\/en\/wp-json\/wp\/v2\/product_brand?post=44579"},{"taxonomy":"product_cat","embeddable":true,"href":"https:\/\/gangnambeaute.com\/en\/wp-json\/wp\/v2\/product_cat?post=44579"},{"taxonomy":"product_tag","embeddable":true,"href":"https:\/\/gangnambeaute.com\/en\/wp-json\/wp\/v2\/product_tag?post=44579"}],"curies":[{"name":"wp","href":"https:\/\/api.w.org\/{rel}","templated":true}]}}