{"id":44572,"date":"2026-05-04T15:00:34","date_gmt":"2026-05-04T15:00:34","guid":{"rendered":"https:\/\/gangnambeaute.com\/?post_type=product&#038;p=44572"},"modified":"2026-05-04T15:01:34","modified_gmt":"2026-05-04T15:01:34","slug":"k-secret-seoul-1988-cleansing-foam-pine-cica-1-probiotics-150ml","status":"publish","type":"product","link":"https:\/\/gangnambeaute.com\/en\/product\/k-secret-seoul-1988-cleansing-foam-pine-cica-1-probiotics-150ml\/","title":{"rendered":"K-SECRET &#8211; SEOUL 1988 Cleansing Foam : Pine Cica 1% + Probiotics &#8211; 150ml"},"content":{"rendered":"<p><strong>Ce nettoyant moussant est un soin purifiant et \u00e9quilibrant qui d\u00e9loge les impuret\u00e9s tout en apaisant les inflammations<!--TgQPHd|[]--> gr\u00e2ce \u00e0 l&rsquo;extrait de pin, \u00e0 la Cica et aux probiotiques qui renforcent la barri\u00e8re cutan\u00e9e.<\/strong><\/p>","protected":false},"excerpt":{"rendered":"<p><strong>Pr\u00e9levez une noisette de cr\u00e8me, faites-la mousser avec un peu d&rsquo;eau entre vos mains, massez votre visage humide par mouvements circulaires, puis rincez.<\/strong><\/p>","protected":false},"featured_media":44573,"comment_status":"open","ping_status":"closed","template":"","meta":[],"product_brand":[1015,1027],"product_cat":[344,346,348,360,434],"product_tag":[],"class_list":{"0":"post-44572","1":"product","2":"type-product","3":"status-publish","4":"has-post-thumbnail","6":"product_brand-populare","7":"product_brand-k-secret","8":"product_cat-skincare","9":"product_cat-nettoyants","10":"product_cat-soin-concentre","11":"product_cat-gels-nettoyants","12":"product_cat-nouveautes","14":"first","15":"outofstock","16":"shipping-taxable","17":"product-type-simple"},"_links":{"self":[{"href":"https:\/\/gangnambeaute.com\/en\/wp-json\/wp\/v2\/product\/44572","targetHints":{"allow":["GET"]}}],"collection":[{"href":"https:\/\/gangnambeaute.com\/en\/wp-json\/wp\/v2\/product"}],"about":[{"href":"https:\/\/gangnambeaute.com\/en\/wp-json\/wp\/v2\/types\/product"}],"replies":[{"embeddable":true,"href":"https:\/\/gangnambeaute.com\/en\/wp-json\/wp\/v2\/comments?post=44572"}],"version-history":[{"count":1,"href":"https:\/\/gangnambeaute.com\/en\/wp-json\/wp\/v2\/product\/44572\/revisions"}],"predecessor-version":[{"id":44578,"href":"https:\/\/gangnambeaute.com\/en\/wp-json\/wp\/v2\/product\/44572\/revisions\/44578"}],"wp:featuredmedia":[{"embeddable":true,"href":"https:\/\/gangnambeaute.com\/en\/wp-json\/wp\/v2\/media\/44573"}],"wp:attachment":[{"href":"https:\/\/gangnambeaute.com\/en\/wp-json\/wp\/v2\/media?parent=44572"}],"wp:term":[{"taxonomy":"product_brand","embeddable":true,"href":"https:\/\/gangnambeaute.com\/en\/wp-json\/wp\/v2\/product_brand?post=44572"},{"taxonomy":"product_cat","embeddable":true,"href":"https:\/\/gangnambeaute.com\/en\/wp-json\/wp\/v2\/product_cat?post=44572"},{"taxonomy":"product_tag","embeddable":true,"href":"https:\/\/gangnambeaute.com\/en\/wp-json\/wp\/v2\/product_tag?post=44572"}],"curies":[{"name":"wp","href":"https:\/\/api.w.org\/{rel}","templated":true}]}}