{"id":44545,"date":"2026-05-04T14:32:22","date_gmt":"2026-05-04T14:32:22","guid":{"rendered":"https:\/\/gangnambeaute.com\/?post_type=product&#038;p=44545"},"modified":"2026-05-04T14:32:43","modified_gmt":"2026-05-04T14:32:43","slug":"dr-melaxin-cemenrete-calcium-volume-ampoule-plus-30ml","status":"publish","type":"product","link":"https:\/\/gangnambeaute.com\/en\/product\/dr-melaxin-cemenrete-calcium-volume-ampoule-plus-30ml\/","title":{"rendered":"Dr.Melaxin \u2013 Cemenrete Calcium Volume Ampoule Plus &#8211; 30ml"},"content":{"rendered":"<p><strong>Cette ampoule concentr\u00e9e est un soin revitalisant qui repulpe les zones creus\u00e9es du visage et redonne du volume \u00e0 la peau gr\u00e2ce \u00e0 une haute dose de calcium et de peptides.<\/strong><\/p>","protected":false},"excerpt":{"rendered":"<p><strong>Appliquez 2 \u00e0 3 gouttes<!--TgQPHd|[]--> sur les zones manquant de fermet\u00e9 (comme les joues ou les pommettes) apr\u00e8s votre toner, puis tapotez doucement pour faire p\u00e9n\u00e9trer le produit.<\/strong><!--TgQPHd|[]--><\/p>\n<div class=\"n6owBd awi2gc\" data-sfc-cp=\"\" data-sfc-root=\"c\" data-sfc-cb=\"\" data-hveid=\"CAEIAxAA\" data-complete=\"true\" data-processed=\"true\" aria-owns=\"action-menu-parent-container\" data-copy-service-computed-style=\"font-family: &quot;Google Sans&quot;, Arial, sans-serif; font-size: 16px; font-weight: 400; margin: 12px 0px 16px; text-decoration: none; border-bottom: 0px rgb(10, 10, 10);\"><\/div>","protected":false},"featured_media":44546,"comment_status":"open","ping_status":"closed","template":"","meta":[],"product_brand":[1015,1032],"product_cat":[344,348,368,434],"product_tag":[],"class_list":{"0":"post-44545","1":"product","2":"type-product","3":"status-publish","4":"has-post-thumbnail","6":"product_brand-populare","7":"product_brand-dr-melaxin","8":"product_cat-skincare","9":"product_cat-soin-concentre","10":"product_cat-serums","11":"product_cat-nouveautes","13":"first","14":"outofstock","15":"shipping-taxable","16":"product-type-simple"},"_links":{"self":[{"href":"https:\/\/gangnambeaute.com\/en\/wp-json\/wp\/v2\/product\/44545","targetHints":{"allow":["GET"]}}],"collection":[{"href":"https:\/\/gangnambeaute.com\/en\/wp-json\/wp\/v2\/product"}],"about":[{"href":"https:\/\/gangnambeaute.com\/en\/wp-json\/wp\/v2\/types\/product"}],"replies":[{"embeddable":true,"href":"https:\/\/gangnambeaute.com\/en\/wp-json\/wp\/v2\/comments?post=44545"}],"version-history":[{"count":1,"href":"https:\/\/gangnambeaute.com\/en\/wp-json\/wp\/v2\/product\/44545\/revisions"}],"predecessor-version":[{"id":44551,"href":"https:\/\/gangnambeaute.com\/en\/wp-json\/wp\/v2\/product\/44545\/revisions\/44551"}],"wp:featuredmedia":[{"embeddable":true,"href":"https:\/\/gangnambeaute.com\/en\/wp-json\/wp\/v2\/media\/44546"}],"wp:attachment":[{"href":"https:\/\/gangnambeaute.com\/en\/wp-json\/wp\/v2\/media?parent=44545"}],"wp:term":[{"taxonomy":"product_brand","embeddable":true,"href":"https:\/\/gangnambeaute.com\/en\/wp-json\/wp\/v2\/product_brand?post=44545"},{"taxonomy":"product_cat","embeddable":true,"href":"https:\/\/gangnambeaute.com\/en\/wp-json\/wp\/v2\/product_cat?post=44545"},{"taxonomy":"product_tag","embeddable":true,"href":"https:\/\/gangnambeaute.com\/en\/wp-json\/wp\/v2\/product_tag?post=44545"}],"curies":[{"name":"wp","href":"https:\/\/api.w.org\/{rel}","templated":true}]}}