{"id":44424,"date":"2026-04-27T11:47:25","date_gmt":"2026-04-27T11:47:25","guid":{"rendered":"https:\/\/gangnambeaute.com\/?post_type=product&#038;p=44424"},"modified":"2026-04-27T15:51:30","modified_gmt":"2026-04-27T15:51:30","slug":"seoul-1988-glow-serum-niacinamide-15-yuja-30-ml","status":"publish","type":"product","link":"https:\/\/gangnambeaute.com\/en\/product\/seoul-1988-glow-serum-niacinamide-15-yuja-30-ml\/","title":{"rendered":"K-SECRET- SEOUL 1988 Glow Serum : Niacinamide 15% + Yuja &#8211; 30 ml"},"content":{"rendered":"<p><strong>C\u2019est un s\u00e9rum ultra-concentr\u00e9 \u00e0\u00a015 % de Niacinamide\u00a0et\u00a0Yuja con\u00e7u pour r\u00e9duire intens\u00e9ment les pores, r\u00e9guler le s\u00e9bum et corriger les taches pour un teint instantan\u00e9ment plus lumineux.<\/strong><\/p>","protected":false},"excerpt":{"rendered":"<p><strong>Appliquez\u00a02 \u00e0 3 gouttes de s\u00e9rum sur une peau propre et l\u00e9g\u00e8rement humide, juste avant votre cr\u00e8me, en tapotant doucement pour cibler les pores et les taches.<\/strong><\/p>","protected":false},"featured_media":44425,"comment_status":"open","ping_status":"closed","template":"","meta":[],"product_brand":[1027,1015],"product_cat":[344,348,368,434],"product_tag":[],"class_list":{"0":"post-44424","1":"product","2":"type-product","3":"status-publish","4":"has-post-thumbnail","6":"product_brand-k-secret","7":"product_brand-populare","8":"product_cat-skincare","9":"product_cat-soin-concentre","10":"product_cat-serums","11":"product_cat-nouveautes","13":"first","14":"outofstock","15":"sale","16":"shipping-taxable","17":"purchasable","18":"product-type-simple"},"_links":{"self":[{"href":"https:\/\/gangnambeaute.com\/en\/wp-json\/wp\/v2\/product\/44424","targetHints":{"allow":["GET"]}}],"collection":[{"href":"https:\/\/gangnambeaute.com\/en\/wp-json\/wp\/v2\/product"}],"about":[{"href":"https:\/\/gangnambeaute.com\/en\/wp-json\/wp\/v2\/types\/product"}],"replies":[{"embeddable":true,"href":"https:\/\/gangnambeaute.com\/en\/wp-json\/wp\/v2\/comments?post=44424"}],"version-history":[{"count":5,"href":"https:\/\/gangnambeaute.com\/en\/wp-json\/wp\/v2\/product\/44424\/revisions"}],"predecessor-version":[{"id":44466,"href":"https:\/\/gangnambeaute.com\/en\/wp-json\/wp\/v2\/product\/44424\/revisions\/44466"}],"wp:featuredmedia":[{"embeddable":true,"href":"https:\/\/gangnambeaute.com\/en\/wp-json\/wp\/v2\/media\/44425"}],"wp:attachment":[{"href":"https:\/\/gangnambeaute.com\/en\/wp-json\/wp\/v2\/media?parent=44424"}],"wp:term":[{"taxonomy":"product_brand","embeddable":true,"href":"https:\/\/gangnambeaute.com\/en\/wp-json\/wp\/v2\/product_brand?post=44424"},{"taxonomy":"product_cat","embeddable":true,"href":"https:\/\/gangnambeaute.com\/en\/wp-json\/wp\/v2\/product_cat?post=44424"},{"taxonomy":"product_tag","embeddable":true,"href":"https:\/\/gangnambeaute.com\/en\/wp-json\/wp\/v2\/product_tag?post=44424"}],"curies":[{"name":"wp","href":"https:\/\/api.w.org\/{rel}","templated":true}]}}