{"id":44307,"date":"2026-04-22T09:34:42","date_gmt":"2026-04-22T09:34:42","guid":{"rendered":"https:\/\/gangnambeaute.com\/?post_type=product&#038;p=44307"},"modified":"2026-04-22T09:45:28","modified_gmt":"2026-04-22T09:45:28","slug":"beauty-of-joseon-relief-sun-rice-probiotics-pack-de-2-exclusive-kit-ecran-solaire","status":"publish","type":"product","link":"https:\/\/gangnambeaute.com\/en\/product\/beauty-of-joseon-relief-sun-rice-probiotics-pack-de-2-exclusive-kit-ecran-solaire\/","title":{"rendered":"Beauty of Joseon \u2013 Relief Sun : Rice + Probiotics Pack de 2 \u2013 Exclusive kit \u2013 Ecran solaire"},"content":{"rendered":"<div class=\"Y3BBE\" data-sfc-cp=\"\" data-hveid=\"CAEIAhAA\" data-complete=\"true\" data-processed=\"true\"><strong class=\"Yjhzub\" data-complete=\"true\" data-processed=\"true\">Cette cr\u00e8me solaire FPS 50+ prot\u00e8ge efficacement tout en hydratant gr\u00e2ce au riz et aux probiotiques. Sa texture l\u00e9g\u00e8re p\u00e9n\u00e8tre sans laisser de traces blanches et apaise les peaux sensibles. Formule bio, certifi\u00e9e et respectueuse de l\u2019environnement.<\/strong><\/div>","protected":false},"excerpt":{"rendered":"<div class=\"elementor-element elementor-element-7fdeff93 wd-section-stretch e-flex e-con-boxed e-con e-parent e-lazyloaded\" data-id=\"7fdeff93\" data-element_type=\"container\" data-e-type=\"container\">\n<div class=\"e-con-inner\">\n<div class=\"elementor-element elementor-element-c5d06d7 e-n-tabs-none elementor-widget elementor-widget-n-tabs\" data-id=\"c5d06d7\" data-element_type=\"widget\" data-e-type=\"widget\" data-settings=\"{&quot;horizontal_scroll&quot;:&quot;disable&quot;}\" data-widget_type=\"nested-tabs.default\">\n<div class=\"elementor-widget-container\">\n<div class=\"e-n-tabs e-activated\" data-widget-number=\"207423191\" aria-label=\"Tabs. Open items with Enter or Space, close with Escape and navigate using the Arrow keys.\" data-touch-mode=\"false\">\n<div class=\"e-n-tabs-content\">\n<div id=\"e-n-tab-content-2074231912\" class=\"elementor-element elementor-element-66ca28c e-con-full e-flex e-con e-child e-active\" role=\"tabpanel\" aria-labelledby=\"e-n-tab-title-2074231912\" data-tab-index=\"2\" data-id=\"66ca28c\" data-element_type=\"container\" data-e-type=\"container\">\n<div class=\"wd-negative-gap elementor-element elementor-element-f2b94b0 e-flex e-con-boxed e-con e-child\" data-id=\"f2b94b0\" data-element_type=\"container\" data-e-type=\"container\">\n<div class=\"e-con-inner\">\n<div class=\"elementor-element elementor-element-ab1a609 color-scheme-inherit text-left elementor-widget elementor-widget-text-editor\" data-id=\"ab1a609\" data-element_type=\"widget\" data-e-type=\"widget\" data-widget_type=\"text-editor.default\">\n<div class=\"elementor-widget-container\"><strong>Lors de la derni\u00e8re \u00e9tape de votre routine de soin, appliquez uniform\u00e9ment une quantit\u00e9 appropri\u00e9e de produit sur les zones fr\u00e9quemment expos\u00e9es au soleil.<\/strong><\/div>\n<\/div>\n<\/div>\n<\/div>\n<\/div>\n<\/div>\n<\/div>\n<\/div>\n<\/div>\n<\/div>\n<\/div>\n<div class=\"wd-negative-gap elementor-element elementor-element-1c99ebb9 wd-section-stretch e-flex e-con-boxed e-con e-parent e-lazyloaded\" data-id=\"1c99ebb9\" data-element_type=\"container\" data-e-type=\"container\">\n<div class=\"e-con-inner\">\n<div class=\"elementor-element elementor-element-1dd000af wd-width-100 elementor-widget elementor-widget-wd_title\" data-id=\"1dd000af\" data-element_type=\"widget\" data-e-type=\"widget\" data-widget_type=\"wd_title.default\">\n<div class=\"elementor-widget-container\">\n<div class=\"title-wrapper set-mb-s reset-last-child wd-title-color-primary wd-title-style-simple wd-title-size-default text-left\"><\/div>\n<\/div>\n<\/div>\n<\/div>\n<\/div>","protected":false},"featured_media":44308,"comment_status":"open","ping_status":"closed","template":"","meta":[],"product_brand":[1063,1015],"product_cat":[344,438,348,352,370,376,429,431,432,436],"product_tag":[],"class_list":{"0":"post-44307","1":"product","2":"type-product","3":"status-publish","4":"has-post-thumbnail","6":"product_brand-beauty-of-joseon","7":"product_brand-populare","8":"product_cat-skincare","9":"product_cat-selection-dexperts-de-gangnam","10":"product_cat-soin-concentre","11":"product_cat-soins-solaires","12":"product_cat-cremes","13":"product_cat-ecrans","14":"product_cat-soldes","15":"product_cat-offres","16":"product_cat-meilleurs-ventes","17":"product_cat-kits-coffrets","19":"first","20":"instock","21":"sale","22":"shipping-taxable","23":"purchasable","24":"product-type-simple"},"_links":{"self":[{"href":"https:\/\/gangnambeaute.com\/en\/wp-json\/wp\/v2\/product\/44307","targetHints":{"allow":["GET"]}}],"collection":[{"href":"https:\/\/gangnambeaute.com\/en\/wp-json\/wp\/v2\/product"}],"about":[{"href":"https:\/\/gangnambeaute.com\/en\/wp-json\/wp\/v2\/types\/product"}],"replies":[{"embeddable":true,"href":"https:\/\/gangnambeaute.com\/en\/wp-json\/wp\/v2\/comments?post=44307"}],"version-history":[{"count":2,"href":"https:\/\/gangnambeaute.com\/en\/wp-json\/wp\/v2\/product\/44307\/revisions"}],"predecessor-version":[{"id":44311,"href":"https:\/\/gangnambeaute.com\/en\/wp-json\/wp\/v2\/product\/44307\/revisions\/44311"}],"wp:featuredmedia":[{"embeddable":true,"href":"https:\/\/gangnambeaute.com\/en\/wp-json\/wp\/v2\/media\/44308"}],"wp:attachment":[{"href":"https:\/\/gangnambeaute.com\/en\/wp-json\/wp\/v2\/media?parent=44307"}],"wp:term":[{"taxonomy":"product_brand","embeddable":true,"href":"https:\/\/gangnambeaute.com\/en\/wp-json\/wp\/v2\/product_brand?post=44307"},{"taxonomy":"product_cat","embeddable":true,"href":"https:\/\/gangnambeaute.com\/en\/wp-json\/wp\/v2\/product_cat?post=44307"},{"taxonomy":"product_tag","embeddable":true,"href":"https:\/\/gangnambeaute.com\/en\/wp-json\/wp\/v2\/product_tag?post=44307"}],"curies":[{"name":"wp","href":"https:\/\/api.w.org\/{rel}","templated":true}]}}