{"id":43262,"date":"2026-03-12T13:13:56","date_gmt":"2026-03-12T13:13:56","guid":{"rendered":"https:\/\/gangnambeaute.com\/?post_type=product&#038;p=43262"},"modified":"2026-04-11T02:55:37","modified_gmt":"2026-04-11T02:55:37","slug":"celimax-the-real-noni-refresh-clay-mask-masque-visage-120g","status":"publish","type":"product","link":"https:\/\/gangnambeaute.com\/en\/product\/celimax-the-real-noni-refresh-clay-mask-masque-visage-120g\/","title":{"rendered":"Celimax &#8211; The Real Noni Refresh Clay Mask &#8211; Masque visage &#8211; 120g"},"content":{"rendered":"<p><strong>Ce masque \u00e0 l&rsquo;argile\u00a0et au\u00a0noni\u00a0purifie les pores en profondeur et exfolie d\u00e9licatement pour une peau lisse, hydrat\u00e9e et \u00e9clatante sans tiraillement.<span class=\"uJ19be notranslate\" data-wiz-uids=\"e1xJKb_o,e1xJKb_p\" data-sfc-cb=\"\" data-complete=\"true\" data-processed=\"true\"><span class=\"vKEkVd\" data-animation-atomic=\"\" data-wiz-attrbind=\"class=e1xJKb_n\/TKHnVd\" data-sae=\"\"><span aria-hidden=\"true\">\u00a0<\/span><\/span><\/span><\/strong><\/p>","protected":false},"excerpt":{"rendered":"<p><strong>Appliquez une couche \u00e9paisse sur visage propre (en \u00e9vitant les yeux), laissez poser\u00a010 \u00e0 15 minutes, puis rincez \u00e0 l&rsquo;eau ti\u00e8de.<span class=\"uJ19be notranslate\" data-wiz-uids=\"e1xJKb_y,e1xJKb_z\" data-sfc-cb=\"\" data-complete=\"true\" data-processed=\"true\"><span class=\"vKEkVd\" data-animation-atomic=\"\" data-wiz-attrbind=\"class=e1xJKb_x\/TKHnVd\" data-sae=\"\"><span aria-hidden=\"true\">\u00a0<\/span><\/span><\/span><\/strong><\/p>","protected":false},"featured_media":43268,"comment_status":"open","ping_status":"closed","template":"","meta":[],"product_brand":[1015,1059],"product_cat":[344,348,355,373,434],"product_tag":[],"class_list":{"0":"post-43262","1":"product","2":"type-product","3":"status-publish","4":"has-post-thumbnail","6":"product_brand-populare","7":"product_brand-celimax-populare","8":"product_cat-skincare","9":"product_cat-soin-concentre","10":"product_cat-masques","11":"product_cat-masque-a-rincer","12":"product_cat-nouveautes","14":"first","15":"instock","16":"sale","17":"shipping-taxable","18":"purchasable","19":"product-type-simple"},"_links":{"self":[{"href":"https:\/\/gangnambeaute.com\/en\/wp-json\/wp\/v2\/product\/43262","targetHints":{"allow":["GET"]}}],"collection":[{"href":"https:\/\/gangnambeaute.com\/en\/wp-json\/wp\/v2\/product"}],"about":[{"href":"https:\/\/gangnambeaute.com\/en\/wp-json\/wp\/v2\/types\/product"}],"replies":[{"embeddable":true,"href":"https:\/\/gangnambeaute.com\/en\/wp-json\/wp\/v2\/comments?post=43262"}],"version-history":[{"count":2,"href":"https:\/\/gangnambeaute.com\/en\/wp-json\/wp\/v2\/product\/43262\/revisions"}],"predecessor-version":[{"id":43988,"href":"https:\/\/gangnambeaute.com\/en\/wp-json\/wp\/v2\/product\/43262\/revisions\/43988"}],"wp:featuredmedia":[{"embeddable":true,"href":"https:\/\/gangnambeaute.com\/en\/wp-json\/wp\/v2\/media\/43268"}],"wp:attachment":[{"href":"https:\/\/gangnambeaute.com\/en\/wp-json\/wp\/v2\/media?parent=43262"}],"wp:term":[{"taxonomy":"product_brand","embeddable":true,"href":"https:\/\/gangnambeaute.com\/en\/wp-json\/wp\/v2\/product_brand?post=43262"},{"taxonomy":"product_cat","embeddable":true,"href":"https:\/\/gangnambeaute.com\/en\/wp-json\/wp\/v2\/product_cat?post=43262"},{"taxonomy":"product_tag","embeddable":true,"href":"https:\/\/gangnambeaute.com\/en\/wp-json\/wp\/v2\/product_tag?post=43262"}],"curies":[{"name":"wp","href":"https:\/\/api.w.org\/{rel}","templated":true}]}}