{"id":43222,"date":"2026-03-12T11:29:41","date_gmt":"2026-03-12T11:29:41","guid":{"rendered":"https:\/\/gangnambeaute.com\/?post_type=product&#038;p=43222"},"modified":"2026-04-11T02:55:35","modified_gmt":"2026-04-11T02:55:35","slug":"manyo-herbgreen-cleansing-oil-huile-nettoyante-200ml","status":"publish","type":"product","link":"https:\/\/gangnambeaute.com\/en\/product\/manyo-herbgreen-cleansing-oil-huile-nettoyante-200ml\/","title":{"rendered":"Ma:nyo &#8211; Herbgreen Cleansing Oil &#8211; Huile nettoyante &#8211; 200ml"},"content":{"rendered":"<div class=\"Y3BBE\" data-sfc-cp=\"\" data-sfc-cb=\"\" data-hveid=\"CAEIARAA\" data-complete=\"true\" data-processed=\"true\"><strong>Cette huile \u00e0 l&rsquo;armoise et au th\u00e9 vert\u00a0dissout le maquillage tout en apaisant les peaux sensibles et sujettes aux imperfections.<span class=\"uJ19be notranslate\" data-wiz-uids=\"lPRynd_d,lPRynd_e\" data-sfc-cb=\"\" data-complete=\"true\" data-processed=\"true\"><span class=\"vKEkVd\" data-animation-atomic=\"\" data-wiz-attrbind=\"class=lPRynd_c\/TKHnVd\" data-sae=\"\"><span aria-hidden=\"true\">\u00a0<\/span><\/span><\/span><\/strong><\/div>","protected":false},"excerpt":{"rendered":"<p><strong>Massez sur\u00a0visage sec, \u00e9mulsionnez avec un peu d&rsquo;eau, puis rincez abondamment \u00e0 l&rsquo;eau ti\u00e8de.<span class=\"uJ19be notranslate\" data-wiz-uids=\"lPRynd_j,lPRynd_k\" data-sfc-cb=\"\" data-complete=\"true\" data-processed=\"true\"><span class=\"vKEkVd\" data-animation-atomic=\"\" data-wiz-attrbind=\"class=lPRynd_i\/TKHnVd\" data-sae=\"\"><span aria-hidden=\"true\" aria-owns=\"action-menu-parent-container\">\u00a0<\/span><\/span><\/span><\/strong><\/p>","protected":false},"featured_media":43230,"comment_status":"open","ping_status":"closed","template":"","meta":[],"product_brand":[1026,1015],"product_cat":[344,345,346,348,357,434],"product_tag":[],"class_list":{"0":"post-43222","1":"product","2":"type-product","3":"status-publish","4":"has-post-thumbnail","6":"product_brand-manyo","7":"product_brand-populare","8":"product_cat-skincare","9":"product_cat-demaquillants","10":"product_cat-nettoyants","11":"product_cat-soin-concentre","12":"product_cat-huiles-nettoyantes","13":"product_cat-nouveautes","15":"first","16":"instock","17":"sale","18":"shipping-taxable","19":"purchasable","20":"product-type-simple"},"_links":{"self":[{"href":"https:\/\/gangnambeaute.com\/en\/wp-json\/wp\/v2\/product\/43222","targetHints":{"allow":["GET"]}}],"collection":[{"href":"https:\/\/gangnambeaute.com\/en\/wp-json\/wp\/v2\/product"}],"about":[{"href":"https:\/\/gangnambeaute.com\/en\/wp-json\/wp\/v2\/types\/product"}],"replies":[{"embeddable":true,"href":"https:\/\/gangnambeaute.com\/en\/wp-json\/wp\/v2\/comments?post=43222"}],"version-history":[{"count":1,"href":"https:\/\/gangnambeaute.com\/en\/wp-json\/wp\/v2\/product\/43222\/revisions"}],"predecessor-version":[{"id":43228,"href":"https:\/\/gangnambeaute.com\/en\/wp-json\/wp\/v2\/product\/43222\/revisions\/43228"}],"wp:featuredmedia":[{"embeddable":true,"href":"https:\/\/gangnambeaute.com\/en\/wp-json\/wp\/v2\/media\/43230"}],"wp:attachment":[{"href":"https:\/\/gangnambeaute.com\/en\/wp-json\/wp\/v2\/media?parent=43222"}],"wp:term":[{"taxonomy":"product_brand","embeddable":true,"href":"https:\/\/gangnambeaute.com\/en\/wp-json\/wp\/v2\/product_brand?post=43222"},{"taxonomy":"product_cat","embeddable":true,"href":"https:\/\/gangnambeaute.com\/en\/wp-json\/wp\/v2\/product_cat?post=43222"},{"taxonomy":"product_tag","embeddable":true,"href":"https:\/\/gangnambeaute.com\/en\/wp-json\/wp\/v2\/product_tag?post=43222"}],"curies":[{"name":"wp","href":"https:\/\/api.w.org\/{rel}","templated":true}]}}