{"id":43124,"date":"2026-03-06T16:29:50","date_gmt":"2026-03-06T16:29:50","guid":{"rendered":"https:\/\/gangnambeaute.com\/?post_type=product&#038;p=43124"},"modified":"2026-04-11T02:55:33","modified_gmt":"2026-04-11T02:55:33","slug":"seoul-1988-cream-snail-mucin-93-rice-creme-visage-100ml","status":"publish","type":"product","link":"https:\/\/gangnambeaute.com\/en\/product\/seoul-1988-cream-snail-mucin-93-rice-creme-visage-100ml\/","title":{"rendered":"SEOUL 1988 &#8211; Cream : Snail Mucin 93% + Rice &#8211; Cr\u00e8me Visage &#8211; 100ml"},"content":{"rendered":"<div class=\"Y3BBE\" data-sfc-cp=\"\" data-sfc-cb=\"\" data-hveid=\"CAEIAhAA\" data-processed=\"true\" data-complete=\"true\"><strong>cette cr\u00e8me \u00e0 la\u00a0bave d&rsquo;escargot (93%)\u00a0et au\u00a0riz r\u00e9pare intens\u00e9ment la peau tout en l&rsquo;illuminant pour un fini lisse et \u00e9clatant.<\/strong><\/div>","protected":false},"excerpt":{"rendered":"<div class=\"Y3BBE\" data-sfc-cp=\"\" data-sfc-cb=\"\" data-hveid=\"CAEIAxAA\" data-complete=\"true\" data-processed=\"true\"><strong>Appliquez une noisette sur votre\u00a0visage propre matin et soir, apr\u00e8s vos s\u00e9rums, puis massez jusqu&rsquo;\u00e0 absorption compl\u00e8te.<\/strong><\/div>","protected":false},"featured_media":43126,"comment_status":"open","ping_status":"closed","template":"","meta":[],"product_brand":[1027,1015],"product_cat":[344,348,370,434],"product_tag":[],"class_list":{"0":"post-43124","1":"product","2":"type-product","3":"status-publish","4":"has-post-thumbnail","6":"product_brand-k-secret","7":"product_brand-populare","8":"product_cat-skincare","9":"product_cat-soin-concentre","10":"product_cat-cremes","11":"product_cat-nouveautes","13":"first","14":"outofstock","15":"sale","16":"shipping-taxable","17":"purchasable","18":"product-type-simple"},"_links":{"self":[{"href":"https:\/\/gangnambeaute.com\/en\/wp-json\/wp\/v2\/product\/43124","targetHints":{"allow":["GET"]}}],"collection":[{"href":"https:\/\/gangnambeaute.com\/en\/wp-json\/wp\/v2\/product"}],"about":[{"href":"https:\/\/gangnambeaute.com\/en\/wp-json\/wp\/v2\/types\/product"}],"replies":[{"embeddable":true,"href":"https:\/\/gangnambeaute.com\/en\/wp-json\/wp\/v2\/comments?post=43124"}],"version-history":[{"count":3,"href":"https:\/\/gangnambeaute.com\/en\/wp-json\/wp\/v2\/product\/43124\/revisions"}],"predecessor-version":[{"id":43998,"href":"https:\/\/gangnambeaute.com\/en\/wp-json\/wp\/v2\/product\/43124\/revisions\/43998"}],"wp:featuredmedia":[{"embeddable":true,"href":"https:\/\/gangnambeaute.com\/en\/wp-json\/wp\/v2\/media\/43126"}],"wp:attachment":[{"href":"https:\/\/gangnambeaute.com\/en\/wp-json\/wp\/v2\/media?parent=43124"}],"wp:term":[{"taxonomy":"product_brand","embeddable":true,"href":"https:\/\/gangnambeaute.com\/en\/wp-json\/wp\/v2\/product_brand?post=43124"},{"taxonomy":"product_cat","embeddable":true,"href":"https:\/\/gangnambeaute.com\/en\/wp-json\/wp\/v2\/product_cat?post=43124"},{"taxonomy":"product_tag","embeddable":true,"href":"https:\/\/gangnambeaute.com\/en\/wp-json\/wp\/v2\/product_tag?post=43124"}],"curies":[{"name":"wp","href":"https:\/\/api.w.org\/{rel}","templated":true}]}}