{"id":43115,"date":"2026-03-06T16:19:52","date_gmt":"2026-03-06T16:19:52","guid":{"rendered":"https:\/\/gangnambeaute.com\/?post_type=product&#038;p=43115"},"modified":"2026-04-11T02:55:33","modified_gmt":"2026-04-11T02:55:33","slug":"seapuri-shavik-glacier-cream-creme-visage-70-ml","status":"publish","type":"product","link":"https:\/\/gangnambeaute.com\/en\/product\/seapuri-shavik-glacier-cream-creme-visage-70-ml\/","title":{"rendered":"Seapuri &#8211; Shavik Glacier Cream &#8211; Cr\u00e8me Visage &#8211; 70 ml"},"content":{"rendered":"<p><strong>Cette cr\u00e8me \u00e0 l&rsquo;eau de glacier\u00a0et \u00e0 la\u00a0niacinamide\u00a0apaise instantan\u00e9ment, hydrate en profondeur et lisse les ridules pour un teint frais et unifi\u00e9.<span class=\"uJ19be notranslate\" data-wiz-uids=\"M7lTUb_o,M7lTUb_p\" data-sfc-cb=\"\" data-complete=\"true\" data-processed=\"true\"><span class=\"vKEkVd\" data-animation-atomic=\"\" data-wiz-attrbind=\"class=M7lTUb_n\/TKHnVd\" data-sae=\"\"><span aria-hidden=\"true\">\u00a0<\/span><\/span><\/span><\/strong><\/p>","protected":false},"excerpt":{"rendered":"<div class=\"Y3BBE\" data-sfc-cp=\"\" data-sfc-cb=\"\" data-hveid=\"CAEIBBAA\" data-processed=\"true\" data-complete=\"true\"><strong>Appliquez une noisette sur votre\u00a0visage et cou propres\u00a0comme derni\u00e8re \u00e9tape de votre routine, matin et soir, puis tapotez pour faire p\u00e9n\u00e9trer.<span class=\"uJ19be notranslate\" data-wiz-uids=\"M7lTUb_z,M7lTUb_10\" data-sfc-cb=\"\" data-complete=\"true\" data-processed=\"true\"><span class=\"vKEkVd\" data-animation-atomic=\"\" data-wiz-attrbind=\"class=M7lTUb_y\/TKHnVd\" data-sae=\"\"><span aria-hidden=\"true\">\u00a0<\/span><\/span><\/span><\/strong><\/div>","protected":false},"featured_media":43123,"comment_status":"open","ping_status":"closed","template":"","meta":[],"product_brand":[1015,1033],"product_cat":[344,348,370,434],"product_tag":[],"class_list":{"0":"post-43115","1":"product","2":"type-product","3":"status-publish","4":"has-post-thumbnail","6":"product_brand-populare","7":"product_brand-seapuri","8":"product_cat-skincare","9":"product_cat-soin-concentre","10":"product_cat-cremes","11":"product_cat-nouveautes","13":"first","14":"instock","15":"sale","16":"shipping-taxable","17":"purchasable","18":"product-type-simple"},"_links":{"self":[{"href":"https:\/\/gangnambeaute.com\/en\/wp-json\/wp\/v2\/product\/43115","targetHints":{"allow":["GET"]}}],"collection":[{"href":"https:\/\/gangnambeaute.com\/en\/wp-json\/wp\/v2\/product"}],"about":[{"href":"https:\/\/gangnambeaute.com\/en\/wp-json\/wp\/v2\/types\/product"}],"replies":[{"embeddable":true,"href":"https:\/\/gangnambeaute.com\/en\/wp-json\/wp\/v2\/comments?post=43115"}],"version-history":[{"count":2,"href":"https:\/\/gangnambeaute.com\/en\/wp-json\/wp\/v2\/product\/43115\/revisions"}],"predecessor-version":[{"id":43999,"href":"https:\/\/gangnambeaute.com\/en\/wp-json\/wp\/v2\/product\/43115\/revisions\/43999"}],"wp:featuredmedia":[{"embeddable":true,"href":"https:\/\/gangnambeaute.com\/en\/wp-json\/wp\/v2\/media\/43123"}],"wp:attachment":[{"href":"https:\/\/gangnambeaute.com\/en\/wp-json\/wp\/v2\/media?parent=43115"}],"wp:term":[{"taxonomy":"product_brand","embeddable":true,"href":"https:\/\/gangnambeaute.com\/en\/wp-json\/wp\/v2\/product_brand?post=43115"},{"taxonomy":"product_cat","embeddable":true,"href":"https:\/\/gangnambeaute.com\/en\/wp-json\/wp\/v2\/product_cat?post=43115"},{"taxonomy":"product_tag","embeddable":true,"href":"https:\/\/gangnambeaute.com\/en\/wp-json\/wp\/v2\/product_tag?post=43115"}],"curies":[{"name":"wp","href":"https:\/\/api.w.org\/{rel}","templated":true}]}}