{"id":38449,"date":"2026-01-29T16:44:57","date_gmt":"2026-01-29T16:44:57","guid":{"rendered":"https:\/\/gangnambeaute.com\/?post_type=product&#038;p=38449"},"modified":"2026-04-11T02:55:27","modified_gmt":"2026-04-11T02:55:27","slug":"beauty-of-joseon-moonlight-glow-gift-set-serum-visage-eye-serum-creme-visage-exclusive-kit","status":"publish","type":"product","link":"https:\/\/gangnambeaute.com\/en\/product\/beauty-of-joseon-moonlight-glow-gift-set-serum-visage-eye-serum-creme-visage-exclusive-kit\/","title":{"rendered":"Beauty of Joseon &#8211; Moonlight Glow Gift Set &#8211; S\u00e9rum Visage &#8211; Eye S\u00e9rum &#8211; Cr\u00e8me Visage &#8211; Exclusive Kit"},"content":{"rendered":"<div class=\"Y3BBE\" data-sfc-cp=\"\" data-hveid=\"CAEIARAA\" data-complete=\"true\" data-processed=\"true\"><strong>Ce pack complet comprend un\u00a0s\u00e9rum contour des yeux\u00a0anti-rides au r\u00e9tinal, un\u00a0s\u00e9rum \u00e9clat\u00a0anti-imperfections \u00e0 la propolis et une\u00a0cr\u00e8me visage au ginseng pour hydrater, lisser et illuminer votre peau.<\/strong><\/div>","protected":false},"excerpt":{"rendered":"<p><strong>Appliquez d&rsquo;abord le s\u00e9rum \u00e0 la propolis sur l&rsquo;ensemble du visage, puis tapotez d\u00e9licatement le s\u00e9rum au r\u00e9tinal sur le contour des yeux, et terminez en appliquant la cr\u00e8me Dynasty pour hydrater et prot\u00e9ger votre peau.<\/strong><\/p>","protected":false},"featured_media":43949,"comment_status":"open","ping_status":"closed","template":"","meta":[],"product_brand":[1063],"product_cat":[434,435,436,344,437,348,353,368,370,379,429,431],"product_tag":[666],"class_list":{"0":"post-38449","1":"product","2":"type-product","3":"status-publish","4":"has-post-thumbnail","6":"product_brand-beauty-of-joseon","7":"product_cat-nouveautes","8":"product_cat-retour-en-stock","9":"product_cat-kits-coffrets","10":"product_cat-skincare","11":"product_cat-kits-de-marques-officielles","12":"product_cat-soin-concentre","13":"product_cat-soins-des-yeux","14":"product_cat-serums","15":"product_cat-cremes","16":"product_cat-creme-contour-des-yeux","17":"product_cat-soldes","18":"product_cat-offres","19":"product_tag-coupcoeur","21":"first","22":"outofstock","23":"sale","24":"shipping-taxable","25":"purchasable","26":"product-type-simple"},"_links":{"self":[{"href":"https:\/\/gangnambeaute.com\/en\/wp-json\/wp\/v2\/product\/38449","targetHints":{"allow":["GET"]}}],"collection":[{"href":"https:\/\/gangnambeaute.com\/en\/wp-json\/wp\/v2\/product"}],"about":[{"href":"https:\/\/gangnambeaute.com\/en\/wp-json\/wp\/v2\/types\/product"}],"replies":[{"embeddable":true,"href":"https:\/\/gangnambeaute.com\/en\/wp-json\/wp\/v2\/comments?post=38449"}],"version-history":[{"count":3,"href":"https:\/\/gangnambeaute.com\/en\/wp-json\/wp\/v2\/product\/38449\/revisions"}],"predecessor-version":[{"id":42534,"href":"https:\/\/gangnambeaute.com\/en\/wp-json\/wp\/v2\/product\/38449\/revisions\/42534"}],"wp:featuredmedia":[{"embeddable":true,"href":"https:\/\/gangnambeaute.com\/en\/wp-json\/wp\/v2\/media\/43949"}],"wp:attachment":[{"href":"https:\/\/gangnambeaute.com\/en\/wp-json\/wp\/v2\/media?parent=38449"}],"wp:term":[{"taxonomy":"product_brand","embeddable":true,"href":"https:\/\/gangnambeaute.com\/en\/wp-json\/wp\/v2\/product_brand?post=38449"},{"taxonomy":"product_cat","embeddable":true,"href":"https:\/\/gangnambeaute.com\/en\/wp-json\/wp\/v2\/product_cat?post=38449"},{"taxonomy":"product_tag","embeddable":true,"href":"https:\/\/gangnambeaute.com\/en\/wp-json\/wp\/v2\/product_tag?post=38449"}],"curies":[{"name":"wp","href":"https:\/\/api.w.org\/{rel}","templated":true}]}}