{"id":38432,"date":"2026-01-29T12:14:56","date_gmt":"2026-01-29T12:14:56","guid":{"rendered":"https:\/\/gangnambeaute.com\/?post_type=product&#038;p=38432"},"modified":"2026-04-15T16:28:58","modified_gmt":"2026-04-15T16:28:58","slug":"medicube-age-r-vita-c-pro-ampoule-20ml","status":"publish","type":"product","link":"https:\/\/gangnambeaute.com\/en\/product\/medicube-age-r-vita-c-pro-ampoule-20ml\/","title":{"rendered":"Medicube &#8211; AGE-R Vita C Pro Ampoule &#8211; 20ml"},"content":{"rendered":"<p>&nbsp;<\/p>\n<div class=\"Y3BBE\" data-sfc-cp=\"\" data-hveid=\"CAEIARAA\" data-complete=\"true\" data-processed=\"true\"><strong>Cette\u00a0ampoule \u00e0 la vitamine C efface les taches et booste l&rsquo;\u00e9clat ainsi que l&rsquo;\u00e9lasticit\u00e9 pour une peau lisse et lumineuse.<\/strong><\/div>\n<p>&nbsp;<\/p>","protected":false},"excerpt":{"rendered":"<p><strong>Apr\u00e8s avoir utilis\u00e9 le tonique, appliquez une quantit\u00e9 mod\u00e9r\u00e9e sur l&rsquo;ensemble du visage et tapotez doucement pour faire p\u00e9n\u00e9trer.<\/strong><\/p>","protected":false},"featured_media":43944,"comment_status":"open","ping_status":"closed","template":"","meta":[],"product_brand":[1015,1058],"product_cat":[344,348,349,369],"product_tag":[],"class_list":{"0":"post-38432","1":"product","2":"type-product","3":"status-publish","4":"has-post-thumbnail","6":"product_brand-populare","7":"product_brand-medicube-populare","8":"product_cat-skincare","9":"product_cat-soin-concentre","10":"product_cat-vitamine-c","11":"product_cat-ampoules","13":"first","14":"instock","15":"sale","16":"shipping-taxable","17":"purchasable","18":"product-type-simple"},"_links":{"self":[{"href":"https:\/\/gangnambeaute.com\/en\/wp-json\/wp\/v2\/product\/38432","targetHints":{"allow":["GET"]}}],"collection":[{"href":"https:\/\/gangnambeaute.com\/en\/wp-json\/wp\/v2\/product"}],"about":[{"href":"https:\/\/gangnambeaute.com\/en\/wp-json\/wp\/v2\/types\/product"}],"replies":[{"embeddable":true,"href":"https:\/\/gangnambeaute.com\/en\/wp-json\/wp\/v2\/comments?post=38432"}],"version-history":[{"count":3,"href":"https:\/\/gangnambeaute.com\/en\/wp-json\/wp\/v2\/product\/38432\/revisions"}],"predecessor-version":[{"id":42618,"href":"https:\/\/gangnambeaute.com\/en\/wp-json\/wp\/v2\/product\/38432\/revisions\/42618"}],"wp:featuredmedia":[{"embeddable":true,"href":"https:\/\/gangnambeaute.com\/en\/wp-json\/wp\/v2\/media\/43944"}],"wp:attachment":[{"href":"https:\/\/gangnambeaute.com\/en\/wp-json\/wp\/v2\/media?parent=38432"}],"wp:term":[{"taxonomy":"product_brand","embeddable":true,"href":"https:\/\/gangnambeaute.com\/en\/wp-json\/wp\/v2\/product_brand?post=38432"},{"taxonomy":"product_cat","embeddable":true,"href":"https:\/\/gangnambeaute.com\/en\/wp-json\/wp\/v2\/product_cat?post=38432"},{"taxonomy":"product_tag","embeddable":true,"href":"https:\/\/gangnambeaute.com\/en\/wp-json\/wp\/v2\/product_tag?post=38432"}],"curies":[{"name":"wp","href":"https:\/\/api.w.org\/{rel}","templated":true}]}}