{"id":38289,"date":"2026-01-27T15:51:26","date_gmt":"2026-01-27T15:51:26","guid":{"rendered":"https:\/\/gangnambeaute.com\/?post_type=product&#038;p=38289"},"modified":"2026-04-11T02:55:20","modified_gmt":"2026-04-11T02:55:20","slug":"dr-reju-all-advanced-lc-ceramide-barrier-cream-creme-visage-50ml","status":"publish","type":"product","link":"https:\/\/gangnambeaute.com\/en\/product\/dr-reju-all-advanced-lc-ceramide-barrier-cream-creme-visage-50ml\/","title":{"rendered":"\u00a0Dr.Reju-all &#8211; Advanced LC-Ceramide Barrier Cream &#8211; Cr\u00e8me Visage &#8211; 50ml"},"content":{"rendered":"<p>&nbsp;<\/p>\n<p><strong>Cette cr\u00e8me renforce la barri\u00e8re cutan\u00e9e gr\u00e2ce aux\u00a0c\u00e9ramides (1%)\u00a0et hydrate intens\u00e9ment pour r\u00e9parer les peaux s\u00e8ches. Son m\u00e9lange de\u00a0panth\u00e9nol et niacinamide\u00a0apaise les irritations et am\u00e9liore l&rsquo;\u00e9lasticit\u00e9. Sa texture gel-cr\u00e8me l\u00e9g\u00e8re p\u00e9n\u00e8tre vite sans coller, pour une peau plus lisse et r\u00e9sistante.<\/strong><\/p>\n<p>&nbsp;<\/p>","protected":false},"excerpt":{"rendered":"<p><strong>Matin et soir, massez doucement une petite quantit\u00e9 sur votre visage et votre cou propres jusqu&rsquo;\u00e0 absorption compl\u00e8te.<\/strong><\/p>","protected":false},"featured_media":42087,"comment_status":"open","ping_status":"closed","template":"","meta":[],"product_brand":[1015,1034],"product_cat":[344,348,370,434],"product_tag":[],"class_list":{"0":"post-38289","1":"product","2":"type-product","3":"status-publish","4":"has-post-thumbnail","6":"product_brand-populare","7":"product_brand-dr-reju-all","8":"product_cat-skincare","9":"product_cat-soin-concentre","10":"product_cat-cremes","11":"product_cat-nouveautes","13":"first","14":"instock","15":"sale","16":"shipping-taxable","17":"purchasable","18":"product-type-simple"},"_links":{"self":[{"href":"https:\/\/gangnambeaute.com\/en\/wp-json\/wp\/v2\/product\/38289","targetHints":{"allow":["GET"]}}],"collection":[{"href":"https:\/\/gangnambeaute.com\/en\/wp-json\/wp\/v2\/product"}],"about":[{"href":"https:\/\/gangnambeaute.com\/en\/wp-json\/wp\/v2\/types\/product"}],"replies":[{"embeddable":true,"href":"https:\/\/gangnambeaute.com\/en\/wp-json\/wp\/v2\/comments?post=38289"}],"version-history":[{"count":4,"href":"https:\/\/gangnambeaute.com\/en\/wp-json\/wp\/v2\/product\/38289\/revisions"}],"predecessor-version":[{"id":44011,"href":"https:\/\/gangnambeaute.com\/en\/wp-json\/wp\/v2\/product\/38289\/revisions\/44011"}],"wp:featuredmedia":[{"embeddable":true,"href":"https:\/\/gangnambeaute.com\/en\/wp-json\/wp\/v2\/media\/42087"}],"wp:attachment":[{"href":"https:\/\/gangnambeaute.com\/en\/wp-json\/wp\/v2\/media?parent=38289"}],"wp:term":[{"taxonomy":"product_brand","embeddable":true,"href":"https:\/\/gangnambeaute.com\/en\/wp-json\/wp\/v2\/product_brand?post=38289"},{"taxonomy":"product_cat","embeddable":true,"href":"https:\/\/gangnambeaute.com\/en\/wp-json\/wp\/v2\/product_cat?post=38289"},{"taxonomy":"product_tag","embeddable":true,"href":"https:\/\/gangnambeaute.com\/en\/wp-json\/wp\/v2\/product_tag?post=38289"}],"curies":[{"name":"wp","href":"https:\/\/api.w.org\/{rel}","templated":true}]}}