{"id":38260,"date":"2026-01-27T14:56:44","date_gmt":"2026-01-27T14:56:44","guid":{"rendered":"https:\/\/gangnambeaute.com\/?post_type=product&#038;p=38260"},"modified":"2026-04-11T02:55:19","modified_gmt":"2026-04-11T02:55:19","slug":"seapuri-spicuraxel-pore-ampoule-30ml","status":"publish","type":"product","link":"https:\/\/gangnambeaute.com\/en\/product\/seapuri-spicuraxel-pore-ampoule-30ml\/","title":{"rendered":"Seapuri\u00a0&#8211;\u00a0Spicuraxel Pore Ampoule &#8211; Ampoule visage 30ml"},"content":{"rendered":"<p><strong>Cette ampoule au collag\u00e8ne et aux\u00a0spicules\u00a0raffermit la peau et\u00a0resserre les pores en acc\u00e9l\u00e9rant le renouvellement cellulaire pour un grain de peau lisse et unifi\u00e9.<\/strong><\/p>","protected":false},"excerpt":{"rendered":"<p><strong>Appliquez l&rsquo;ampoule sur un visage propre en\u00a0massant d\u00e9licatement pour faire p\u00e9n\u00e9trer les spicules, puis terminez par une pression douce avec les paumes pour optimiser l&rsquo;absorption du collag\u00e8ne.<\/strong><\/p>","protected":false},"featured_media":42079,"comment_status":"open","ping_status":"closed","template":"","meta":[],"product_brand":[1015,1033],"product_cat":[344,348,368,434],"product_tag":[666],"class_list":{"0":"post-38260","1":"product","2":"type-product","3":"status-publish","4":"has-post-thumbnail","6":"product_brand-populare","7":"product_brand-seapuri","8":"product_cat-skincare","9":"product_cat-soin-concentre","10":"product_cat-serums","11":"product_cat-nouveautes","12":"product_tag-coupcoeur","14":"first","15":"instock","16":"sale","17":"shipping-taxable","18":"purchasable","19":"product-type-simple"},"_links":{"self":[{"href":"https:\/\/gangnambeaute.com\/en\/wp-json\/wp\/v2\/product\/38260","targetHints":{"allow":["GET"]}}],"collection":[{"href":"https:\/\/gangnambeaute.com\/en\/wp-json\/wp\/v2\/product"}],"about":[{"href":"https:\/\/gangnambeaute.com\/en\/wp-json\/wp\/v2\/types\/product"}],"replies":[{"embeddable":true,"href":"https:\/\/gangnambeaute.com\/en\/wp-json\/wp\/v2\/comments?post=38260"}],"version-history":[{"count":3,"href":"https:\/\/gangnambeaute.com\/en\/wp-json\/wp\/v2\/product\/38260\/revisions"}],"predecessor-version":[{"id":44151,"href":"https:\/\/gangnambeaute.com\/en\/wp-json\/wp\/v2\/product\/38260\/revisions\/44151"}],"wp:featuredmedia":[{"embeddable":true,"href":"https:\/\/gangnambeaute.com\/en\/wp-json\/wp\/v2\/media\/42079"}],"wp:attachment":[{"href":"https:\/\/gangnambeaute.com\/en\/wp-json\/wp\/v2\/media?parent=38260"}],"wp:term":[{"taxonomy":"product_brand","embeddable":true,"href":"https:\/\/gangnambeaute.com\/en\/wp-json\/wp\/v2\/product_brand?post=38260"},{"taxonomy":"product_cat","embeddable":true,"href":"https:\/\/gangnambeaute.com\/en\/wp-json\/wp\/v2\/product_cat?post=38260"},{"taxonomy":"product_tag","embeddable":true,"href":"https:\/\/gangnambeaute.com\/en\/wp-json\/wp\/v2\/product_tag?post=38260"}],"curies":[{"name":"wp","href":"https:\/\/api.w.org\/{rel}","templated":true}]}}