{"id":38244,"date":"2026-01-27T14:42:35","date_gmt":"2026-01-27T14:42:35","guid":{"rendered":"https:\/\/gangnambeaute.com\/?post_type=product&#038;p=38244"},"modified":"2026-04-11T02:55:18","modified_gmt":"2026-04-11T02:55:18","slug":"dr-melaxin-peel-shot-exfoliating-black-rice-ampoule-80ml","status":"publish","type":"product","link":"https:\/\/gangnambeaute.com\/en\/product\/dr-melaxin-peel-shot-exfoliating-black-rice-ampoule-80ml\/","title":{"rendered":"Dr.Melaxin\u00a0&#8211;\u00a0Peel Shot Exfoliating Black Rice Ampoule &#8211; 80ml"},"content":{"rendered":"<p>&nbsp;<\/p>\n<ul>\n<li style=\"text-align: left;\"><strong>\u00a0Cette ampoule au riz noir procure un soin approfondi des pores tout en boostant l\u2019\u00e9clat de la peau.<\/strong><\/li>\n<li style=\"text-align: left;\"><strong>\u00a0Efficacit\u00e9 contre les points noirs, le s\u00e9bum et les pores dilat\u00e9s prouv\u00e9e cliniquement.<\/strong><\/li>\n<li style=\"text-align: left;\"><strong>\u00a0Enrichie en eau de son de riz et PENTAVITIN, elle \u00e9limine les impuret\u00e9s et permet une absorption efficace des ingr\u00e9dients resserrant les pores par la peau.<\/strong><\/li>\n<li style=\"text-align: left;\"><strong>\u00a0Contient des ingr\u00e9dients hydratants gardant la peau hydrat\u00e9e.<\/strong><\/li>\n<li style=\"text-align: left;\"><strong>A fait l\u2019objet d\u2019un test d\u2019irritation cutan\u00e9e. Certifi\u00e9 non-irritant.<\/strong><\/li>\n<\/ul>","protected":false},"excerpt":{"rendered":"<ul>\n<li style=\"text-align: left;\"><strong>\u00a0Apr\u00e8s lavage du visage, appliquez une quantit\u00e9 convenable de produit sur l\u2019enti\u00e8ret\u00e9 de votre visage et massez votre peau.<\/strong><\/li>\n<li style=\"text-align: left;\"><strong>\u00a0Puis rincez soigneusement \u00e0 l\u2019eau.<\/strong><\/li>\n<\/ul>","protected":false},"featured_media":42071,"comment_status":"open","ping_status":"closed","template":"","meta":[],"product_brand":[1015,1032],"product_cat":[344,348,369,434],"product_tag":[],"class_list":{"0":"post-38244","1":"product","2":"type-product","3":"status-publish","4":"has-post-thumbnail","6":"product_brand-populare","7":"product_brand-dr-melaxin","8":"product_cat-skincare","9":"product_cat-soin-concentre","10":"product_cat-ampoules","11":"product_cat-nouveautes","13":"first","14":"outofstock","15":"sale","16":"shipping-taxable","17":"purchasable","18":"product-type-simple"},"_links":{"self":[{"href":"https:\/\/gangnambeaute.com\/en\/wp-json\/wp\/v2\/product\/38244","targetHints":{"allow":["GET"]}}],"collection":[{"href":"https:\/\/gangnambeaute.com\/en\/wp-json\/wp\/v2\/product"}],"about":[{"href":"https:\/\/gangnambeaute.com\/en\/wp-json\/wp\/v2\/types\/product"}],"replies":[{"embeddable":true,"href":"https:\/\/gangnambeaute.com\/en\/wp-json\/wp\/v2\/comments?post=38244"}],"version-history":[{"count":3,"href":"https:\/\/gangnambeaute.com\/en\/wp-json\/wp\/v2\/product\/38244\/revisions"}],"predecessor-version":[{"id":42374,"href":"https:\/\/gangnambeaute.com\/en\/wp-json\/wp\/v2\/product\/38244\/revisions\/42374"}],"wp:featuredmedia":[{"embeddable":true,"href":"https:\/\/gangnambeaute.com\/en\/wp-json\/wp\/v2\/media\/42071"}],"wp:attachment":[{"href":"https:\/\/gangnambeaute.com\/en\/wp-json\/wp\/v2\/media?parent=38244"}],"wp:term":[{"taxonomy":"product_brand","embeddable":true,"href":"https:\/\/gangnambeaute.com\/en\/wp-json\/wp\/v2\/product_brand?post=38244"},{"taxonomy":"product_cat","embeddable":true,"href":"https:\/\/gangnambeaute.com\/en\/wp-json\/wp\/v2\/product_cat?post=38244"},{"taxonomy":"product_tag","embeddable":true,"href":"https:\/\/gangnambeaute.com\/en\/wp-json\/wp\/v2\/product_tag?post=38244"}],"curies":[{"name":"wp","href":"https:\/\/api.w.org\/{rel}","templated":true}]}}