{"id":38231,"date":"2026-01-27T14:28:34","date_gmt":"2026-01-27T14:28:34","guid":{"rendered":"https:\/\/gangnambeaute.com\/?post_type=product&#038;p=38231"},"modified":"2026-04-13T14:03:59","modified_gmt":"2026-04-13T14:03:59","slug":"purito-seoul-wonder-releaf-centella-bb-creme-4-couleurs","status":"publish","type":"product","link":"https:\/\/gangnambeaute.com\/en\/product\/purito-seoul-wonder-releaf-centella-bb-creme-4-couleurs\/","title":{"rendered":"Purito SEOUL\u00a0&#8211;\u00a0Wonder Releaf Centella BB Cr\u00e8me &#8211; BB cr\u00e8me &#8211; 4 Couleurs"},"content":{"rendered":"<p><strong>Cette BB cr\u00e8me sert \u00e0\u00a0unifier le teint tout en apaisant les peaux sensibles et en renfor\u00e7ant la barri\u00e8re cutan\u00e9e gr\u00e2ce \u00e0 l&rsquo;extrait de Centella Asiatica.<\/strong><\/p>","protected":false},"excerpt":{"rendered":"<p><strong>Appliquez une petite noisette sur votre\u00a0visage propre\u00a0et \u00e9tirez la mati\u00e8re au doigt, \u00e0 l&rsquo;\u00e9ponge ou au pinceau pour un fini naturel.<\/strong><\/p>","protected":false},"featured_media":43781,"comment_status":"open","ping_status":"closed","template":"","meta":[],"product_brand":[1031,1015],"product_cat":[388,393,432,435],"product_tag":[],"class_list":{"0":"post-38231","1":"product","2":"type-product","3":"status-publish","4":"has-post-thumbnail","6":"product_brand-purito-seoul","7":"product_brand-populare","8":"product_cat-maquillage","9":"product_cat-bb-creme","10":"product_cat-meilleurs-ventes","11":"product_cat-retour-en-stock","13":"first","14":"instock","15":"sale","16":"shipping-taxable","17":"purchasable","18":"product-type-variable"},"_links":{"self":[{"href":"https:\/\/gangnambeaute.com\/en\/wp-json\/wp\/v2\/product\/38231","targetHints":{"allow":["GET"]}}],"collection":[{"href":"https:\/\/gangnambeaute.com\/en\/wp-json\/wp\/v2\/product"}],"about":[{"href":"https:\/\/gangnambeaute.com\/en\/wp-json\/wp\/v2\/types\/product"}],"replies":[{"embeddable":true,"href":"https:\/\/gangnambeaute.com\/en\/wp-json\/wp\/v2\/comments?post=38231"}],"version-history":[{"count":4,"href":"https:\/\/gangnambeaute.com\/en\/wp-json\/wp\/v2\/product\/38231\/revisions"}],"predecessor-version":[{"id":43782,"href":"https:\/\/gangnambeaute.com\/en\/wp-json\/wp\/v2\/product\/38231\/revisions\/43782"}],"wp:featuredmedia":[{"embeddable":true,"href":"https:\/\/gangnambeaute.com\/en\/wp-json\/wp\/v2\/media\/43781"}],"wp:attachment":[{"href":"https:\/\/gangnambeaute.com\/en\/wp-json\/wp\/v2\/media?parent=38231"}],"wp:term":[{"taxonomy":"product_brand","embeddable":true,"href":"https:\/\/gangnambeaute.com\/en\/wp-json\/wp\/v2\/product_brand?post=38231"},{"taxonomy":"product_cat","embeddable":true,"href":"https:\/\/gangnambeaute.com\/en\/wp-json\/wp\/v2\/product_cat?post=38231"},{"taxonomy":"product_tag","embeddable":true,"href":"https:\/\/gangnambeaute.com\/en\/wp-json\/wp\/v2\/product_tag?post=38231"}],"curies":[{"name":"wp","href":"https:\/\/api.w.org\/{rel}","templated":true}]}}