{"id":38225,"date":"2026-01-27T14:21:09","date_gmt":"2026-01-27T14:21:09","guid":{"rendered":"https:\/\/gangnambeaute.com\/?post_type=product&#038;p=38225"},"modified":"2026-04-11T02:55:17","modified_gmt":"2026-04-11T02:55:17","slug":"purito-seoul-mighty-bamboo-panthenol-cream-creme-visage-100ml","status":"publish","type":"product","link":"https:\/\/gangnambeaute.com\/en\/product\/purito-seoul-mighty-bamboo-panthenol-cream-creme-visage-100ml\/","title":{"rendered":"Purito SEOUL\u00a0&#8211;\u00a0Mighty Bamboo Panthenol Cream\u00a0&#8211; Cr\u00e8me Visage &#8211; 100ml"},"content":{"rendered":"<p><strong>Cette cr\u00e8me sert \u00e0\u00a0fortifier la barri\u00e8re cutan\u00e9e et \u00e0 apaiser les peaux sensibles gr\u00e2ce \u00e0 l&rsquo;extrait de bambou et \u00e0 10 % de panth\u00e9nol.<\/strong><\/p>","protected":false},"excerpt":{"rendered":"<div class=\"Y3BBE\" data-sfc-cp=\"\" data-sfc-cb=\"\" data-hveid=\"CAEIAhAA\" data-complete=\"true\" data-processed=\"true\"><strong>Appliquez une noisette sur votre\u00a0visage propre et massez doucement jusqu&rsquo;\u00e0 absorption compl\u00e8te, matin et soir.<\/strong><\/div>","protected":false},"featured_media":42063,"comment_status":"open","ping_status":"closed","template":"","meta":[],"product_brand":[1015,1031],"product_cat":[344,348,370,434],"product_tag":[],"class_list":{"0":"post-38225","1":"product","2":"type-product","3":"status-publish","4":"has-post-thumbnail","6":"product_brand-populare","7":"product_brand-purito-seoul","8":"product_cat-skincare","9":"product_cat-soin-concentre","10":"product_cat-cremes","11":"product_cat-nouveautes","13":"first","14":"outofstock","15":"sale","16":"shipping-taxable","17":"purchasable","18":"product-type-simple"},"_links":{"self":[{"href":"https:\/\/gangnambeaute.com\/en\/wp-json\/wp\/v2\/product\/38225","targetHints":{"allow":["GET"]}}],"collection":[{"href":"https:\/\/gangnambeaute.com\/en\/wp-json\/wp\/v2\/product"}],"about":[{"href":"https:\/\/gangnambeaute.com\/en\/wp-json\/wp\/v2\/types\/product"}],"replies":[{"embeddable":true,"href":"https:\/\/gangnambeaute.com\/en\/wp-json\/wp\/v2\/comments?post=38225"}],"version-history":[{"count":3,"href":"https:\/\/gangnambeaute.com\/en\/wp-json\/wp\/v2\/product\/38225\/revisions"}],"predecessor-version":[{"id":43784,"href":"https:\/\/gangnambeaute.com\/en\/wp-json\/wp\/v2\/product\/38225\/revisions\/43784"}],"wp:featuredmedia":[{"embeddable":true,"href":"https:\/\/gangnambeaute.com\/en\/wp-json\/wp\/v2\/media\/42063"}],"wp:attachment":[{"href":"https:\/\/gangnambeaute.com\/en\/wp-json\/wp\/v2\/media?parent=38225"}],"wp:term":[{"taxonomy":"product_brand","embeddable":true,"href":"https:\/\/gangnambeaute.com\/en\/wp-json\/wp\/v2\/product_brand?post=38225"},{"taxonomy":"product_cat","embeddable":true,"href":"https:\/\/gangnambeaute.com\/en\/wp-json\/wp\/v2\/product_cat?post=38225"},{"taxonomy":"product_tag","embeddable":true,"href":"https:\/\/gangnambeaute.com\/en\/wp-json\/wp\/v2\/product_tag?post=38225"}],"curies":[{"name":"wp","href":"https:\/\/api.w.org\/{rel}","templated":true}]}}