{"id":38218,"date":"2026-01-27T14:13:51","date_gmt":"2026-01-27T14:13:51","guid":{"rendered":"https:\/\/gangnambeaute.com\/?post_type=product&#038;p=38218"},"modified":"2026-04-11T02:55:17","modified_gmt":"2026-04-11T02:55:17","slug":"purito-seoul-oat-in-calming-gel-cream-100ml","status":"publish","type":"product","link":"https:\/\/gangnambeaute.com\/en\/product\/purito-seoul-oat-in-calming-gel-cream-100ml\/","title":{"rendered":"Purito SEOUL\u00a0&#8211;\u00a0Oat-In Calming Gel Cream &#8211; 100ml"},"content":{"rendered":"<p>&nbsp;<\/p>\n<div class=\"Y3BBE\" data-sfc-cp=\"\" data-sfc-cb=\"\" data-hveid=\"CAEIARAA\" data-processed=\"true\" data-complete=\"true\"><strong>Cette cr\u00e8me sert \u00e0\u00a0apaiser les peaux sensibles et \u00e0 hydrater sans fini gras gr\u00e2ce \u00e0 l&rsquo;eau d&rsquo;avoine et \u00e0 l&rsquo;huile de noyau d&rsquo;avoine.<\/strong><\/div>","protected":false},"excerpt":{"rendered":"<p><strong>Apr\u00e8s l&rsquo;application du s\u00e9rum, appliquez une quantit\u00e9 mod\u00e9r\u00e9e de produit sur l&rsquo;ensemble de votre visage. Tapotez doucement pour une meilleure absorption.<\/strong><\/p>","protected":false},"featured_media":44150,"comment_status":"open","ping_status":"closed","template":"","meta":[],"product_brand":[1015,1031],"product_cat":[344,346,348,360,434],"product_tag":[],"class_list":{"0":"post-38218","1":"product","2":"type-product","3":"status-publish","4":"has-post-thumbnail","6":"product_brand-populare","7":"product_brand-purito-seoul","8":"product_cat-skincare","9":"product_cat-nettoyants","10":"product_cat-soin-concentre","11":"product_cat-gels-nettoyants","12":"product_cat-nouveautes","14":"first","15":"outofstock","16":"sale","17":"shipping-taxable","18":"purchasable","19":"product-type-simple"},"_links":{"self":[{"href":"https:\/\/gangnambeaute.com\/en\/wp-json\/wp\/v2\/product\/38218","targetHints":{"allow":["GET"]}}],"collection":[{"href":"https:\/\/gangnambeaute.com\/en\/wp-json\/wp\/v2\/product"}],"about":[{"href":"https:\/\/gangnambeaute.com\/en\/wp-json\/wp\/v2\/types\/product"}],"replies":[{"embeddable":true,"href":"https:\/\/gangnambeaute.com\/en\/wp-json\/wp\/v2\/comments?post=38218"}],"version-history":[{"count":4,"href":"https:\/\/gangnambeaute.com\/en\/wp-json\/wp\/v2\/product\/38218\/revisions"}],"predecessor-version":[{"id":43786,"href":"https:\/\/gangnambeaute.com\/en\/wp-json\/wp\/v2\/product\/38218\/revisions\/43786"}],"wp:featuredmedia":[{"embeddable":true,"href":"https:\/\/gangnambeaute.com\/en\/wp-json\/wp\/v2\/media\/44150"}],"wp:attachment":[{"href":"https:\/\/gangnambeaute.com\/en\/wp-json\/wp\/v2\/media?parent=38218"}],"wp:term":[{"taxonomy":"product_brand","embeddable":true,"href":"https:\/\/gangnambeaute.com\/en\/wp-json\/wp\/v2\/product_brand?post=38218"},{"taxonomy":"product_cat","embeddable":true,"href":"https:\/\/gangnambeaute.com\/en\/wp-json\/wp\/v2\/product_cat?post=38218"},{"taxonomy":"product_tag","embeddable":true,"href":"https:\/\/gangnambeaute.com\/en\/wp-json\/wp\/v2\/product_tag?post=38218"}],"curies":[{"name":"wp","href":"https:\/\/api.w.org\/{rel}","templated":true}]}}