{"id":38204,"date":"2026-01-27T13:45:52","date_gmt":"2026-01-27T13:45:52","guid":{"rendered":"https:\/\/gangnambeaute.com\/?post_type=product&#038;p=38204"},"modified":"2026-04-11T02:55:16","modified_gmt":"2026-04-11T02:55:16","slug":"purito-seoul-azelaic-acid-10-kojic-tea-tree-serum-30ml","status":"publish","type":"product","link":"https:\/\/gangnambeaute.com\/en\/product\/purito-seoul-azelaic-acid-10-kojic-tea-tree-serum-30ml\/","title":{"rendered":"Purito SEOUL\u00a0&#8211;\u00a0Azelaic Acid 10 Kojic Tea Tree Serum\u00a0 visage &#8211; 30ml"},"content":{"rendered":"<p><strong>Ce s\u00e9rum sert \u00e0\u00a0<strong class=\"Yjhzub\" data-sfc-cb=\"\" data-complete=\"true\">r\u00e9duire l&rsquo;acn\u00e9<\/strong> et \u00e0 \u00e9claircir les taches post-inflammatoires gr\u00e2ce \u00e0 l&rsquo;acide az\u00e9la\u00efque, l&rsquo;acide kojique et l&rsquo;arbre \u00e0 th\u00e9.<\/strong><\/p>","protected":false},"excerpt":{"rendered":"<p>&nbsp;<\/p>\n<div class=\"Y3BBE\" data-sfc-cp=\"\" data-sfc-cb=\"\" data-hveid=\"CAEIAhAA\" data-complete=\"true\" data-processed=\"true\"><strong>Appliquez 2 \u00e0 3 gouttes sur votre\u00a0visage propre (sur les zones cibl\u00e9es ou l&rsquo;ensemble du visage) et tapotez doucement avant votre cr\u00e8me.<\/strong><\/div>","protected":false},"featured_media":42052,"comment_status":"open","ping_status":"closed","template":"","meta":[],"product_brand":[1015,1031],"product_cat":[344,348,368,434,435],"product_tag":[],"class_list":{"0":"post-38204","1":"product","2":"type-product","3":"status-publish","4":"has-post-thumbnail","6":"product_brand-populare","7":"product_brand-purito-seoul","8":"product_cat-skincare","9":"product_cat-soin-concentre","10":"product_cat-serums","11":"product_cat-nouveautes","12":"product_cat-retour-en-stock","14":"first","15":"outofstock","16":"sale","17":"shipping-taxable","18":"purchasable","19":"product-type-simple"},"_links":{"self":[{"href":"https:\/\/gangnambeaute.com\/en\/wp-json\/wp\/v2\/product\/38204","targetHints":{"allow":["GET"]}}],"collection":[{"href":"https:\/\/gangnambeaute.com\/en\/wp-json\/wp\/v2\/product"}],"about":[{"href":"https:\/\/gangnambeaute.com\/en\/wp-json\/wp\/v2\/types\/product"}],"replies":[{"embeddable":true,"href":"https:\/\/gangnambeaute.com\/en\/wp-json\/wp\/v2\/comments?post=38204"}],"version-history":[{"count":4,"href":"https:\/\/gangnambeaute.com\/en\/wp-json\/wp\/v2\/product\/38204\/revisions"}],"predecessor-version":[{"id":43787,"href":"https:\/\/gangnambeaute.com\/en\/wp-json\/wp\/v2\/product\/38204\/revisions\/43787"}],"wp:featuredmedia":[{"embeddable":true,"href":"https:\/\/gangnambeaute.com\/en\/wp-json\/wp\/v2\/media\/42052"}],"wp:attachment":[{"href":"https:\/\/gangnambeaute.com\/en\/wp-json\/wp\/v2\/media?parent=38204"}],"wp:term":[{"taxonomy":"product_brand","embeddable":true,"href":"https:\/\/gangnambeaute.com\/en\/wp-json\/wp\/v2\/product_brand?post=38204"},{"taxonomy":"product_cat","embeddable":true,"href":"https:\/\/gangnambeaute.com\/en\/wp-json\/wp\/v2\/product_cat?post=38204"},{"taxonomy":"product_tag","embeddable":true,"href":"https:\/\/gangnambeaute.com\/en\/wp-json\/wp\/v2\/product_tag?post=38204"}],"curies":[{"name":"wp","href":"https:\/\/api.w.org\/{rel}","templated":true}]}}