{"id":38187,"date":"2026-01-27T12:54:09","date_gmt":"2026-01-27T12:54:09","guid":{"rendered":"https:\/\/gangnambeaute.com\/?post_type=product&#038;p=38187"},"modified":"2026-04-11T02:55:16","modified_gmt":"2026-04-11T02:55:16","slug":"purito-seoul-wonder-releaf-centella-serum-serum-visage-15ml","status":"publish","type":"product","link":"https:\/\/gangnambeaute.com\/en\/product\/purito-seoul-wonder-releaf-centella-serum-serum-visage-15ml\/","title":{"rendered":"Purito SEOUL\u00a0&#8211;\u00a0Wonder Releaf Centella Serum &#8211; S\u00e9rum Visage &#8211; 15ML"},"content":{"rendered":"<p><strong>Ce s\u00e9rum sert \u00e0\u00a0<strong class=\"Yjhzub\" data-sfc-cb=\"\" data-complete=\"true\">apaiser instantan\u00e9ment<\/strong> les rougeurs et \u00e0 r\u00e9parer la barri\u00e8re cutan\u00e9e gr\u00e2ce \u00e0 une forte concentration en Centella Asiatica et peptides.<\/strong><\/p>","protected":false},"excerpt":{"rendered":"<div class=\"Y3BBE\" data-sfc-cp=\"\" data-sfc-cb=\"\" data-hveid=\"CAEIAhAA\" data-complete=\"true\" data-processed=\"true\"><strong>Appliquez 1 \u00e0 2 pressions sur votre\u00a0visage propre et tapotez doucement pour favoriser l&rsquo;absorption avant votre cr\u00e8me.<\/strong><\/div>","protected":false},"featured_media":42043,"comment_status":"open","ping_status":"closed","template":"","meta":[],"product_brand":[1015,1031],"product_cat":[344,348,368,434],"product_tag":[],"class_list":{"0":"post-38187","1":"product","2":"type-product","3":"status-publish","4":"has-post-thumbnail","6":"product_brand-populare","7":"product_brand-purito-seoul","8":"product_cat-skincare","9":"product_cat-soin-concentre","10":"product_cat-serums","11":"product_cat-nouveautes","13":"first","14":"outofstock","15":"sale","16":"shipping-taxable","17":"purchasable","18":"product-type-simple"},"_links":{"self":[{"href":"https:\/\/gangnambeaute.com\/en\/wp-json\/wp\/v2\/product\/38187","targetHints":{"allow":["GET"]}}],"collection":[{"href":"https:\/\/gangnambeaute.com\/en\/wp-json\/wp\/v2\/product"}],"about":[{"href":"https:\/\/gangnambeaute.com\/en\/wp-json\/wp\/v2\/types\/product"}],"replies":[{"embeddable":true,"href":"https:\/\/gangnambeaute.com\/en\/wp-json\/wp\/v2\/comments?post=38187"}],"version-history":[{"count":2,"href":"https:\/\/gangnambeaute.com\/en\/wp-json\/wp\/v2\/product\/38187\/revisions"}],"predecessor-version":[{"id":43789,"href":"https:\/\/gangnambeaute.com\/en\/wp-json\/wp\/v2\/product\/38187\/revisions\/43789"}],"wp:featuredmedia":[{"embeddable":true,"href":"https:\/\/gangnambeaute.com\/en\/wp-json\/wp\/v2\/media\/42043"}],"wp:attachment":[{"href":"https:\/\/gangnambeaute.com\/en\/wp-json\/wp\/v2\/media?parent=38187"}],"wp:term":[{"taxonomy":"product_brand","embeddable":true,"href":"https:\/\/gangnambeaute.com\/en\/wp-json\/wp\/v2\/product_brand?post=38187"},{"taxonomy":"product_cat","embeddable":true,"href":"https:\/\/gangnambeaute.com\/en\/wp-json\/wp\/v2\/product_cat?post=38187"},{"taxonomy":"product_tag","embeddable":true,"href":"https:\/\/gangnambeaute.com\/en\/wp-json\/wp\/v2\/product_tag?post=38187"}],"curies":[{"name":"wp","href":"https:\/\/api.w.org\/{rel}","templated":true}]}}