{"id":38149,"date":"2026-01-27T11:14:36","date_gmt":"2026-01-27T11:14:36","guid":{"rendered":"https:\/\/gangnambeaute.com\/?post_type=product&#038;p=38149"},"modified":"2026-04-11T02:55:12","modified_gmt":"2026-04-11T02:55:12","slug":"skin1004-madagascar-centella-hyalu-cica-gentle-lait-demaquillant-200ml","status":"publish","type":"product","link":"https:\/\/gangnambeaute.com\/en\/product\/skin1004-madagascar-centella-hyalu-cica-gentle-lait-demaquillant-200ml\/","title":{"rendered":"SKIN1004\u00a0&#8211;\u00a0Madagascar Centella Hyalu-Cica Gentle &#8211; Lait d\u00e9maquillant &#8211; 200ml"},"content":{"rendered":"<p><strong>Ce lait sert \u00e0\u00a0d\u00e9maquiller en douceur et \u00e0 hydrater intens\u00e9ment les peaux s\u00e8ches gr\u00e2ce \u00e0 l&rsquo;acide hyaluronique et \u00e0 la centella asiatica.<\/strong><\/p>","protected":false},"excerpt":{"rendered":"<p>&nbsp;<\/p>\n<div class=\"Y3BBE\" data-sfc-cp=\"\" data-sfc-cb=\"\" data-hveid=\"CAEIAhAA\" data-complete=\"true\" data-processed=\"true\"><strong>Massez une dose sur votre\u00a0visage sec, travaillez le produit pour dissoudre le maquillage, puis rincez \u00e0 l&rsquo;eau ti\u00e8de ou essuyez avec un coton.<\/strong><\/div>","protected":false},"featured_media":43666,"comment_status":"open","ping_status":"closed","template":"","meta":[],"product_brand":[1015,1046],"product_cat":[344,345,348,434,435],"product_tag":[],"class_list":{"0":"post-38149","1":"product","2":"type-product","3":"status-publish","4":"has-post-thumbnail","6":"product_brand-populare","7":"product_brand-skin-1004-populare","8":"product_cat-skincare","9":"product_cat-demaquillants","10":"product_cat-soin-concentre","11":"product_cat-nouveautes","12":"product_cat-retour-en-stock","14":"first","15":"outofstock","16":"sale","17":"shipping-taxable","18":"purchasable","19":"product-type-simple"},"_links":{"self":[{"href":"https:\/\/gangnambeaute.com\/en\/wp-json\/wp\/v2\/product\/38149","targetHints":{"allow":["GET"]}}],"collection":[{"href":"https:\/\/gangnambeaute.com\/en\/wp-json\/wp\/v2\/product"}],"about":[{"href":"https:\/\/gangnambeaute.com\/en\/wp-json\/wp\/v2\/types\/product"}],"replies":[{"embeddable":true,"href":"https:\/\/gangnambeaute.com\/en\/wp-json\/wp\/v2\/comments?post=38149"}],"version-history":[{"count":3,"href":"https:\/\/gangnambeaute.com\/en\/wp-json\/wp\/v2\/product\/38149\/revisions"}],"predecessor-version":[{"id":43667,"href":"https:\/\/gangnambeaute.com\/en\/wp-json\/wp\/v2\/product\/38149\/revisions\/43667"}],"wp:featuredmedia":[{"embeddable":true,"href":"https:\/\/gangnambeaute.com\/en\/wp-json\/wp\/v2\/media\/43666"}],"wp:attachment":[{"href":"https:\/\/gangnambeaute.com\/en\/wp-json\/wp\/v2\/media?parent=38149"}],"wp:term":[{"taxonomy":"product_brand","embeddable":true,"href":"https:\/\/gangnambeaute.com\/en\/wp-json\/wp\/v2\/product_brand?post=38149"},{"taxonomy":"product_cat","embeddable":true,"href":"https:\/\/gangnambeaute.com\/en\/wp-json\/wp\/v2\/product_cat?post=38149"},{"taxonomy":"product_tag","embeddable":true,"href":"https:\/\/gangnambeaute.com\/en\/wp-json\/wp\/v2\/product_tag?post=38149"}],"curies":[{"name":"wp","href":"https:\/\/api.w.org\/{rel}","templated":true}]}}