{"id":38137,"date":"2026-01-27T10:59:20","date_gmt":"2026-01-27T10:59:20","guid":{"rendered":"https:\/\/gangnambeaute.com\/?post_type=product&#038;p=38137"},"modified":"2026-04-11T02:55:11","modified_gmt":"2026-04-11T02:55:11","slug":"skin1004-lab-in-nature-madagascar-centella-niacinamide-10-30ml","status":"publish","type":"product","link":"https:\/\/gangnambeaute.com\/en\/product\/skin1004-lab-in-nature-madagascar-centella-niacinamide-10-30ml\/","title":{"rendered":"SKIN1004\u00a0&#8211;\u00a0Lab in Nature Madagascar Centella Niacinamide 10% &#8211; 30ml"},"content":{"rendered":"<p><strong>Ce s\u00e9rum sert \u00e0\u00a0r\u00e9duire les imperfections et \u00e0 unifier le teint gr\u00e2ce \u00e0 une haute concentration de 10 % de niacinamide.<\/strong><\/p>\n<p>&nbsp;<\/p>\n<p>&nbsp;<\/p>","protected":false},"excerpt":{"rendered":"<div class=\"Y3BBE\" data-sfc-cp=\"\" data-sfc-cb=\"\" data-hveid=\"CAEIAhAA\" data-complete=\"true\" data-processed=\"true\"><strong>Appliquez 2 \u00e0 3 gouttes sur votre\u00a0visage propre et tapotez doucement jusqu&rsquo;\u00e0 absorption compl\u00e8te avant votre cr\u00e8me.<\/strong><\/div>","protected":false},"featured_media":44148,"comment_status":"open","ping_status":"closed","template":"","meta":[],"product_brand":[1015,1046],"product_cat":[344,348,369,434],"product_tag":[],"class_list":{"0":"post-38137","1":"product","2":"type-product","3":"status-publish","4":"has-post-thumbnail","6":"product_brand-populare","7":"product_brand-skin-1004-populare","8":"product_cat-skincare","9":"product_cat-soin-concentre","10":"product_cat-ampoules","11":"product_cat-nouveautes","13":"first","14":"outofstock","15":"sale","16":"shipping-taxable","17":"purchasable","18":"product-type-simple"},"_links":{"self":[{"href":"https:\/\/gangnambeaute.com\/en\/wp-json\/wp\/v2\/product\/38137","targetHints":{"allow":["GET"]}}],"collection":[{"href":"https:\/\/gangnambeaute.com\/en\/wp-json\/wp\/v2\/product"}],"about":[{"href":"https:\/\/gangnambeaute.com\/en\/wp-json\/wp\/v2\/types\/product"}],"replies":[{"embeddable":true,"href":"https:\/\/gangnambeaute.com\/en\/wp-json\/wp\/v2\/comments?post=38137"}],"version-history":[{"count":2,"href":"https:\/\/gangnambeaute.com\/en\/wp-json\/wp\/v2\/product\/38137\/revisions"}],"predecessor-version":[{"id":43669,"href":"https:\/\/gangnambeaute.com\/en\/wp-json\/wp\/v2\/product\/38137\/revisions\/43669"}],"wp:featuredmedia":[{"embeddable":true,"href":"https:\/\/gangnambeaute.com\/en\/wp-json\/wp\/v2\/media\/44148"}],"wp:attachment":[{"href":"https:\/\/gangnambeaute.com\/en\/wp-json\/wp\/v2\/media?parent=38137"}],"wp:term":[{"taxonomy":"product_brand","embeddable":true,"href":"https:\/\/gangnambeaute.com\/en\/wp-json\/wp\/v2\/product_brand?post=38137"},{"taxonomy":"product_cat","embeddable":true,"href":"https:\/\/gangnambeaute.com\/en\/wp-json\/wp\/v2\/product_cat?post=38137"},{"taxonomy":"product_tag","embeddable":true,"href":"https:\/\/gangnambeaute.com\/en\/wp-json\/wp\/v2\/product_tag?post=38137"}],"curies":[{"name":"wp","href":"https:\/\/api.w.org\/{rel}","templated":true}]}}