{"id":38018,"date":"2026-01-26T12:31:56","date_gmt":"2026-01-26T12:31:56","guid":{"rendered":"https:\/\/gangnambeaute.com\/?post_type=product&#038;p=38018"},"modified":"2026-04-11T02:55:00","modified_gmt":"2026-04-11T02:55:00","slug":"medicube-kojic-acid-turmeric-toning-cleanser-120g","status":"publish","type":"product","link":"https:\/\/gangnambeaute.com\/en\/product\/medicube-kojic-acid-turmeric-toning-cleanser-120g\/","title":{"rendered":"Medicube\u00a0&#8211;\u00a0Kojic Acid Turmeric Toning Cleanser &#8211; 120g"},"content":{"rendered":"<p>&nbsp;<\/p>\n<div class=\"Y3BBE\" data-sfc-cp=\"\" data-sfc-cb=\"\" data-hveid=\"CAEIARAA\" data-complete=\"true\" data-processed=\"true\"><strong>Ce nettoyant au\u00a0curcuma et acide kojique\u00a0purifie les pores et unifie le teint d\u00e8s la premi\u00e8re utilisation pour une peau \u00e9clatante et apais\u00e9e.<button class=\"rBl3me\" tabindex=\"0\" data-amic=\"true\" data-icl-uuid=\"366b676f-e6c2-4a83-835f-742b932e4d36\" aria-label=\"Afficher les liens associ\u00e9s\" data-wiz-attrbind=\"disabled=iG8Xgf_c\/C5gNJc;aria-label=iG8Xgf_c\/bOjMyf;class=iG8Xgf_c\/UpSNec\" data-ved=\"2ahUKEwihkZqBtoaTAxWkbKQEHUEYBDkQye0OegYIAQgBEAE\" data-hveid=\"CAEIARAB\"><\/button><\/strong><\/div>","protected":false},"excerpt":{"rendered":"<p><strong>Massez sur\u00a0visage humide, puis rincez abondamment pour \u00e9liminer les impuret\u00e9s et les cellules mortes.<\/strong><\/p>","protected":false},"featured_media":42927,"comment_status":"open","ping_status":"closed","template":"","meta":[],"product_brand":[1058,1015],"product_cat":[344,346,347,348,358,434],"product_tag":[],"class_list":{"0":"post-38018","1":"product","2":"type-product","3":"status-publish","4":"has-post-thumbnail","6":"product_brand-medicube-populare","7":"product_brand-populare","8":"product_cat-skincare","9":"product_cat-nettoyants","10":"product_cat-toniques","11":"product_cat-soin-concentre","12":"product_cat-baumes-nettoyants","13":"product_cat-nouveautes","15":"first","16":"outofstock","17":"sale","18":"shipping-taxable","19":"purchasable","20":"product-type-simple"},"_links":{"self":[{"href":"https:\/\/gangnambeaute.com\/en\/wp-json\/wp\/v2\/product\/38018","targetHints":{"allow":["GET"]}}],"collection":[{"href":"https:\/\/gangnambeaute.com\/en\/wp-json\/wp\/v2\/product"}],"about":[{"href":"https:\/\/gangnambeaute.com\/en\/wp-json\/wp\/v2\/types\/product"}],"replies":[{"embeddable":true,"href":"https:\/\/gangnambeaute.com\/en\/wp-json\/wp\/v2\/comments?post=38018"}],"version-history":[{"count":2,"href":"https:\/\/gangnambeaute.com\/en\/wp-json\/wp\/v2\/product\/38018\/revisions"}],"predecessor-version":[{"id":42926,"href":"https:\/\/gangnambeaute.com\/en\/wp-json\/wp\/v2\/product\/38018\/revisions\/42926"}],"wp:featuredmedia":[{"embeddable":true,"href":"https:\/\/gangnambeaute.com\/en\/wp-json\/wp\/v2\/media\/42927"}],"wp:attachment":[{"href":"https:\/\/gangnambeaute.com\/en\/wp-json\/wp\/v2\/media?parent=38018"}],"wp:term":[{"taxonomy":"product_brand","embeddable":true,"href":"https:\/\/gangnambeaute.com\/en\/wp-json\/wp\/v2\/product_brand?post=38018"},{"taxonomy":"product_cat","embeddable":true,"href":"https:\/\/gangnambeaute.com\/en\/wp-json\/wp\/v2\/product_cat?post=38018"},{"taxonomy":"product_tag","embeddable":true,"href":"https:\/\/gangnambeaute.com\/en\/wp-json\/wp\/v2\/product_tag?post=38018"}],"curies":[{"name":"wp","href":"https:\/\/api.w.org\/{rel}","templated":true}]}}