{"id":37992,"date":"2026-01-24T15:21:29","date_gmt":"2026-01-24T15:21:29","guid":{"rendered":"https:\/\/gangnambeaute.com\/?post_type=product&#038;p=37992"},"modified":"2026-04-24T14:35:21","modified_gmt":"2026-04-24T14:35:21","slug":"medicube-wrapping-mask-collagen-glazed-milky-glow-masque-visage-75ml","status":"publish","type":"product","link":"https:\/\/gangnambeaute.com\/en\/product\/medicube-wrapping-mask-collagen-glazed-milky-glow-masque-visage-75ml\/","title":{"rendered":"Medicube Wrapping Mask Collagen Glazed Milky Glow &#8211; Masque Visage &#8211; 75ml"},"content":{"rendered":"<p>&nbsp;<\/p>\n<p><strong>Ce masque au collag\u00e8ne et glutathion raffermit, nourrit intens\u00e9ment et illumine le teint en 20 minutes pour une peau repulp\u00e9e et \u00e9clatante.<\/strong><\/p>\n<div class=\"Y3BBE\" data-sfc-cp=\"\" data-hveid=\"CAEIARAA\" data-complete=\"true\" data-processed=\"true\"><\/div>\n<div class=\"Fsg96\" data-sfc-cp=\"\" data-complete=\"true\" data-processed=\"true\"><\/div>","protected":false},"excerpt":{"rendered":"<div class=\"Y3BBE\" data-sfc-cp=\"\" data-hveid=\"CAEIARAA\" data-complete=\"true\" data-processed=\"true\"><strong>Appliquez uniform\u00e9ment sur le visage propre, laissez poser 20 \u00e0 30 minutes jusqu&rsquo;\u00e0 formation du film, puis retirez-le d\u00e9licatement.<\/strong><\/div>\n<div class=\"Fsg96\" data-sfc-cp=\"\" data-complete=\"true\" data-processed=\"true\"><\/div>","protected":false},"featured_media":44367,"comment_status":"open","ping_status":"closed","template":"","meta":[],"product_brand":[1015,1058],"product_cat":[344,348,355,385,434,435],"product_tag":[],"class_list":{"0":"post-37992","1":"product","2":"type-product","3":"status-publish","4":"has-post-thumbnail","6":"product_brand-populare","7":"product_brand-medicube-populare","8":"product_cat-skincare","9":"product_cat-soin-concentre","10":"product_cat-masques","11":"product_cat-masques-de-sommeil","12":"product_cat-nouveautes","13":"product_cat-retour-en-stock","15":"first","16":"outofstock","17":"sale","18":"shipping-taxable","19":"purchasable","20":"product-type-simple"},"_links":{"self":[{"href":"https:\/\/gangnambeaute.com\/en\/wp-json\/wp\/v2\/product\/37992","targetHints":{"allow":["GET"]}}],"collection":[{"href":"https:\/\/gangnambeaute.com\/en\/wp-json\/wp\/v2\/product"}],"about":[{"href":"https:\/\/gangnambeaute.com\/en\/wp-json\/wp\/v2\/types\/product"}],"replies":[{"embeddable":true,"href":"https:\/\/gangnambeaute.com\/en\/wp-json\/wp\/v2\/comments?post=37992"}],"version-history":[{"count":5,"href":"https:\/\/gangnambeaute.com\/en\/wp-json\/wp\/v2\/product\/37992\/revisions"}],"predecessor-version":[{"id":42655,"href":"https:\/\/gangnambeaute.com\/en\/wp-json\/wp\/v2\/product\/37992\/revisions\/42655"}],"wp:featuredmedia":[{"embeddable":true,"href":"https:\/\/gangnambeaute.com\/en\/wp-json\/wp\/v2\/media\/44367"}],"wp:attachment":[{"href":"https:\/\/gangnambeaute.com\/en\/wp-json\/wp\/v2\/media?parent=37992"}],"wp:term":[{"taxonomy":"product_brand","embeddable":true,"href":"https:\/\/gangnambeaute.com\/en\/wp-json\/wp\/v2\/product_brand?post=37992"},{"taxonomy":"product_cat","embeddable":true,"href":"https:\/\/gangnambeaute.com\/en\/wp-json\/wp\/v2\/product_cat?post=37992"},{"taxonomy":"product_tag","embeddable":true,"href":"https:\/\/gangnambeaute.com\/en\/wp-json\/wp\/v2\/product_tag?post=37992"}],"curies":[{"name":"wp","href":"https:\/\/api.w.org\/{rel}","templated":true}]}}