{"id":37976,"date":"2026-01-24T14:48:33","date_gmt":"2026-01-24T14:48:33","guid":{"rendered":"https:\/\/gangnambeaute.com\/?post_type=product&#038;p=37976"},"modified":"2026-04-24T14:41:50","modified_gmt":"2026-04-24T14:41:50","slug":"37976","status":"publish","type":"product","link":"https:\/\/gangnambeaute.com\/en\/product\/37976\/","title":{"rendered":"Medicube &#8211; PDRN Pink Glutathione Capsule Cleansing Foam -120g"},"content":{"rendered":"<p>&nbsp;<\/p>\n<p>&nbsp;<\/p>\n<div class=\"Y3BBE\" data-sfc-cp=\"\" data-sfc-cb=\"\" data-hveid=\"CAEIARAA\" data-complete=\"true\" data-processed=\"true\"><strong>Cette lotion nettoyante au\u00a0PDRN de saumon\u00a0et\u00a0AHA\/PHA\u00a0exfolie en douceur et illumine le teint sans jamais tirailler ni ass\u00e9cher la peau.<button class=\"rBl3me\" tabindex=\"0\" data-amic=\"true\" data-icl-uuid=\"77873169-c3be-4c9a-8bb6-a7568504e3b8\" aria-label=\"Afficher les liens associ\u00e9s\" data-wiz-attrbind=\"disabled=yXYm7_d\/C5gNJc;aria-label=yXYm7_d\/bOjMyf;class=yXYm7_d\/UpSNec\" data-ved=\"2ahUKEwj0kPHSxIaTAxWtRaQEHTv_HpEQye0OegYIAQgBEAE\" data-hveid=\"CAEIARAB\"><\/button><\/strong><\/div>\n<p>&nbsp;<\/p>","protected":false},"excerpt":{"rendered":"<p><strong>\u00a0D\u00e9posez une quantit\u00e9 appropri\u00e9e sur vos mains mouill\u00e9es, frottez bien jusqu&rsquo;\u00e0 formation d&rsquo;une mousse, puis massez d\u00e9licatement sur votre visage et autres zones, et rincez abondamment \u00e0 l&rsquo;eau ti\u00e8de.<\/strong><\/p>","protected":false},"featured_media":44370,"comment_status":"open","ping_status":"closed","template":"","meta":[],"product_brand":[1015,1058],"product_cat":[344,346,348,360,434],"product_tag":[],"class_list":{"0":"post-37976","1":"product","2":"type-product","3":"status-publish","4":"has-post-thumbnail","6":"product_brand-populare","7":"product_brand-medicube-populare","8":"product_cat-skincare","9":"product_cat-nettoyants","10":"product_cat-soin-concentre","11":"product_cat-gels-nettoyants","12":"product_cat-nouveautes","14":"first","15":"outofstock","16":"sale","17":"shipping-taxable","18":"purchasable","19":"product-type-simple"},"_links":{"self":[{"href":"https:\/\/gangnambeaute.com\/en\/wp-json\/wp\/v2\/product\/37976","targetHints":{"allow":["GET"]}}],"collection":[{"href":"https:\/\/gangnambeaute.com\/en\/wp-json\/wp\/v2\/product"}],"about":[{"href":"https:\/\/gangnambeaute.com\/en\/wp-json\/wp\/v2\/types\/product"}],"replies":[{"embeddable":true,"href":"https:\/\/gangnambeaute.com\/en\/wp-json\/wp\/v2\/comments?post=37976"}],"version-history":[{"count":5,"href":"https:\/\/gangnambeaute.com\/en\/wp-json\/wp\/v2\/product\/37976\/revisions"}],"predecessor-version":[{"id":42930,"href":"https:\/\/gangnambeaute.com\/en\/wp-json\/wp\/v2\/product\/37976\/revisions\/42930"}],"wp:featuredmedia":[{"embeddable":true,"href":"https:\/\/gangnambeaute.com\/en\/wp-json\/wp\/v2\/media\/44370"}],"wp:attachment":[{"href":"https:\/\/gangnambeaute.com\/en\/wp-json\/wp\/v2\/media?parent=37976"}],"wp:term":[{"taxonomy":"product_brand","embeddable":true,"href":"https:\/\/gangnambeaute.com\/en\/wp-json\/wp\/v2\/product_brand?post=37976"},{"taxonomy":"product_cat","embeddable":true,"href":"https:\/\/gangnambeaute.com\/en\/wp-json\/wp\/v2\/product_cat?post=37976"},{"taxonomy":"product_tag","embeddable":true,"href":"https:\/\/gangnambeaute.com\/en\/wp-json\/wp\/v2\/product_tag?post=37976"}],"curies":[{"name":"wp","href":"https:\/\/api.w.org\/{rel}","templated":true}]}}