{"id":37953,"date":"2026-01-24T14:13:41","date_gmt":"2026-01-24T14:13:41","guid":{"rendered":"https:\/\/gangnambeaute.com\/?post_type=product&#038;p=37953"},"modified":"2026-04-11T02:54:57","modified_gmt":"2026-04-11T02:54:57","slug":"medicube-pdrn-pink-tone-up-sun-cream-creme-solaire-50ml","status":"publish","type":"product","link":"https:\/\/gangnambeaute.com\/en\/product\/medicube-pdrn-pink-tone-up-sun-cream-creme-solaire-50ml\/","title":{"rendered":"Medicube\u00a0&#8211;\u00a0PDRN Pink Tone Up Sun Cream &#8211; Cr\u00e8me Solaire &#8211; 50ml"},"content":{"rendered":"<p>&nbsp;<\/p>\n<div class=\"Y3BBE\" data-sfc-cp=\"\" data-hveid=\"CAEIARAA\" data-complete=\"true\" data-processed=\"true\"><strong>Cette\u00a0cr\u00e8me solaire au PDRN et au glutathion prot\u00e8ge des UV tout en raffermissant et illuminant intens\u00e9ment la peau.<\/strong><\/div>","protected":false},"excerpt":{"rendered":"<p><strong>Appliquez une noisette de produit apr\u00e8s votre routine de soins.<\/strong><\/p>","protected":false},"featured_media":44144,"comment_status":"open","ping_status":"closed","template":"","meta":[],"product_brand":[1015,1058],"product_cat":[344,348,352,370,376,434,435],"product_tag":[],"class_list":{"0":"post-37953","1":"product","2":"type-product","3":"status-publish","4":"has-post-thumbnail","6":"product_brand-populare","7":"product_brand-medicube-populare","8":"product_cat-skincare","9":"product_cat-soin-concentre","10":"product_cat-soins-solaires","11":"product_cat-cremes","12":"product_cat-ecrans","13":"product_cat-nouveautes","14":"product_cat-retour-en-stock","16":"first","17":"instock","18":"sale","19":"shipping-taxable","20":"purchasable","21":"product-type-simple"},"_links":{"self":[{"href":"https:\/\/gangnambeaute.com\/en\/wp-json\/wp\/v2\/product\/37953","targetHints":{"allow":["GET"]}}],"collection":[{"href":"https:\/\/gangnambeaute.com\/en\/wp-json\/wp\/v2\/product"}],"about":[{"href":"https:\/\/gangnambeaute.com\/en\/wp-json\/wp\/v2\/types\/product"}],"replies":[{"embeddable":true,"href":"https:\/\/gangnambeaute.com\/en\/wp-json\/wp\/v2\/comments?post=37953"}],"version-history":[{"count":3,"href":"https:\/\/gangnambeaute.com\/en\/wp-json\/wp\/v2\/product\/37953\/revisions"}],"predecessor-version":[{"id":42668,"href":"https:\/\/gangnambeaute.com\/en\/wp-json\/wp\/v2\/product\/37953\/revisions\/42668"}],"wp:featuredmedia":[{"embeddable":true,"href":"https:\/\/gangnambeaute.com\/en\/wp-json\/wp\/v2\/media\/44144"}],"wp:attachment":[{"href":"https:\/\/gangnambeaute.com\/en\/wp-json\/wp\/v2\/media?parent=37953"}],"wp:term":[{"taxonomy":"product_brand","embeddable":true,"href":"https:\/\/gangnambeaute.com\/en\/wp-json\/wp\/v2\/product_brand?post=37953"},{"taxonomy":"product_cat","embeddable":true,"href":"https:\/\/gangnambeaute.com\/en\/wp-json\/wp\/v2\/product_cat?post=37953"},{"taxonomy":"product_tag","embeddable":true,"href":"https:\/\/gangnambeaute.com\/en\/wp-json\/wp\/v2\/product_tag?post=37953"}],"curies":[{"name":"wp","href":"https:\/\/api.w.org\/{rel}","templated":true}]}}