{"id":37912,"date":"2026-01-24T11:40:46","date_gmt":"2026-01-24T11:40:46","guid":{"rendered":"https:\/\/gangnambeaute.com\/?post_type=product&#038;p=37912"},"modified":"2026-04-24T15:20:31","modified_gmt":"2026-04-24T15:20:31","slug":"medicube-hypochlorous-acid-peel-shot-80ml","status":"publish","type":"product","link":"https:\/\/gangnambeaute.com\/en\/product\/medicube-hypochlorous-acid-peel-shot-80ml\/","title":{"rendered":"Medicube &#8211; Hypochlorous Acid Peel Shot &#8211; S\u00e9rum Visage &#8211; 80ml"},"content":{"rendered":"<div class=\"Y3BBE\" data-sfc-cp=\"\" data-sfc-cb=\"\" data-hveid=\"CAEIARAA\" data-complete=\"true\" data-processed=\"true\"><strong>Ce s\u00e9rum \u00e0 l&rsquo;acide hypochloreux\u00a0purifie et apaise intens\u00e9ment la peau en \u00e9liminant les bact\u00e9ries responsables des imperfections et des irritations.<span class=\"uJ19be notranslate\" data-wiz-uids=\"X6BDG_d,X6BDG_e\" data-sfc-cb=\"\" data-complete=\"true\" data-processed=\"true\"><span class=\"vKEkVd\" data-animation-atomic=\"\" data-wiz-attrbind=\"class=X6BDG_c\/TKHnVd\" data-sae=\"\"><span aria-hidden=\"true\">\u00a0<\/span><\/span><\/span><\/strong><\/div>","protected":false},"excerpt":{"rendered":"<div class=\"Y3BBE\" data-sfc-cp=\"\" data-sfc-cb=\"\" data-hveid=\"CAEIAhAA\" data-processed=\"true\" data-complete=\"true\"><strong>Appliquez sur\u00a0peau propre et s\u00e8che comme un toner ou un s\u00e9rum, laissez absorber, puis suivez avec vos soins hydratants habituels.<\/strong><\/div>","protected":false},"featured_media":44376,"comment_status":"open","ping_status":"closed","template":"","meta":[],"product_brand":[1015,1058],"product_cat":[344,348,350,368,434],"product_tag":[],"class_list":{"0":"post-37912","1":"product","2":"type-product","3":"status-publish","4":"has-post-thumbnail","6":"product_brand-populare","7":"product_brand-medicube-populare","8":"product_cat-skincare","9":"product_cat-soin-concentre","10":"product_cat-exfoliants","11":"product_cat-serums","12":"product_cat-nouveautes","14":"first","15":"outofstock","16":"sale","17":"shipping-taxable","18":"purchasable","19":"product-type-simple"},"_links":{"self":[{"href":"https:\/\/gangnambeaute.com\/en\/wp-json\/wp\/v2\/product\/37912","targetHints":{"allow":["GET"]}}],"collection":[{"href":"https:\/\/gangnambeaute.com\/en\/wp-json\/wp\/v2\/product"}],"about":[{"href":"https:\/\/gangnambeaute.com\/en\/wp-json\/wp\/v2\/types\/product"}],"replies":[{"embeddable":true,"href":"https:\/\/gangnambeaute.com\/en\/wp-json\/wp\/v2\/comments?post=37912"}],"version-history":[{"count":4,"href":"https:\/\/gangnambeaute.com\/en\/wp-json\/wp\/v2\/product\/37912\/revisions"}],"predecessor-version":[{"id":42941,"href":"https:\/\/gangnambeaute.com\/en\/wp-json\/wp\/v2\/product\/37912\/revisions\/42941"}],"wp:featuredmedia":[{"embeddable":true,"href":"https:\/\/gangnambeaute.com\/en\/wp-json\/wp\/v2\/media\/44376"}],"wp:attachment":[{"href":"https:\/\/gangnambeaute.com\/en\/wp-json\/wp\/v2\/media?parent=37912"}],"wp:term":[{"taxonomy":"product_brand","embeddable":true,"href":"https:\/\/gangnambeaute.com\/en\/wp-json\/wp\/v2\/product_brand?post=37912"},{"taxonomy":"product_cat","embeddable":true,"href":"https:\/\/gangnambeaute.com\/en\/wp-json\/wp\/v2\/product_cat?post=37912"},{"taxonomy":"product_tag","embeddable":true,"href":"https:\/\/gangnambeaute.com\/en\/wp-json\/wp\/v2\/product_tag?post=37912"}],"curies":[{"name":"wp","href":"https:\/\/api.w.org\/{rel}","templated":true}]}}