{"id":37905,"date":"2026-01-24T11:31:58","date_gmt":"2026-01-24T11:31:58","guid":{"rendered":"https:\/\/gangnambeaute.com\/?post_type=product&#038;p=37905"},"modified":"2026-04-24T15:21:38","modified_gmt":"2026-04-24T15:21:38","slug":"medicube-hypochlorous-acid-daily-facial-spray-125ml","status":"publish","type":"product","link":"https:\/\/gangnambeaute.com\/en\/product\/medicube-hypochlorous-acid-daily-facial-spray-125ml\/","title":{"rendered":"Medicube &#8211; Hypochlorous Acid Daily Facial Spray &#8211; 125ml"},"content":{"rendered":"<div class=\"Y3BBE\" data-sfc-cp=\"\" data-sfc-cb=\"\" data-hveid=\"CAEIARAA\" data-complete=\"true\" data-processed=\"true\"><strong>Cette brume \u00e0 l&rsquo;acide hypochloreux\u00a0purifie et apaise instantan\u00e9ment votre peau en \u00e9liminant les bact\u00e9ries et en r\u00e9duisant les irritations.<span class=\"uJ19be notranslate\" data-wiz-uids=\"wKls1c_d,wKls1c_e\" data-sfc-cb=\"\" data-complete=\"true\" data-processed=\"true\"><span class=\"vKEkVd\" data-animation-atomic=\"\" data-wiz-attrbind=\"class=wKls1c_c\/TKHnVd\" data-sae=\"\"><span aria-hidden=\"true\">\u00a0<\/span><\/span><\/span><\/strong><\/div>","protected":false},"excerpt":{"rendered":"<p><strong>Vaporisez sur\u00a0visage propre\u00a0ou \u00e0 tout moment de la journ\u00e9e pour calmer et prot\u00e9ger la peau des agressions.<span class=\"uJ19be notranslate\" data-wiz-uids=\"wKls1c_j,wKls1c_k\" data-sfc-cb=\"\" data-complete=\"true\" data-processed=\"true\"><span class=\"vKEkVd\" data-animation-atomic=\"\" data-wiz-attrbind=\"class=wKls1c_i\/TKHnVd\" data-sae=\"\"><span aria-hidden=\"true\" aria-owns=\"action-menu-parent-container\">\u00a0<\/span><\/span><\/span><\/strong><\/p>","protected":false},"featured_media":44377,"comment_status":"open","ping_status":"closed","template":"","meta":[],"product_brand":[1015,1058],"product_cat":[344,348,434],"product_tag":[],"class_list":{"0":"post-37905","1":"product","2":"type-product","3":"status-publish","4":"has-post-thumbnail","6":"product_brand-populare","7":"product_brand-medicube-populare","8":"product_cat-skincare","9":"product_cat-soin-concentre","10":"product_cat-nouveautes","12":"first","13":"outofstock","14":"sale","15":"shipping-taxable","16":"purchasable","17":"product-type-simple"},"_links":{"self":[{"href":"https:\/\/gangnambeaute.com\/en\/wp-json\/wp\/v2\/product\/37905","targetHints":{"allow":["GET"]}}],"collection":[{"href":"https:\/\/gangnambeaute.com\/en\/wp-json\/wp\/v2\/product"}],"about":[{"href":"https:\/\/gangnambeaute.com\/en\/wp-json\/wp\/v2\/types\/product"}],"replies":[{"embeddable":true,"href":"https:\/\/gangnambeaute.com\/en\/wp-json\/wp\/v2\/comments?post=37905"}],"version-history":[{"count":2,"href":"https:\/\/gangnambeaute.com\/en\/wp-json\/wp\/v2\/product\/37905\/revisions"}],"predecessor-version":[{"id":42942,"href":"https:\/\/gangnambeaute.com\/en\/wp-json\/wp\/v2\/product\/37905\/revisions\/42942"}],"wp:featuredmedia":[{"embeddable":true,"href":"https:\/\/gangnambeaute.com\/en\/wp-json\/wp\/v2\/media\/44377"}],"wp:attachment":[{"href":"https:\/\/gangnambeaute.com\/en\/wp-json\/wp\/v2\/media?parent=37905"}],"wp:term":[{"taxonomy":"product_brand","embeddable":true,"href":"https:\/\/gangnambeaute.com\/en\/wp-json\/wp\/v2\/product_brand?post=37905"},{"taxonomy":"product_cat","embeddable":true,"href":"https:\/\/gangnambeaute.com\/en\/wp-json\/wp\/v2\/product_cat?post=37905"},{"taxonomy":"product_tag","embeddable":true,"href":"https:\/\/gangnambeaute.com\/en\/wp-json\/wp\/v2\/product_tag?post=37905"}],"curies":[{"name":"wp","href":"https:\/\/api.w.org\/{rel}","templated":true}]}}