{"id":37817,"date":"2026-01-23T16:20:31","date_gmt":"2026-01-23T16:20:31","guid":{"rendered":"https:\/\/gangnambeaute.com\/?post_type=product&#038;p=37817"},"modified":"2026-04-11T02:54:49","modified_gmt":"2026-04-11T02:54:49","slug":"medicube-zero-pore-serum-2-0-serum-visage-37ml","status":"publish","type":"product","link":"https:\/\/gangnambeaute.com\/en\/product\/medicube-zero-pore-serum-2-0-serum-visage-37ml\/","title":{"rendered":"Medicube &#8211; Zero Pore Serum 2.0 &#8211; Serum visage &#8211; 37ml"},"content":{"rendered":"<p><strong>Ce s\u00e9rum aux extraits de cam\u00e9lia et cannelle resserre visiblement les pores et r\u00e9gule l&rsquo;exc\u00e8s de s\u00e9bum pour une peau lisse et mate.<\/strong><\/p>","protected":false},"excerpt":{"rendered":"<p><strong>Appliquez 2 \u00e0 3 pompes sur votre\u00a0visage propre, en insistant sur la zone T, avant votre cr\u00e8me.<\/strong><\/p>","protected":false},"featured_media":41860,"comment_status":"open","ping_status":"closed","template":"","meta":[],"product_brand":[1015,1058],"product_cat":[344,348,368,434],"product_tag":[],"class_list":{"0":"post-37817","1":"product","2":"type-product","3":"status-publish","4":"has-post-thumbnail","6":"product_brand-populare","7":"product_brand-medicube-populare","8":"product_cat-skincare","9":"product_cat-soin-concentre","10":"product_cat-serums","11":"product_cat-nouveautes","13":"first","14":"outofstock","15":"sale","16":"shipping-taxable","17":"purchasable","18":"product-type-simple"},"_links":{"self":[{"href":"https:\/\/gangnambeaute.com\/en\/wp-json\/wp\/v2\/product\/37817","targetHints":{"allow":["GET"]}}],"collection":[{"href":"https:\/\/gangnambeaute.com\/en\/wp-json\/wp\/v2\/product"}],"about":[{"href":"https:\/\/gangnambeaute.com\/en\/wp-json\/wp\/v2\/types\/product"}],"replies":[{"embeddable":true,"href":"https:\/\/gangnambeaute.com\/en\/wp-json\/wp\/v2\/comments?post=37817"}],"version-history":[{"count":2,"href":"https:\/\/gangnambeaute.com\/en\/wp-json\/wp\/v2\/product\/37817\/revisions"}],"predecessor-version":[{"id":42949,"href":"https:\/\/gangnambeaute.com\/en\/wp-json\/wp\/v2\/product\/37817\/revisions\/42949"}],"wp:featuredmedia":[{"embeddable":true,"href":"https:\/\/gangnambeaute.com\/en\/wp-json\/wp\/v2\/media\/41860"}],"wp:attachment":[{"href":"https:\/\/gangnambeaute.com\/en\/wp-json\/wp\/v2\/media?parent=37817"}],"wp:term":[{"taxonomy":"product_brand","embeddable":true,"href":"https:\/\/gangnambeaute.com\/en\/wp-json\/wp\/v2\/product_brand?post=37817"},{"taxonomy":"product_cat","embeddable":true,"href":"https:\/\/gangnambeaute.com\/en\/wp-json\/wp\/v2\/product_cat?post=37817"},{"taxonomy":"product_tag","embeddable":true,"href":"https:\/\/gangnambeaute.com\/en\/wp-json\/wp\/v2\/product_tag?post=37817"}],"curies":[{"name":"wp","href":"https:\/\/api.w.org\/{rel}","templated":true}]}}