{"id":37810,"date":"2026-01-23T16:07:35","date_gmt":"2026-01-23T16:07:35","guid":{"rendered":"https:\/\/gangnambeaute.com\/?post_type=product&#038;p=37810"},"modified":"2026-04-24T13:48:54","modified_gmt":"2026-04-24T13:48:54","slug":"medicube-azelaic-acid-exosome-shot-7500-serum-visage-30ml","status":"publish","type":"product","link":"https:\/\/gangnambeaute.com\/en\/product\/medicube-azelaic-acid-exosome-shot-7500-serum-visage-30ml\/","title":{"rendered":"Medicube &#8211; Azelaic Acid Exosome Shot 7500 &#8211; Serum visage &#8211; 30ml"},"content":{"rendered":"<div class=\"Y3BBE\" data-sfc-cp=\"\" data-hveid=\"CAEIARAA\" data-complete=\"true\" data-processed=\"true\"><strong>Ce s\u00e9rum aux\u00a0exosomes\u00a0et \u00e0 l&rsquo;acide az\u00e9la\u00efque\u00a0apaise, purifie et unifie le teint tout en affinant le grain de peau. Enrichi en\u00a0niacinamide, il \u00e9quilibre l&rsquo;\u00e9piderme et offre un aspect plus clair et sain, le tout avec une formule test\u00e9e pour les peaux sensibles.<\/strong><\/div>\n<p>&nbsp;<\/p>\n<p>&nbsp;<\/p>","protected":false},"excerpt":{"rendered":"<p><strong>Appliquez une quantit\u00e9 appropri\u00e9e de s\u00e9rum sur le visage et faites-le p\u00e9n\u00e9trer en pressant l\u00e9g\u00e8rement avec la main pour un meilleur r\u00e9sultat, une fois tous les trois jours.<\/strong><\/p>","protected":false},"featured_media":44347,"comment_status":"open","ping_status":"closed","template":"","meta":[],"product_brand":[1015,1058],"product_cat":[344,348,368,434],"product_tag":[],"class_list":{"0":"post-37810","1":"product","2":"type-product","3":"status-publish","4":"has-post-thumbnail","6":"product_brand-populare","7":"product_brand-medicube-populare","8":"product_cat-skincare","9":"product_cat-soin-concentre","10":"product_cat-serums","11":"product_cat-nouveautes","13":"first","14":"instock","15":"sale","16":"shipping-taxable","17":"purchasable","18":"product-type-simple"},"_links":{"self":[{"href":"https:\/\/gangnambeaute.com\/en\/wp-json\/wp\/v2\/product\/37810","targetHints":{"allow":["GET"]}}],"collection":[{"href":"https:\/\/gangnambeaute.com\/en\/wp-json\/wp\/v2\/product"}],"about":[{"href":"https:\/\/gangnambeaute.com\/en\/wp-json\/wp\/v2\/types\/product"}],"replies":[{"embeddable":true,"href":"https:\/\/gangnambeaute.com\/en\/wp-json\/wp\/v2\/comments?post=37810"}],"version-history":[{"count":3,"href":"https:\/\/gangnambeaute.com\/en\/wp-json\/wp\/v2\/product\/37810\/revisions"}],"predecessor-version":[{"id":44334,"href":"https:\/\/gangnambeaute.com\/en\/wp-json\/wp\/v2\/product\/37810\/revisions\/44334"}],"wp:featuredmedia":[{"embeddable":true,"href":"https:\/\/gangnambeaute.com\/en\/wp-json\/wp\/v2\/media\/44347"}],"wp:attachment":[{"href":"https:\/\/gangnambeaute.com\/en\/wp-json\/wp\/v2\/media?parent=37810"}],"wp:term":[{"taxonomy":"product_brand","embeddable":true,"href":"https:\/\/gangnambeaute.com\/en\/wp-json\/wp\/v2\/product_brand?post=37810"},{"taxonomy":"product_cat","embeddable":true,"href":"https:\/\/gangnambeaute.com\/en\/wp-json\/wp\/v2\/product_cat?post=37810"},{"taxonomy":"product_tag","embeddable":true,"href":"https:\/\/gangnambeaute.com\/en\/wp-json\/wp\/v2\/product_tag?post=37810"}],"curies":[{"name":"wp","href":"https:\/\/api.w.org\/{rel}","templated":true}]}}