{"id":37725,"date":"2026-01-14T10:26:07","date_gmt":"2026-01-14T10:26:07","guid":{"rendered":"https:\/\/gangnambeaute.com\/?post_type=product&#038;p=37725"},"modified":"2026-04-24T15:50:22","modified_gmt":"2026-04-24T15:50:22","slug":"medicube-overnight-glow-mask-trio-masque-visage-exclusive-kit","status":"publish","type":"product","link":"https:\/\/gangnambeaute.com\/en\/product\/medicube-overnight-glow-mask-trio-masque-visage-exclusive-kit\/","title":{"rendered":"Medicube &#8211; Overnight Glow Mask Trio &#8211; Masque visage &#8211; Exclusive Kit"},"content":{"rendered":"<div class=\"Y3BBE\" data-sfc-cp=\"\" data-hveid=\"CAEIARAA\" data-complete=\"true\" data-processed=\"true\"><strong>Ce pack regroupe trois masques de nuit haute performance : le\u00a0Pink Caffeine\u00a0au PDRN et caf\u00e9ine pour d\u00e9gonfler et illuminer le teint, le\u00a0Collagen\u00a0pour booster l&rsquo;\u00e9lasticit\u00e9 et l&rsquo;hydratation profonde, et le\u00a0Kojic Acid Turmeric au curcuma et r\u00e9tinol pour unifier le teint et lisser les rides en seulement trois jours.<\/strong><\/div>","protected":false},"excerpt":{"rendered":"<p><strong>Appliquez le masque de votre choix en couche fine le soir, apr\u00e8s votre cr\u00e8me hydratante, laissez s\u00e9cher avant de dormir, puis retirez le film protecteur le lendemain matin en rin\u00e7ant \u00e0 l&rsquo;eau ti\u00e8de.<\/strong><\/p>","protected":false},"featured_media":44386,"comment_status":"open","ping_status":"closed","template":"","meta":[],"product_brand":[1015,1058],"product_cat":[344,348,355,385,431,434,436,438],"product_tag":[],"class_list":{"0":"post-37725","1":"product","2":"type-product","3":"status-publish","4":"has-post-thumbnail","6":"product_brand-populare","7":"product_brand-medicube-populare","8":"product_cat-skincare","9":"product_cat-soin-concentre","10":"product_cat-masques","11":"product_cat-masques-de-sommeil","12":"product_cat-offres","13":"product_cat-nouveautes","14":"product_cat-kits-coffrets","15":"product_cat-selection-dexperts-de-gangnam","17":"first","18":"outofstock","19":"sale","20":"shipping-taxable","21":"purchasable","22":"product-type-simple"},"_links":{"self":[{"href":"https:\/\/gangnambeaute.com\/en\/wp-json\/wp\/v2\/product\/37725","targetHints":{"allow":["GET"]}}],"collection":[{"href":"https:\/\/gangnambeaute.com\/en\/wp-json\/wp\/v2\/product"}],"about":[{"href":"https:\/\/gangnambeaute.com\/en\/wp-json\/wp\/v2\/types\/product"}],"replies":[{"embeddable":true,"href":"https:\/\/gangnambeaute.com\/en\/wp-json\/wp\/v2\/comments?post=37725"}],"version-history":[{"count":2,"href":"https:\/\/gangnambeaute.com\/en\/wp-json\/wp\/v2\/product\/37725\/revisions"}],"predecessor-version":[{"id":42768,"href":"https:\/\/gangnambeaute.com\/en\/wp-json\/wp\/v2\/product\/37725\/revisions\/42768"}],"wp:featuredmedia":[{"embeddable":true,"href":"https:\/\/gangnambeaute.com\/en\/wp-json\/wp\/v2\/media\/44386"}],"wp:attachment":[{"href":"https:\/\/gangnambeaute.com\/en\/wp-json\/wp\/v2\/media?parent=37725"}],"wp:term":[{"taxonomy":"product_brand","embeddable":true,"href":"https:\/\/gangnambeaute.com\/en\/wp-json\/wp\/v2\/product_brand?post=37725"},{"taxonomy":"product_cat","embeddable":true,"href":"https:\/\/gangnambeaute.com\/en\/wp-json\/wp\/v2\/product_cat?post=37725"},{"taxonomy":"product_tag","embeddable":true,"href":"https:\/\/gangnambeaute.com\/en\/wp-json\/wp\/v2\/product_tag?post=37725"}],"curies":[{"name":"wp","href":"https:\/\/api.w.org\/{rel}","templated":true}]}}