{"id":37693,"date":"2026-01-13T11:39:58","date_gmt":"2026-01-13T11:39:58","guid":{"rendered":"https:\/\/gangnambeaute.com\/?post_type=product&#038;p=37693"},"modified":"2026-04-27T11:08:32","modified_gmt":"2026-04-27T11:08:32","slug":"medicube-glow-repair-duo-serum-visage-exclusive-kit","status":"publish","type":"product","link":"https:\/\/gangnambeaute.com\/en\/product\/medicube-glow-repair-duo-serum-visage-exclusive-kit\/","title":{"rendered":"Medicube &#8211; Glow Repair Duo &#8211; S\u00e9rum visage &#8211; Exclusive Kit"},"content":{"rendered":"<p><strong>Ce pack au PDRN de saumon et \u00e0 l&rsquo;acide kojique associe une ampoule r\u00e9g\u00e9n\u00e9rante qui booste l&rsquo;\u00e9lasticit\u00e9 et r\u00e9pare la barri\u00e8re cutan\u00e9e \u00e0 un s\u00e9rum \u00e9claircissant qui estompe les taches et unifie le teint gr\u00e2ce au curcuma et \u00e0 la niacinamide. En deux semaines, votre peau est visiblement plus ferme, plus nette et intens\u00e9ment hydrat\u00e9e sans aucun fini collant.<\/strong><\/p>","protected":false},"excerpt":{"rendered":"<div class=\"Y3BBE\" data-sfc-cp=\"\" data-hveid=\"CAEIARAA\" data-complete=\"true\" data-processed=\"true\"><strong>Appliquez d&rsquo;abord le\u00a0s\u00e9rum \u00e0 l&rsquo;acide kojique\u00a0pour cibler les taches et unifier votre teint, puis utilisez l&rsquo;ampoule au PDRN pour raffermir la peau et sceller l&rsquo;hydratation.<\/strong><\/div>","protected":false},"featured_media":44409,"comment_status":"open","ping_status":"closed","template":"","meta":[],"product_brand":[1058,1015],"product_cat":[344,348,368,431,434,436,438],"product_tag":[],"class_list":{"0":"post-37693","1":"product","2":"type-product","3":"status-publish","4":"has-post-thumbnail","6":"product_brand-medicube-populare","7":"product_brand-populare","8":"product_cat-skincare","9":"product_cat-soin-concentre","10":"product_cat-serums","11":"product_cat-offres","12":"product_cat-nouveautes","13":"product_cat-kits-coffrets","14":"product_cat-selection-dexperts-de-gangnam","16":"first","17":"outofstock","18":"sale","19":"shipping-taxable","20":"purchasable","21":"product-type-simple"},"_links":{"self":[{"href":"https:\/\/gangnambeaute.com\/en\/wp-json\/wp\/v2\/product\/37693","targetHints":{"allow":["GET"]}}],"collection":[{"href":"https:\/\/gangnambeaute.com\/en\/wp-json\/wp\/v2\/product"}],"about":[{"href":"https:\/\/gangnambeaute.com\/en\/wp-json\/wp\/v2\/types\/product"}],"replies":[{"embeddable":true,"href":"https:\/\/gangnambeaute.com\/en\/wp-json\/wp\/v2\/comments?post=37693"}],"version-history":[{"count":2,"href":"https:\/\/gangnambeaute.com\/en\/wp-json\/wp\/v2\/product\/37693\/revisions"}],"predecessor-version":[{"id":42773,"href":"https:\/\/gangnambeaute.com\/en\/wp-json\/wp\/v2\/product\/37693\/revisions\/42773"}],"wp:featuredmedia":[{"embeddable":true,"href":"https:\/\/gangnambeaute.com\/en\/wp-json\/wp\/v2\/media\/44409"}],"wp:attachment":[{"href":"https:\/\/gangnambeaute.com\/en\/wp-json\/wp\/v2\/media?parent=37693"}],"wp:term":[{"taxonomy":"product_brand","embeddable":true,"href":"https:\/\/gangnambeaute.com\/en\/wp-json\/wp\/v2\/product_brand?post=37693"},{"taxonomy":"product_cat","embeddable":true,"href":"https:\/\/gangnambeaute.com\/en\/wp-json\/wp\/v2\/product_cat?post=37693"},{"taxonomy":"product_tag","embeddable":true,"href":"https:\/\/gangnambeaute.com\/en\/wp-json\/wp\/v2\/product_tag?post=37693"}],"curies":[{"name":"wp","href":"https:\/\/api.w.org\/{rel}","templated":true}]}}