{"id":37597,"date":"2026-01-06T10:26:45","date_gmt":"2026-01-06T10:26:45","guid":{"rendered":"https:\/\/gangnambeaute.com\/?post_type=product&#038;p=37597"},"modified":"2026-04-27T10:50:31","modified_gmt":"2026-04-27T10:50:31","slug":"medicube-pdrn-pink-collagen-gel-mask-set-masque-gel-4-pieces","status":"publish","type":"product","link":"https:\/\/gangnambeaute.com\/en\/product\/medicube-pdrn-pink-collagen-gel-mask-set-masque-gel-4-pieces\/","title":{"rendered":"Medicube &#8211; PDRN Pink Collagen Gel Mask Set &#8211; Masque gel &#8211; 4 pieces"},"content":{"rendered":"<p>&nbsp;<\/p>\n<p><strong>Ce masque-gel au PDRN de saumon et au collag\u00e8ne booste instantan\u00e9ment l&rsquo;hydratation de 79,7 % et l&rsquo;\u00e9lasticit\u00e9 de la peau d\u00e8s la premi\u00e8re utilisation. Sa formule r\u00e9paratrice offre un effet liftant imm\u00e9diat et rafra\u00eechit la peau pour un teint plus lisse et unifi\u00e9.<\/strong><\/p>\n<p>&nbsp;<\/p>","protected":false},"excerpt":{"rendered":"<div class=\"Y3BBE\" data-sfc-cp=\"\" data-hveid=\"CAEIARAA\" data-processed=\"true\" data-complete=\"true\"><strong>Appliquez le masque sur votre visage propre et laissez agir pendant\u00a020 \u00e0 30 minutes pour permettre aux actifs de p\u00e9n\u00e9trer, puis retirez-le et tapotez doucement l&rsquo;exc\u00e9dent.<\/strong><\/div>","protected":false},"featured_media":44402,"comment_status":"open","ping_status":"closed","template":"","meta":[],"product_brand":[1015,1058],"product_cat":[344,348,355,384],"product_tag":[],"class_list":{"0":"post-37597","1":"product","2":"type-product","3":"status-publish","4":"has-post-thumbnail","6":"product_brand-populare","7":"product_brand-medicube-populare","8":"product_cat-skincare","9":"product_cat-soin-concentre","10":"product_cat-masques","11":"product_cat-masques-en-feuille","13":"first","14":"outofstock","15":"sale","16":"shipping-taxable","17":"purchasable","18":"product-type-simple"},"_links":{"self":[{"href":"https:\/\/gangnambeaute.com\/en\/wp-json\/wp\/v2\/product\/37597","targetHints":{"allow":["GET"]}}],"collection":[{"href":"https:\/\/gangnambeaute.com\/en\/wp-json\/wp\/v2\/product"}],"about":[{"href":"https:\/\/gangnambeaute.com\/en\/wp-json\/wp\/v2\/types\/product"}],"replies":[{"embeddable":true,"href":"https:\/\/gangnambeaute.com\/en\/wp-json\/wp\/v2\/comments?post=37597"}],"version-history":[{"count":3,"href":"https:\/\/gangnambeaute.com\/en\/wp-json\/wp\/v2\/product\/37597\/revisions"}],"predecessor-version":[{"id":42788,"href":"https:\/\/gangnambeaute.com\/en\/wp-json\/wp\/v2\/product\/37597\/revisions\/42788"}],"wp:featuredmedia":[{"embeddable":true,"href":"https:\/\/gangnambeaute.com\/en\/wp-json\/wp\/v2\/media\/44402"}],"wp:attachment":[{"href":"https:\/\/gangnambeaute.com\/en\/wp-json\/wp\/v2\/media?parent=37597"}],"wp:term":[{"taxonomy":"product_brand","embeddable":true,"href":"https:\/\/gangnambeaute.com\/en\/wp-json\/wp\/v2\/product_brand?post=37597"},{"taxonomy":"product_cat","embeddable":true,"href":"https:\/\/gangnambeaute.com\/en\/wp-json\/wp\/v2\/product_cat?post=37597"},{"taxonomy":"product_tag","embeddable":true,"href":"https:\/\/gangnambeaute.com\/en\/wp-json\/wp\/v2\/product_tag?post=37597"}],"curies":[{"name":"wp","href":"https:\/\/api.w.org\/{rel}","templated":true}]}}